{"id":2241,"date":"2024-01-11T17:25:55","date_gmt":"2024-01-11T16:25:55","guid":{"rendered":"https:\/\/immobilierami.com\/?page_id=2241"},"modified":"2024-01-11T17:27:43","modified_gmt":"2024-01-11T16:27:43","slug":"wefak-appt","status":"publish","type":"page","link":"https:\/\/immobilierami.com\/index.php\/wefak-appt\/","title":{"rendered":"wefak appt"},"content":{"rendered":"\t\t<div data-elementor-type=\"wp-page\" data-elementor-id=\"2241\" class=\"elementor elementor-2241\">\n\t\t\t\t\t\t<section class=\"elementor-section elementor-top-section elementor-element elementor-element-4dd8f89 elementor-section-boxed elementor-section-height-default elementor-section-height-default\" data-id=\"4dd8f89\" data-element_type=\"section\">\n\t\t\t\t\t\t<div class=\"elementor-container elementor-column-gap-default\">\n\t\t\t\t\t<div class=\"elementor-column elementor-col-33 elementor-top-column elementor-element elementor-element-b89e8b5\" data-id=\"b89e8b5\" data-element_type=\"column\">\n\t\t\t<div class=\"elementor-widget-wrap elementor-element-populated\">\n\t\t\t\t\t\t<div class=\"elementor-element elementor-element-c1a3049 elementor-widget elementor-widget-image\" data-id=\"c1a3049\" data-element_type=\"widget\" data-widget_type=\"image.default\">\n\t\t\t\t<div class=\"elementor-widget-container\">\n\t\t\t\t\t\t\t\t\t\t\t\t\t\t\t<img fetchpriority=\"high\" decoding=\"async\" width=\"1600\" height=\"737\" src=\"https:\/\/immobilierami.com\/wp-content\/uploads\/2024\/01\/WhatsApp-Image-2024-01-06-at-18.25.49-3.jpeg\" class=\"attachment-full size-full wp-image-2245\" alt=\"\" srcset=\"https:\/\/immobilierami.com\/wp-content\/uploads\/2024\/01\/WhatsApp-Image-2024-01-06-at-18.25.49-3.jpeg 1600w, https:\/\/immobilierami.com\/wp-content\/uploads\/2024\/01\/WhatsApp-Image-2024-01-06-at-18.25.49-3-300x138.jpeg 300w, https:\/\/immobilierami.com\/wp-content\/uploads\/2024\/01\/WhatsApp-Image-2024-01-06-at-18.25.49-3-1024x472.jpeg 1024w, https:\/\/immobilierami.com\/wp-content\/uploads\/2024\/01\/WhatsApp-Image-2024-01-06-at-18.25.49-3-768x354.jpeg 768w, https:\/\/immobilierami.com\/wp-content\/uploads\/2024\/01\/WhatsApp-Image-2024-01-06-at-18.25.49-3-1536x708.jpeg 1536w\" sizes=\"(max-width: 1600px) 100vw, 1600px\" \/>\t\t\t\t\t\t\t\t\t\t\t\t\t\t\t<\/div>\n\t\t\t\t<\/div>\n\t\t\t\t\t<\/div>\n\t\t<\/div>\n\t\t\t\t<div class=\"elementor-column elementor-col-33 elementor-top-column elementor-element elementor-element-1a20834\" data-id=\"1a20834\" data-element_type=\"column\">\n\t\t\t<div class=\"elementor-widget-wrap elementor-element-populated\">\n\t\t\t\t\t\t<div class=\"elementor-element elementor-element-626c10c elementor-widget elementor-widget-image\" data-id=\"626c10c\" data-element_type=\"widget\" data-widget_type=\"image.default\">\n\t\t\t\t<div class=\"elementor-widget-container\">\n\t\t\t\t\t\t\t\t\t\t\t\t\t\t\t<img decoding=\"async\" width=\"1024\" height=\"472\" src=\"https:\/\/immobilierami.com\/wp-content\/uploads\/2024\/01\/WhatsApp-Image-2024-01-06-at-18.25.49-2-1024x472.jpeg\" class=\"attachment-large size-large wp-image-2244\" alt=\"\" srcset=\"https:\/\/immobilierami.com\/wp-content\/uploads\/2024\/01\/WhatsApp-Image-2024-01-06-at-18.25.49-2-1024x472.jpeg 1024w, https:\/\/immobilierami.com\/wp-content\/uploads\/2024\/01\/WhatsApp-Image-2024-01-06-at-18.25.49-2-300x138.jpeg 300w, https:\/\/immobilierami.com\/wp-content\/uploads\/2024\/01\/WhatsApp-Image-2024-01-06-at-18.25.49-2-768x354.jpeg 768w, https:\/\/immobilierami.com\/wp-content\/uploads\/2024\/01\/WhatsApp-Image-2024-01-06-at-18.25.49-2-1536x708.jpeg 1536w, https:\/\/immobilierami.com\/wp-content\/uploads\/2024\/01\/WhatsApp-Image-2024-01-06-at-18.25.49-2.jpeg 1600w\" sizes=\"(max-width: 1024px) 100vw, 1024px\" \/>\t\t\t\t\t\t\t\t\t\t\t\t\t\t\t<\/div>\n\t\t\t\t<\/div>\n\t\t\t\t\t<\/div>\n\t\t<\/div>\n\t\t\t\t<div class=\"elementor-column elementor-col-33 elementor-top-column elementor-element elementor-element-6198e4b\" data-id=\"6198e4b\" data-element_type=\"column\">\n\t\t\t<div class=\"elementor-widget-wrap elementor-element-populated\">\n\t\t\t\t\t\t<div class=\"elementor-element elementor-element-7601d8d elementor-widget elementor-widget-image\" data-id=\"7601d8d\" data-element_type=\"widget\" data-widget_type=\"image.default\">\n\t\t\t\t<div class=\"elementor-widget-container\">\n\t\t\t\t\t\t\t\t\t\t\t\t\t\t\t<img decoding=\"async\" width=\"1024\" height=\"473\" src=\"https:\/\/immobilierami.com\/wp-content\/uploads\/2024\/01\/WhatsApp-Image-2024-01-06-at-18.25.49-1024x473.jpeg\" class=\"attachment-large size-large wp-image-2246\" alt=\"\" srcset=\"https:\/\/immobilierami.com\/wp-content\/uploads\/2024\/01\/WhatsApp-Image-2024-01-06-at-18.25.49-1024x473.jpeg 1024w, https:\/\/immobilierami.com\/wp-content\/uploads\/2024\/01\/WhatsApp-Image-2024-01-06-at-18.25.49-300x139.jpeg 300w, https:\/\/immobilierami.com\/wp-content\/uploads\/2024\/01\/WhatsApp-Image-2024-01-06-at-18.25.49-768x355.jpeg 768w, https:\/\/immobilierami.com\/wp-content\/uploads\/2024\/01\/WhatsApp-Image-2024-01-06-at-18.25.49-1536x709.jpeg 1536w, https:\/\/immobilierami.com\/wp-content\/uploads\/2024\/01\/WhatsApp-Image-2024-01-06-at-18.25.49.jpeg 1600w\" sizes=\"(max-width: 1024px) 100vw, 1024px\" \/>\t\t\t\t\t\t\t\t\t\t\t\t\t\t\t<\/div>\n\t\t\t\t<\/div>\n\t\t\t\t\t<\/div>\n\t\t<\/div>\n\t\t\t\t\t<\/div>\n\t\t<\/section>\n\t\t\t\t<section class=\"elementor-section elementor-top-section elementor-element elementor-element-e0d1c53 elementor-section-boxed elementor-section-height-default elementor-section-height-default\" data-id=\"e0d1c53\" data-element_type=\"section\">\n\t\t\t\t\t\t<div class=\"elementor-container elementor-column-gap-default\">\n\t\t\t\t\t<div class=\"elementor-column elementor-col-33 elementor-top-column elementor-element elementor-element-94af64f\" data-id=\"94af64f\" data-element_type=\"column\">\n\t\t\t<div class=\"elementor-widget-wrap elementor-element-populated\">\n\t\t\t\t\t\t<div class=\"elementor-element elementor-element-8f0e77f elementor-widget elementor-widget-image\" data-id=\"8f0e77f\" data-element_type=\"widget\" data-widget_type=\"image.default\">\n\t\t\t\t<div class=\"elementor-widget-container\">\n\t\t\t\t\t\t\t\t\t\t\t\t\t\t\t<img loading=\"lazy\" decoding=\"async\" width=\"1024\" height=\"472\" src=\"https:\/\/immobilierami.com\/wp-content\/uploads\/2024\/01\/WhatsApp-Image-2024-01-06-at-18.25.50-1-1024x472.jpeg\" class=\"attachment-large size-large wp-image-2247\" alt=\"\" srcset=\"https:\/\/immobilierami.com\/wp-content\/uploads\/2024\/01\/WhatsApp-Image-2024-01-06-at-18.25.50-1-1024x472.jpeg 1024w, https:\/\/immobilierami.com\/wp-content\/uploads\/2024\/01\/WhatsApp-Image-2024-01-06-at-18.25.50-1-300x138.jpeg 300w, https:\/\/immobilierami.com\/wp-content\/uploads\/2024\/01\/WhatsApp-Image-2024-01-06-at-18.25.50-1-768x354.jpeg 768w, https:\/\/immobilierami.com\/wp-content\/uploads\/2024\/01\/WhatsApp-Image-2024-01-06-at-18.25.50-1-1536x708.jpeg 1536w, https:\/\/immobilierami.com\/wp-content\/uploads\/2024\/01\/WhatsApp-Image-2024-01-06-at-18.25.50-1.jpeg 1600w\" sizes=\"(max-width: 1024px) 100vw, 1024px\" \/>\t\t\t\t\t\t\t\t\t\t\t\t\t\t\t<\/div>\n\t\t\t\t<\/div>\n\t\t\t\t\t<\/div>\n\t\t<\/div>\n\t\t\t\t<div class=\"elementor-column elementor-col-33 elementor-top-column elementor-element elementor-element-0aec642\" data-id=\"0aec642\" data-element_type=\"column\">\n\t\t\t<div class=\"elementor-widget-wrap elementor-element-populated\">\n\t\t\t\t\t\t<div class=\"elementor-element elementor-element-d53f02a elementor-widget elementor-widget-image\" data-id=\"d53f02a\" data-element_type=\"widget\" data-widget_type=\"image.default\">\n\t\t\t\t<div class=\"elementor-widget-container\">\n\t\t\t\t\t\t\t\t\t\t\t\t\t\t\t<img loading=\"lazy\" decoding=\"async\" width=\"1024\" height=\"472\" src=\"https:\/\/immobilierami.com\/wp-content\/uploads\/2024\/01\/WhatsApp-Image-2024-01-06-at-18.25.50-2-1024x472.jpeg\" class=\"attachment-large size-large wp-image-2248\" alt=\"\" srcset=\"https:\/\/immobilierami.com\/wp-content\/uploads\/2024\/01\/WhatsApp-Image-2024-01-06-at-18.25.50-2-1024x472.jpeg 1024w, https:\/\/immobilierami.com\/wp-content\/uploads\/2024\/01\/WhatsApp-Image-2024-01-06-at-18.25.50-2-300x138.jpeg 300w, https:\/\/immobilierami.com\/wp-content\/uploads\/2024\/01\/WhatsApp-Image-2024-01-06-at-18.25.50-2-768x354.jpeg 768w, https:\/\/immobilierami.com\/wp-content\/uploads\/2024\/01\/WhatsApp-Image-2024-01-06-at-18.25.50-2-1536x708.jpeg 1536w, https:\/\/immobilierami.com\/wp-content\/uploads\/2024\/01\/WhatsApp-Image-2024-01-06-at-18.25.50-2.jpeg 1600w\" sizes=\"(max-width: 1024px) 100vw, 1024px\" \/>\t\t\t\t\t\t\t\t\t\t\t\t\t\t\t<\/div>\n\t\t\t\t<\/div>\n\t\t\t\t\t<\/div>\n\t\t<\/div>\n\t\t\t\t<div class=\"elementor-column elementor-col-33 elementor-top-column elementor-element elementor-element-0c8ad7a\" data-id=\"0c8ad7a\" data-element_type=\"column\">\n\t\t\t<div class=\"elementor-widget-wrap elementor-element-populated\">\n\t\t\t\t\t\t<div class=\"elementor-element elementor-element-2dc859e elementor-widget elementor-widget-image\" data-id=\"2dc859e\" data-element_type=\"widget\" data-widget_type=\"image.default\">\n\t\t\t\t<div class=\"elementor-widget-container\">\n\t\t\t\t\t\t\t\t\t\t\t\t\t\t\t<img loading=\"lazy\" decoding=\"async\" width=\"473\" height=\"1024\" src=\"https:\/\/immobilierami.com\/wp-content\/uploads\/2024\/01\/WhatsApp-Image-2024-01-06-at-18.25.49-1-473x1024.jpeg\" class=\"attachment-large size-large wp-image-2249\" alt=\"\" srcset=\"https:\/\/immobilierami.com\/wp-content\/uploads\/2024\/01\/WhatsApp-Image-2024-01-06-at-18.25.49-1-473x1024.jpeg 473w, https:\/\/immobilierami.com\/wp-content\/uploads\/2024\/01\/WhatsApp-Image-2024-01-06-at-18.25.49-1-139x300.jpeg 139w, https:\/\/immobilierami.com\/wp-content\/uploads\/2024\/01\/WhatsApp-Image-2024-01-06-at-18.25.49-1-709x1536.jpeg 709w, https:\/\/immobilierami.com\/wp-content\/uploads\/2024\/01\/WhatsApp-Image-2024-01-06-at-18.25.49-1.jpeg 739w\" sizes=\"(max-width: 473px) 100vw, 473px\" \/>\t\t\t\t\t\t\t\t\t\t\t\t\t\t\t<\/div>\n\t\t\t\t<\/div>\n\t\t\t\t\t<\/div>\n\t\t<\/div>\n\t\t\t\t\t<\/div>\n\t\t<\/section>\n\t\t\t\t<section class=\"elementor-section elementor-top-section elementor-element elementor-element-24fe920 elementor-section-boxed elementor-section-height-default elementor-section-height-default\" data-id=\"24fe920\" data-element_type=\"section\">\n\t\t\t\t\t\t<div class=\"elementor-container elementor-column-gap-default\">\n\t\t\t\t\t<div class=\"elementor-column elementor-col-100 elementor-top-column elementor-element elementor-element-c694ed9\" data-id=\"c694ed9\" data-element_type=\"column\">\n\t\t\t<div class=\"elementor-widget-wrap elementor-element-populated\">\n\t\t\t\t\t\t<div class=\"elementor-element elementor-element-52ae4f3 elementor-widget elementor-widget-spacer\" data-id=\"52ae4f3\" data-element_type=\"widget\" data-widget_type=\"spacer.default\">\n\t\t\t\t<div class=\"elementor-widget-container\">\n\t\t\t\t\t\t\t<div class=\"elementor-spacer\">\n\t\t\t<div class=\"elementor-spacer-inner\"><\/div>\n\t\t<\/div>\n\t\t\t\t\t\t<\/div>\n\t\t\t\t<\/div>\n\t\t\t\t\t<\/div>\n\t\t<\/div>\n\t\t\t\t\t<\/div>\n\t\t<\/section>\n\t\t\t\t<section class=\"elementor-section elementor-top-section elementor-element elementor-element-d9b956f elementor-section-boxed elementor-section-height-default elementor-section-height-default\" data-id=\"d9b956f\" data-element_type=\"section\">\n\t\t\t\t\t\t<div class=\"elementor-container elementor-column-gap-default\">\n\t\t\t\t\t<div class=\"elementor-column elementor-col-100 elementor-top-column elementor-element elementor-element-dc3bdaa\" data-id=\"dc3bdaa\" data-element_type=\"column\">\n\t\t\t<div class=\"elementor-widget-wrap elementor-element-populated\">\n\t\t\t\t\t\t<div class=\"elementor-element elementor-element-0e6e0c8 elementor-widget elementor-widget-heading\" data-id=\"0e6e0c8\" data-element_type=\"widget\" data-widget_type=\"heading.default\">\n\t\t\t\t<div class=\"elementor-widget-container\">\n\t\t\t\t\t<h3 class=\"elementor-heading-title elementor-size-default\">Description<\/h3>\t\t\t\t<\/div>\n\t\t\t\t<\/div>\n\t\t\t\t<div class=\"elementor-element elementor-element-64cb610 elementor-widget elementor-widget-text-editor\" data-id=\"64cb610\" data-element_type=\"widget\" data-widget_type=\"text-editor.default\">\n\t\t\t\t<div class=\"elementor-widget-container\">\n\t\t\t\t\t\t\t\t\t<p>Apparemment a vendre sur temara\u00a0 ou 2\u00e8me \u00e9tage\u00a0 Superficie du 63m a hay al wefak :<\/p><p>r\u00e9sidence ferm\u00e9e-s\u00e9curis\u00e9<\/p><p>. Garage Sous-sol<br \/>. 2 Chambres Avec placard<br \/>. Salon<br \/>. Holle<br \/>. Cuisine\u00a0<br \/>.\u00a0 Douche WC<\/p><p>Pour plus de renseignement Contactez votre agence immobili\u00e8re<\/p><p>immobilier ami<\/p>\t\t\t\t\t\t\t\t<\/div>\n\t\t\t\t<\/div>\n\t\t\t\t\t<\/div>\n\t\t<\/div>\n\t\t\t\t\t<\/div>\n\t\t<\/section>\n\t\t\t\t<\/div>\n\t\t","protected":false},"excerpt":{"rendered":"<p>Description Apparemment a vendre sur temara\u00a0 ou 2\u00e8me \u00e9tage\u00a0 Superficie du 63m a hay al wefak : r\u00e9sidence ferm\u00e9e-s\u00e9curis\u00e9 . [&hellip;]<\/p>\n","protected":false},"author":1,"featured_media":0,"parent":0,"menu_order":0,"comment_status":"closed","ping_status":"closed","template":"","meta":{"site-sidebar-layout":"no-sidebar","site-content-layout":"page-builder","ast-site-content-layout":"","site-content-style":"default","site-sidebar-style":"default","ast-global-header-display":"","ast-banner-title-visibility":"","ast-main-header-display":"","ast-hfb-above-header-display":"","ast-hfb-below-header-display":"","ast-hfb-mobile-header-display":"","site-post-title":"disabled","ast-breadcrumbs-content":"","ast-featured-img":"disabled","footer-sml-layout":"","theme-transparent-header-meta":"","adv-header-id-meta":"","stick-header-meta":"","header-above-stick-meta":"","header-main-stick-meta":"","header-below-stick-meta":"","astra-migrate-meta-layouts":"default","ast-page-background-enabled":"default","ast-page-background-meta":{"desktop":{"background-color":"","background-image":"","background-repeat":"repeat","background-position":"center center","background-size":"auto","background-attachment":"scroll","background-type":"","background-media":"","overlay-type":"","overlay-color":"","overlay-gradient":""},"tablet":{"background-color":"","background-image":"","background-repeat":"repeat","background-position":"center center","background-size":"auto","background-attachment":"scroll","background-type":"","background-media":"","overlay-type":"","overlay-color":"","overlay-gradient":""},"mobile":{"background-color":"","background-image":"","background-repeat":"repeat","background-position":"center center","background-size":"auto","background-attachment":"scroll","background-type":"","background-media":"","overlay-type":"","overlay-color":"","overlay-gradient":""}},"ast-content-background-meta":{"desktop":{"background-color":"var(--ast-global-color-5)","background-image":"","background-repeat":"repeat","background-position":"center center","background-size":"auto","background-attachment":"scroll","background-type":"","background-media":"","overlay-type":"","overlay-color":"","overlay-gradient":""},"tablet":{"background-color":"var(--ast-global-color-5)","background-image":"","background-repeat":"repeat","background-position":"center center","background-size":"auto","background-attachment":"scroll","background-type":"","background-media":"","overlay-type":"","overlay-color":"","overlay-gradient":""},"mobile":{"background-color":"var(--ast-global-color-5)","background-image":"","background-repeat":"repeat","background-position":"center center","background-size":"auto","background-attachment":"scroll","background-type":"","background-media":"","overlay-type":"","overlay-color":"","overlay-gradient":""}},"_joinchat":[],"footnotes":""},"class_list":["post-2241","page","type-page","status-publish","hentry"],"_links":{"self":[{"href":"https:\/\/immobilierami.com\/index.php\/wp-json\/wp\/v2\/pages\/2241","targetHints":{"allow":["GET"]}}],"collection":[{"href":"https:\/\/immobilierami.com\/index.php\/wp-json\/wp\/v2\/pages"}],"about":[{"href":"https:\/\/immobilierami.com\/index.php\/wp-json\/wp\/v2\/types\/page"}],"author":[{"embeddable":true,"href":"https:\/\/immobilierami.com\/index.php\/wp-json\/wp\/v2\/users\/1"}],"replies":[{"embeddable":true,"href":"https:\/\/immobilierami.com\/index.php\/wp-json\/wp\/v2\/comments?post=2241"}],"version-history":[{"count":7,"href":"https:\/\/immobilierami.com\/index.php\/wp-json\/wp\/v2\/pages\/2241\/revisions"}],"predecessor-version":[{"id":2255,"href":"https:\/\/immobilierami.com\/index.php\/wp-json\/wp\/v2\/pages\/2241\/revisions\/2255"}],"wp:attachment":[{"href":"https:\/\/immobilierami.com\/index.php\/wp-json\/wp\/v2\/media?parent=2241"}],"curies":[{"name":"wp","href":"https:\/\/api.w.org\/{rel}","templated":true}]}}