{"id":2194,"date":"2023-12-30T10:11:24","date_gmt":"2023-12-30T09:11:24","guid":{"rendered":"https:\/\/immobilierami.com\/?page_id=2194"},"modified":"2023-12-30T10:16:25","modified_gmt":"2023-12-30T09:16:25","slug":"allal-bh-mag-a-vendre","status":"publish","type":"page","link":"https:\/\/immobilierami.com\/index.php\/allal-bh-mag-a-vendre\/","title":{"rendered":"allal bh mag a vendre"},"content":{"rendered":"\t\t<div data-elementor-type=\"wp-page\" data-elementor-id=\"2194\" class=\"elementor elementor-2194\">\n\t\t\t\t\t\t<section class=\"elementor-section elementor-top-section elementor-element elementor-element-e936d52 elementor-section-boxed elementor-section-height-default elementor-section-height-default\" data-id=\"e936d52\" data-element_type=\"section\">\n\t\t\t\t\t\t<div class=\"elementor-container elementor-column-gap-default\">\n\t\t\t\t\t<div class=\"elementor-column elementor-col-33 elementor-top-column elementor-element elementor-element-a22ca96\" data-id=\"a22ca96\" data-element_type=\"column\">\n\t\t\t<div class=\"elementor-widget-wrap elementor-element-populated\">\n\t\t\t\t\t\t<div class=\"elementor-element elementor-element-3b747ed elementor-widget elementor-widget-image\" data-id=\"3b747ed\" data-element_type=\"widget\" data-widget_type=\"image.default\">\n\t\t\t\t<div class=\"elementor-widget-container\">\n\t\t\t\t\t\t\t\t\t\t\t\t\t\t\t<img fetchpriority=\"high\" decoding=\"async\" width=\"768\" height=\"1024\" src=\"https:\/\/immobilierami.com\/wp-content\/uploads\/2023\/12\/WhatsApp-Image-2023-12-27-at-12.24.27-1-1-768x1024.jpeg\" class=\"attachment-large size-large wp-image-2199\" alt=\"\" srcset=\"https:\/\/immobilierami.com\/wp-content\/uploads\/2023\/12\/WhatsApp-Image-2023-12-27-at-12.24.27-1-1-768x1024.jpeg 768w, https:\/\/immobilierami.com\/wp-content\/uploads\/2023\/12\/WhatsApp-Image-2023-12-27-at-12.24.27-1-1-225x300.jpeg 225w, https:\/\/immobilierami.com\/wp-content\/uploads\/2023\/12\/WhatsApp-Image-2023-12-27-at-12.24.27-1-1-1152x1536.jpeg 1152w, https:\/\/immobilierami.com\/wp-content\/uploads\/2023\/12\/WhatsApp-Image-2023-12-27-at-12.24.27-1-1.jpeg 1200w\" sizes=\"(max-width: 768px) 100vw, 768px\" \/>\t\t\t\t\t\t\t\t\t\t\t\t\t\t\t<\/div>\n\t\t\t\t<\/div>\n\t\t\t\t\t<\/div>\n\t\t<\/div>\n\t\t\t\t<div class=\"elementor-column elementor-col-33 elementor-top-column elementor-element elementor-element-98670a3\" data-id=\"98670a3\" data-element_type=\"column\">\n\t\t\t<div class=\"elementor-widget-wrap elementor-element-populated\">\n\t\t\t\t\t\t<div class=\"elementor-element elementor-element-248215f elementor-widget elementor-widget-image\" data-id=\"248215f\" data-element_type=\"widget\" data-widget_type=\"image.default\">\n\t\t\t\t<div class=\"elementor-widget-container\">\n\t\t\t\t\t\t\t\t\t\t\t\t\t\t\t<img decoding=\"async\" width=\"1024\" height=\"768\" src=\"https:\/\/immobilierami.com\/wp-content\/uploads\/2023\/12\/WhatsApp-Image-2023-12-27-at-12.24.38-1024x768.jpeg\" class=\"attachment-large size-large wp-image-2169\" alt=\"\" srcset=\"https:\/\/immobilierami.com\/wp-content\/uploads\/2023\/12\/WhatsApp-Image-2023-12-27-at-12.24.38-1024x768.jpeg 1024w, https:\/\/immobilierami.com\/wp-content\/uploads\/2023\/12\/WhatsApp-Image-2023-12-27-at-12.24.38-300x225.jpeg 300w, https:\/\/immobilierami.com\/wp-content\/uploads\/2023\/12\/WhatsApp-Image-2023-12-27-at-12.24.38-768x576.jpeg 768w, https:\/\/immobilierami.com\/wp-content\/uploads\/2023\/12\/WhatsApp-Image-2023-12-27-at-12.24.38.jpeg 1280w\" sizes=\"(max-width: 1024px) 100vw, 1024px\" \/>\t\t\t\t\t\t\t\t\t\t\t\t\t\t\t<\/div>\n\t\t\t\t<\/div>\n\t\t\t\t\t<\/div>\n\t\t<\/div>\n\t\t\t\t<div class=\"elementor-column elementor-col-33 elementor-top-column elementor-element elementor-element-33de76f\" data-id=\"33de76f\" data-element_type=\"column\">\n\t\t\t<div class=\"elementor-widget-wrap elementor-element-populated\">\n\t\t\t\t\t\t<div class=\"elementor-element elementor-element-efe9f1c elementor-widget elementor-widget-image\" data-id=\"efe9f1c\" data-element_type=\"widget\" data-widget_type=\"image.default\">\n\t\t\t\t<div class=\"elementor-widget-container\">\n\t\t\t\t\t\t\t\t\t\t\t\t\t\t\t<img decoding=\"async\" width=\"1024\" height=\"768\" src=\"https:\/\/immobilierami.com\/wp-content\/uploads\/2023\/12\/WhatsApp-Image-2023-12-27-at-12.24.27-1024x768.jpeg\" class=\"attachment-large size-large wp-image-2165\" alt=\"\" srcset=\"https:\/\/immobilierami.com\/wp-content\/uploads\/2023\/12\/WhatsApp-Image-2023-12-27-at-12.24.27-1024x768.jpeg 1024w, https:\/\/immobilierami.com\/wp-content\/uploads\/2023\/12\/WhatsApp-Image-2023-12-27-at-12.24.27-300x225.jpeg 300w, https:\/\/immobilierami.com\/wp-content\/uploads\/2023\/12\/WhatsApp-Image-2023-12-27-at-12.24.27-768x576.jpeg 768w, https:\/\/immobilierami.com\/wp-content\/uploads\/2023\/12\/WhatsApp-Image-2023-12-27-at-12.24.27-1536x1152.jpeg 1536w, https:\/\/immobilierami.com\/wp-content\/uploads\/2023\/12\/WhatsApp-Image-2023-12-27-at-12.24.27.jpeg 1600w\" sizes=\"(max-width: 1024px) 100vw, 1024px\" \/>\t\t\t\t\t\t\t\t\t\t\t\t\t\t\t<\/div>\n\t\t\t\t<\/div>\n\t\t\t\t\t<\/div>\n\t\t<\/div>\n\t\t\t\t\t<\/div>\n\t\t<\/section>\n\t\t\t\t<section class=\"elementor-section elementor-top-section elementor-element elementor-element-a2cc74f elementor-section-boxed elementor-section-height-default elementor-section-height-default\" data-id=\"a2cc74f\" data-element_type=\"section\">\n\t\t\t\t\t\t<div class=\"elementor-container elementor-column-gap-default\">\n\t\t\t\t\t<div class=\"elementor-column elementor-col-100 elementor-top-column elementor-element elementor-element-0144526\" data-id=\"0144526\" data-element_type=\"column\">\n\t\t\t<div class=\"elementor-widget-wrap elementor-element-populated\">\n\t\t\t\t\t\t<div class=\"elementor-element elementor-element-52b46d3 elementor-widget elementor-widget-spacer\" data-id=\"52b46d3\" data-element_type=\"widget\" data-widget_type=\"spacer.default\">\n\t\t\t\t<div class=\"elementor-widget-container\">\n\t\t\t\t\t\t\t<div class=\"elementor-spacer\">\n\t\t\t<div class=\"elementor-spacer-inner\"><\/div>\n\t\t<\/div>\n\t\t\t\t\t\t<\/div>\n\t\t\t\t<\/div>\n\t\t\t\t\t<\/div>\n\t\t<\/div>\n\t\t\t\t\t<\/div>\n\t\t<\/section>\n\t\t\t\t<section class=\"elementor-section elementor-top-section elementor-element elementor-element-0741c4f elementor-section-boxed elementor-section-height-default elementor-section-height-default\" data-id=\"0741c4f\" data-element_type=\"section\">\n\t\t\t\t\t\t<div class=\"elementor-container elementor-column-gap-default\">\n\t\t\t\t\t<div class=\"elementor-column elementor-col-100 elementor-top-column elementor-element elementor-element-46ab442\" data-id=\"46ab442\" data-element_type=\"column\">\n\t\t\t<div class=\"elementor-widget-wrap elementor-element-populated\">\n\t\t\t\t\t\t<div class=\"elementor-element elementor-element-de4977a elementor-widget elementor-widget-heading\" data-id=\"de4977a\" data-element_type=\"widget\" data-widget_type=\"heading.default\">\n\t\t\t\t<div class=\"elementor-widget-container\">\n\t\t\t\t\t<h3 class=\"elementor-heading-title elementor-size-default\">Description<\/h3>\t\t\t\t<\/div>\n\t\t\t\t<\/div>\n\t\t\t\t<div class=\"elementor-element elementor-element-a19c585 elementor-widget elementor-widget-text-editor\" data-id=\"a19c585\" data-element_type=\"widget\" data-widget_type=\"text-editor.default\">\n\t\t\t\t<div class=\"elementor-widget-container\">\n\t\t\t\t\t\t\t\t\t<p>.Je mets en vente un local commercial compos\u00e9 de 32 m\u00b2, situ\u00e9 \u00e0 proximit\u00e9 de Maroc Telecom sur l&rsquo;avenue principale d&rsquo;Allal al Bahraoui. Cet emplacement est id\u00e9al pour diverses activit\u00e9s commerciales telles qu&rsquo;une banque, une soci\u00e9t\u00e9 agence, une sup\u00e9rette, un caf\u00e9 ou un restaurant.<\/p>\n<p>N\u2019attendez plus, contactez-moi au plus vite, pour visiter nos locaux commerciaux ou pour en savoir plus.<\/p><p>0662732307<\/p>\t\t\t\t\t\t\t\t<\/div>\n\t\t\t\t<\/div>\n\t\t\t\t\t<\/div>\n\t\t<\/div>\n\t\t\t\t\t<\/div>\n\t\t<\/section>\n\t\t\t\t<\/div>\n\t\t","protected":false},"excerpt":{"rendered":"<p>Description .Je mets en vente un local commercial compos\u00e9 de 32 m\u00b2, situ\u00e9 \u00e0 proximit\u00e9 de Maroc Telecom sur l&rsquo;avenue [&hellip;]<\/p>\n","protected":false},"author":1,"featured_media":0,"parent":0,"menu_order":0,"comment_status":"closed","ping_status":"closed","template":"","meta":{"site-sidebar-layout":"no-sidebar","site-content-layout":"page-builder","ast-site-content-layout":"","site-content-style":"default","site-sidebar-style":"default","ast-global-header-display":"","ast-banner-title-visibility":"","ast-main-header-display":"","ast-hfb-above-header-display":"","ast-hfb-below-header-display":"","ast-hfb-mobile-header-display":"","site-post-title":"disabled","ast-breadcrumbs-content":"","ast-featured-img":"disabled","footer-sml-layout":"","theme-transparent-header-meta":"","adv-header-id-meta":"","stick-header-meta":"","header-above-stick-meta":"","header-main-stick-meta":"","header-below-stick-meta":"","astra-migrate-meta-layouts":"default","ast-page-background-enabled":"default","ast-page-background-meta":{"desktop":{"background-color":"","background-image":"","background-repeat":"repeat","background-position":"center center","background-size":"auto","background-attachment":"scroll","background-type":"","background-media":"","overlay-type":"","overlay-color":"","overlay-gradient":""},"tablet":{"background-color":"","background-image":"","background-repeat":"repeat","background-position":"center center","background-size":"auto","background-attachment":"scroll","background-type":"","background-media":"","overlay-type":"","overlay-color":"","overlay-gradient":""},"mobile":{"background-color":"","background-image":"","background-repeat":"repeat","background-position":"center center","background-size":"auto","background-attachment":"scroll","background-type":"","background-media":"","overlay-type":"","overlay-color":"","overlay-gradient":""}},"ast-content-background-meta":{"desktop":{"background-color":"var(--ast-global-color-5)","background-image":"","background-repeat":"repeat","background-position":"center center","background-size":"auto","background-attachment":"scroll","background-type":"","background-media":"","overlay-type":"","overlay-color":"","overlay-gradient":""},"tablet":{"background-color":"var(--ast-global-color-5)","background-image":"","background-repeat":"repeat","background-position":"center center","background-size":"auto","background-attachment":"scroll","background-type":"","background-media":"","overlay-type":"","overlay-color":"","overlay-gradient":""},"mobile":{"background-color":"var(--ast-global-color-5)","background-image":"","background-repeat":"repeat","background-position":"center center","background-size":"auto","background-attachment":"scroll","background-type":"","background-media":"","overlay-type":"","overlay-color":"","overlay-gradient":""}},"_joinchat":[],"footnotes":""},"class_list":["post-2194","page","type-page","status-publish","hentry"],"_links":{"self":[{"href":"https:\/\/immobilierami.com\/index.php\/wp-json\/wp\/v2\/pages\/2194","targetHints":{"allow":["GET"]}}],"collection":[{"href":"https:\/\/immobilierami.com\/index.php\/wp-json\/wp\/v2\/pages"}],"about":[{"href":"https:\/\/immobilierami.com\/index.php\/wp-json\/wp\/v2\/types\/page"}],"author":[{"embeddable":true,"href":"https:\/\/immobilierami.com\/index.php\/wp-json\/wp\/v2\/users\/1"}],"replies":[{"embeddable":true,"href":"https:\/\/immobilierami.com\/index.php\/wp-json\/wp\/v2\/comments?post=2194"}],"version-history":[{"count":10,"href":"https:\/\/immobilierami.com\/index.php\/wp-json\/wp\/v2\/pages\/2194\/revisions"}],"predecessor-version":[{"id":2205,"href":"https:\/\/immobilierami.com\/index.php\/wp-json\/wp\/v2\/pages\/2194\/revisions\/2205"}],"wp:attachment":[{"href":"https:\/\/immobilierami.com\/index.php\/wp-json\/wp\/v2\/media?parent=2194"}],"curies":[{"name":"wp","href":"https:\/\/api.w.org\/{rel}","templated":true}]}}