{"id":2162,"date":"2023-12-28T18:11:16","date_gmt":"2023-12-28T17:11:16","guid":{"rendered":"https:\/\/immobilierami.com\/?page_id=2162"},"modified":"2023-12-28T18:14:22","modified_gmt":"2023-12-28T17:14:22","slug":"sidi-alal-bah-mag","status":"publish","type":"page","link":"https:\/\/immobilierami.com\/index.php\/sidi-alal-bah-mag\/","title":{"rendered":"sidi alal bah mag"},"content":{"rendered":"\t\t<div data-elementor-type=\"wp-page\" data-elementor-id=\"2162\" class=\"elementor elementor-2162\">\n\t\t\t\t\t\t<section class=\"elementor-section elementor-top-section elementor-element elementor-element-353ea84 elementor-section-boxed elementor-section-height-default elementor-section-height-default\" data-id=\"353ea84\" data-element_type=\"section\">\n\t\t\t\t\t\t<div class=\"elementor-container elementor-column-gap-default\">\n\t\t\t\t\t<div class=\"elementor-column elementor-col-33 elementor-top-column elementor-element elementor-element-6dc5806\" data-id=\"6dc5806\" data-element_type=\"column\">\n\t\t\t<div class=\"elementor-widget-wrap elementor-element-populated\">\n\t\t\t\t\t\t<div class=\"elementor-element elementor-element-eddf2e5 elementor-widget elementor-widget-image\" data-id=\"eddf2e5\" data-element_type=\"widget\" data-widget_type=\"image.default\">\n\t\t\t\t<div class=\"elementor-widget-container\">\n\t\t\t\t\t\t\t\t\t\t\t\t\t\t\t<img fetchpriority=\"high\" decoding=\"async\" width=\"768\" height=\"1024\" src=\"https:\/\/immobilierami.com\/wp-content\/uploads\/2023\/12\/WhatsApp-Image-2023-12-27-at-12.24.27-1-768x1024.jpeg\" class=\"attachment-large size-large wp-image-2164\" alt=\"magisin sidi alal bahraoui\" srcset=\"https:\/\/immobilierami.com\/wp-content\/uploads\/2023\/12\/WhatsApp-Image-2023-12-27-at-12.24.27-1-768x1024.jpeg 768w, https:\/\/immobilierami.com\/wp-content\/uploads\/2023\/12\/WhatsApp-Image-2023-12-27-at-12.24.27-1-225x300.jpeg 225w, https:\/\/immobilierami.com\/wp-content\/uploads\/2023\/12\/WhatsApp-Image-2023-12-27-at-12.24.27-1-1152x1536.jpeg 1152w, https:\/\/immobilierami.com\/wp-content\/uploads\/2023\/12\/WhatsApp-Image-2023-12-27-at-12.24.27-1.jpeg 1200w\" sizes=\"(max-width: 768px) 100vw, 768px\" \/>\t\t\t\t\t\t\t\t\t\t\t\t\t\t\t<\/div>\n\t\t\t\t<\/div>\n\t\t\t\t\t<\/div>\n\t\t<\/div>\n\t\t\t\t<div class=\"elementor-column elementor-col-33 elementor-top-column elementor-element elementor-element-db0da62\" data-id=\"db0da62\" data-element_type=\"column\">\n\t\t\t<div class=\"elementor-widget-wrap elementor-element-populated\">\n\t\t\t\t\t\t<div class=\"elementor-element elementor-element-7222f10 elementor-widget elementor-widget-image\" data-id=\"7222f10\" data-element_type=\"widget\" data-widget_type=\"image.default\">\n\t\t\t\t<div class=\"elementor-widget-container\">\n\t\t\t\t\t\t\t\t\t\t\t\t\t\t\t<img decoding=\"async\" width=\"1024\" height=\"768\" src=\"https:\/\/immobilierami.com\/wp-content\/uploads\/2023\/12\/WhatsApp-Image-2023-12-27-at-12.24.27-1024x768.jpeg\" class=\"attachment-large size-large wp-image-2165\" alt=\"\" srcset=\"https:\/\/immobilierami.com\/wp-content\/uploads\/2023\/12\/WhatsApp-Image-2023-12-27-at-12.24.27-1024x768.jpeg 1024w, https:\/\/immobilierami.com\/wp-content\/uploads\/2023\/12\/WhatsApp-Image-2023-12-27-at-12.24.27-300x225.jpeg 300w, https:\/\/immobilierami.com\/wp-content\/uploads\/2023\/12\/WhatsApp-Image-2023-12-27-at-12.24.27-768x576.jpeg 768w, https:\/\/immobilierami.com\/wp-content\/uploads\/2023\/12\/WhatsApp-Image-2023-12-27-at-12.24.27-1536x1152.jpeg 1536w, https:\/\/immobilierami.com\/wp-content\/uploads\/2023\/12\/WhatsApp-Image-2023-12-27-at-12.24.27.jpeg 1600w\" sizes=\"(max-width: 1024px) 100vw, 1024px\" \/>\t\t\t\t\t\t\t\t\t\t\t\t\t\t\t<\/div>\n\t\t\t\t<\/div>\n\t\t\t\t\t<\/div>\n\t\t<\/div>\n\t\t\t\t<div class=\"elementor-column elementor-col-33 elementor-top-column elementor-element elementor-element-ecc6b37\" data-id=\"ecc6b37\" data-element_type=\"column\">\n\t\t\t<div class=\"elementor-widget-wrap elementor-element-populated\">\n\t\t\t\t\t\t<div class=\"elementor-element elementor-element-6feeded elementor-widget elementor-widget-image\" data-id=\"6feeded\" data-element_type=\"widget\" data-widget_type=\"image.default\">\n\t\t\t\t<div class=\"elementor-widget-container\">\n\t\t\t\t\t\t\t\t\t\t\t\t\t\t\t<img decoding=\"async\" width=\"1024\" height=\"768\" src=\"https:\/\/immobilierami.com\/wp-content\/uploads\/2023\/12\/WhatsApp-Image-2023-12-27-at-12.24.28-1024x768.jpeg\" class=\"attachment-large size-large wp-image-2166\" alt=\"\" srcset=\"https:\/\/immobilierami.com\/wp-content\/uploads\/2023\/12\/WhatsApp-Image-2023-12-27-at-12.24.28-1024x768.jpeg 1024w, https:\/\/immobilierami.com\/wp-content\/uploads\/2023\/12\/WhatsApp-Image-2023-12-27-at-12.24.28-300x225.jpeg 300w, https:\/\/immobilierami.com\/wp-content\/uploads\/2023\/12\/WhatsApp-Image-2023-12-27-at-12.24.28-768x576.jpeg 768w, https:\/\/immobilierami.com\/wp-content\/uploads\/2023\/12\/WhatsApp-Image-2023-12-27-at-12.24.28-1536x1152.jpeg 1536w, https:\/\/immobilierami.com\/wp-content\/uploads\/2023\/12\/WhatsApp-Image-2023-12-27-at-12.24.28.jpeg 1600w\" sizes=\"(max-width: 1024px) 100vw, 1024px\" \/>\t\t\t\t\t\t\t\t\t\t\t\t\t\t\t<\/div>\n\t\t\t\t<\/div>\n\t\t\t\t\t<\/div>\n\t\t<\/div>\n\t\t\t\t\t<\/div>\n\t\t<\/section>\n\t\t\t\t<section class=\"elementor-section elementor-top-section elementor-element elementor-element-1bc939d elementor-section-boxed elementor-section-height-default elementor-section-height-default\" data-id=\"1bc939d\" data-element_type=\"section\">\n\t\t\t\t\t\t<div class=\"elementor-container elementor-column-gap-default\">\n\t\t\t\t\t<div class=\"elementor-column elementor-col-33 elementor-top-column elementor-element elementor-element-d3832ca\" data-id=\"d3832ca\" data-element_type=\"column\">\n\t\t\t<div class=\"elementor-widget-wrap elementor-element-populated\">\n\t\t\t\t\t\t<div class=\"elementor-element elementor-element-b4c006f elementor-widget elementor-widget-image\" data-id=\"b4c006f\" data-element_type=\"widget\" data-widget_type=\"image.default\">\n\t\t\t\t<div class=\"elementor-widget-container\">\n\t\t\t\t\t\t\t\t\t\t\t\t\t\t\t<img loading=\"lazy\" decoding=\"async\" width=\"1024\" height=\"768\" src=\"https:\/\/immobilierami.com\/wp-content\/uploads\/2023\/12\/WhatsApp-Image-2023-12-27-at-12.24.31-1024x768.jpeg\" class=\"attachment-large size-large wp-image-2167\" alt=\"\" srcset=\"https:\/\/immobilierami.com\/wp-content\/uploads\/2023\/12\/WhatsApp-Image-2023-12-27-at-12.24.31-1024x768.jpeg 1024w, https:\/\/immobilierami.com\/wp-content\/uploads\/2023\/12\/WhatsApp-Image-2023-12-27-at-12.24.31-300x225.jpeg 300w, https:\/\/immobilierami.com\/wp-content\/uploads\/2023\/12\/WhatsApp-Image-2023-12-27-at-12.24.31-768x576.jpeg 768w, https:\/\/immobilierami.com\/wp-content\/uploads\/2023\/12\/WhatsApp-Image-2023-12-27-at-12.24.31-1536x1152.jpeg 1536w, https:\/\/immobilierami.com\/wp-content\/uploads\/2023\/12\/WhatsApp-Image-2023-12-27-at-12.24.31.jpeg 1600w\" sizes=\"(max-width: 1024px) 100vw, 1024px\" \/>\t\t\t\t\t\t\t\t\t\t\t\t\t\t\t<\/div>\n\t\t\t\t<\/div>\n\t\t\t\t\t<\/div>\n\t\t<\/div>\n\t\t\t\t<div class=\"elementor-column elementor-col-33 elementor-top-column elementor-element elementor-element-be6c05b\" data-id=\"be6c05b\" data-element_type=\"column\">\n\t\t\t<div class=\"elementor-widget-wrap elementor-element-populated\">\n\t\t\t\t\t\t<div class=\"elementor-element elementor-element-eb3261c elementor-widget elementor-widget-image\" data-id=\"eb3261c\" data-element_type=\"widget\" data-widget_type=\"image.default\">\n\t\t\t\t<div class=\"elementor-widget-container\">\n\t\t\t\t\t\t\t\t\t\t\t\t\t\t\t<img loading=\"lazy\" decoding=\"async\" width=\"1024\" height=\"768\" src=\"https:\/\/immobilierami.com\/wp-content\/uploads\/2023\/12\/WhatsApp-Image-2023-12-27-at-12.24.35-1024x768.jpeg\" class=\"attachment-large size-large wp-image-2168\" alt=\"\" srcset=\"https:\/\/immobilierami.com\/wp-content\/uploads\/2023\/12\/WhatsApp-Image-2023-12-27-at-12.24.35-1024x768.jpeg 1024w, https:\/\/immobilierami.com\/wp-content\/uploads\/2023\/12\/WhatsApp-Image-2023-12-27-at-12.24.35-300x225.jpeg 300w, https:\/\/immobilierami.com\/wp-content\/uploads\/2023\/12\/WhatsApp-Image-2023-12-27-at-12.24.35-768x576.jpeg 768w, https:\/\/immobilierami.com\/wp-content\/uploads\/2023\/12\/WhatsApp-Image-2023-12-27-at-12.24.35.jpeg 1280w\" sizes=\"(max-width: 1024px) 100vw, 1024px\" \/>\t\t\t\t\t\t\t\t\t\t\t\t\t\t\t<\/div>\n\t\t\t\t<\/div>\n\t\t\t\t\t<\/div>\n\t\t<\/div>\n\t\t\t\t<div class=\"elementor-column elementor-col-33 elementor-top-column elementor-element elementor-element-637d006\" data-id=\"637d006\" data-element_type=\"column\">\n\t\t\t<div class=\"elementor-widget-wrap elementor-element-populated\">\n\t\t\t\t\t\t<div class=\"elementor-element elementor-element-fcfb08e elementor-widget elementor-widget-image\" data-id=\"fcfb08e\" data-element_type=\"widget\" data-widget_type=\"image.default\">\n\t\t\t\t<div class=\"elementor-widget-container\">\n\t\t\t\t\t\t\t\t\t\t\t\t\t\t\t<img loading=\"lazy\" decoding=\"async\" width=\"1024\" height=\"768\" src=\"https:\/\/immobilierami.com\/wp-content\/uploads\/2023\/12\/WhatsApp-Image-2023-12-27-at-12.24.38-1024x768.jpeg\" class=\"attachment-large size-large wp-image-2169\" alt=\"\" srcset=\"https:\/\/immobilierami.com\/wp-content\/uploads\/2023\/12\/WhatsApp-Image-2023-12-27-at-12.24.38-1024x768.jpeg 1024w, https:\/\/immobilierami.com\/wp-content\/uploads\/2023\/12\/WhatsApp-Image-2023-12-27-at-12.24.38-300x225.jpeg 300w, https:\/\/immobilierami.com\/wp-content\/uploads\/2023\/12\/WhatsApp-Image-2023-12-27-at-12.24.38-768x576.jpeg 768w, https:\/\/immobilierami.com\/wp-content\/uploads\/2023\/12\/WhatsApp-Image-2023-12-27-at-12.24.38.jpeg 1280w\" sizes=\"(max-width: 1024px) 100vw, 1024px\" \/>\t\t\t\t\t\t\t\t\t\t\t\t\t\t\t<\/div>\n\t\t\t\t<\/div>\n\t\t\t\t\t<\/div>\n\t\t<\/div>\n\t\t\t\t\t<\/div>\n\t\t<\/section>\n\t\t\t\t<section class=\"elementor-section elementor-top-section elementor-element elementor-element-73361bd elementor-section-boxed elementor-section-height-default elementor-section-height-default\" data-id=\"73361bd\" data-element_type=\"section\">\n\t\t\t\t\t\t<div class=\"elementor-container elementor-column-gap-default\">\n\t\t\t\t\t<div class=\"elementor-column elementor-col-100 elementor-top-column elementor-element elementor-element-f60a94f\" data-id=\"f60a94f\" data-element_type=\"column\">\n\t\t\t<div class=\"elementor-widget-wrap elementor-element-populated\">\n\t\t\t\t\t\t<div class=\"elementor-element elementor-element-2bf95e4 elementor-widget elementor-widget-spacer\" data-id=\"2bf95e4\" data-element_type=\"widget\" data-widget_type=\"spacer.default\">\n\t\t\t\t<div class=\"elementor-widget-container\">\n\t\t\t\t\t\t\t<div class=\"elementor-spacer\">\n\t\t\t<div class=\"elementor-spacer-inner\"><\/div>\n\t\t<\/div>\n\t\t\t\t\t\t<\/div>\n\t\t\t\t<\/div>\n\t\t\t\t\t<\/div>\n\t\t<\/div>\n\t\t\t\t\t<\/div>\n\t\t<\/section>\n\t\t\t\t<section class=\"elementor-section elementor-top-section elementor-element elementor-element-5a13b0c elementor-section-boxed elementor-section-height-default elementor-section-height-default\" data-id=\"5a13b0c\" data-element_type=\"section\">\n\t\t\t\t\t\t<div class=\"elementor-container elementor-column-gap-default\">\n\t\t\t\t\t<div class=\"elementor-column elementor-col-100 elementor-top-column elementor-element elementor-element-a063c1a\" data-id=\"a063c1a\" data-element_type=\"column\">\n\t\t\t<div class=\"elementor-widget-wrap elementor-element-populated\">\n\t\t\t\t\t\t<div class=\"elementor-element elementor-element-6e31c99 elementor-widget elementor-widget-heading\" data-id=\"6e31c99\" data-element_type=\"widget\" data-widget_type=\"heading.default\">\n\t\t\t\t<div class=\"elementor-widget-container\">\n\t\t\t\t\t<h3 class=\"elementor-heading-title elementor-size-default\">Description<\/h3>\t\t\t\t<\/div>\n\t\t\t\t<\/div>\n\t\t\t\t<div class=\"elementor-element elementor-element-920e623 elementor-widget elementor-widget-text-editor\" data-id=\"920e623\" data-element_type=\"widget\" data-widget_type=\"text-editor.default\">\n\t\t\t\t<div class=\"elementor-widget-container\">\n\t\t\t\t\t\t\t\t\t<p>Je mets en location un local commercial compos\u00e9 de deux espaces de 32 m\u00b2 chacun avec mezzanine, situ\u00e9 \u00e0 proximit\u00e9 de Maroc Telecom sur l&rsquo;avenue principale d&rsquo;Allal al Bahraoui. Cet emplacement est id\u00e9al pour diverses activit\u00e9s commerciales telles qu&rsquo;une banque, une soci\u00e9t\u00e9 agence, une sup\u00e9rette, un caf\u00e9 ou un restaurant.<\/p><p>N\u2019attendez plus, contactez-moi au plus vite, pour visiter nos locaux commerciaux ou pour en savoir plus.<\/p>\t\t\t\t\t\t\t\t<\/div>\n\t\t\t\t<\/div>\n\t\t\t\t\t<\/div>\n\t\t<\/div>\n\t\t\t\t\t<\/div>\n\t\t<\/section>\n\t\t\t\t<\/div>\n\t\t","protected":false},"excerpt":{"rendered":"<p>Description Je mets en location un local commercial compos\u00e9 de deux espaces de 32 m\u00b2 chacun avec mezzanine, situ\u00e9 \u00e0 [&hellip;]<\/p>\n","protected":false},"author":1,"featured_media":0,"parent":0,"menu_order":0,"comment_status":"closed","ping_status":"closed","template":"","meta":{"site-sidebar-layout":"no-sidebar","site-content-layout":"page-builder","ast-site-content-layout":"","site-content-style":"default","site-sidebar-style":"default","ast-global-header-display":"","ast-banner-title-visibility":"","ast-main-header-display":"","ast-hfb-above-header-display":"","ast-hfb-below-header-display":"","ast-hfb-mobile-header-display":"","site-post-title":"disabled","ast-breadcrumbs-content":"","ast-featured-img":"disabled","footer-sml-layout":"","theme-transparent-header-meta":"","adv-header-id-meta":"","stick-header-meta":"","header-above-stick-meta":"","header-main-stick-meta":"","header-below-stick-meta":"","astra-migrate-meta-layouts":"default","ast-page-background-enabled":"default","ast-page-background-meta":{"desktop":{"background-color":"","background-image":"","background-repeat":"repeat","background-position":"center center","background-size":"auto","background-attachment":"scroll","background-type":"","background-media":"","overlay-type":"","overlay-color":"","overlay-gradient":""},"tablet":{"background-color":"","background-image":"","background-repeat":"repeat","background-position":"center center","background-size":"auto","background-attachment":"scroll","background-type":"","background-media":"","overlay-type":"","overlay-color":"","overlay-gradient":""},"mobile":{"background-color":"","background-image":"","background-repeat":"repeat","background-position":"center center","background-size":"auto","background-attachment":"scroll","background-type":"","background-media":"","overlay-type":"","overlay-color":"","overlay-gradient":""}},"ast-content-background-meta":{"desktop":{"background-color":"var(--ast-global-color-5)","background-image":"","background-repeat":"repeat","background-position":"center center","background-size":"auto","background-attachment":"scroll","background-type":"","background-media":"","overlay-type":"","overlay-color":"","overlay-gradient":""},"tablet":{"background-color":"var(--ast-global-color-5)","background-image":"","background-repeat":"repeat","background-position":"center center","background-size":"auto","background-attachment":"scroll","background-type":"","background-media":"","overlay-type":"","overlay-color":"","overlay-gradient":""},"mobile":{"background-color":"var(--ast-global-color-5)","background-image":"","background-repeat":"repeat","background-position":"center center","background-size":"auto","background-attachment":"scroll","background-type":"","background-media":"","overlay-type":"","overlay-color":"","overlay-gradient":""}},"_joinchat":[],"footnotes":""},"class_list":["post-2162","page","type-page","status-publish","hentry"],"_links":{"self":[{"href":"https:\/\/immobilierami.com\/index.php\/wp-json\/wp\/v2\/pages\/2162","targetHints":{"allow":["GET"]}}],"collection":[{"href":"https:\/\/immobilierami.com\/index.php\/wp-json\/wp\/v2\/pages"}],"about":[{"href":"https:\/\/immobilierami.com\/index.php\/wp-json\/wp\/v2\/types\/page"}],"author":[{"embeddable":true,"href":"https:\/\/immobilierami.com\/index.php\/wp-json\/wp\/v2\/users\/1"}],"replies":[{"embeddable":true,"href":"https:\/\/immobilierami.com\/index.php\/wp-json\/wp\/v2\/comments?post=2162"}],"version-history":[{"count":4,"href":"https:\/\/immobilierami.com\/index.php\/wp-json\/wp\/v2\/pages\/2162\/revisions"}],"predecessor-version":[{"id":2172,"href":"https:\/\/immobilierami.com\/index.php\/wp-json\/wp\/v2\/pages\/2162\/revisions\/2172"}],"wp:attachment":[{"href":"https:\/\/immobilierami.com\/index.php\/wp-json\/wp\/v2\/media?parent=2162"}],"curies":[{"name":"wp","href":"https:\/\/api.w.org\/{rel}","templated":true}]}}