{"id":2137,"date":"2023-12-27T12:37:30","date_gmt":"2023-12-27T11:37:30","guid":{"rendered":"https:\/\/immobilierami.com\/?page_id=2137"},"modified":"2023-12-27T12:44:51","modified_gmt":"2023-12-27T11:44:51","slug":"magasin-71","status":"publish","type":"page","link":"https:\/\/immobilierami.com\/index.php\/magasin-71\/","title":{"rendered":"magasin 71"},"content":{"rendered":"\t\t<div data-elementor-type=\"wp-page\" data-elementor-id=\"2137\" class=\"elementor elementor-2137\">\n\t\t\t\t\t\t<section class=\"elementor-section elementor-top-section elementor-element elementor-element-3461377 elementor-section-boxed elementor-section-height-default elementor-section-height-default\" data-id=\"3461377\" data-element_type=\"section\">\n\t\t\t\t\t\t<div class=\"elementor-container elementor-column-gap-default\">\n\t\t\t\t\t<div class=\"elementor-column elementor-col-33 elementor-top-column elementor-element elementor-element-479ad11\" data-id=\"479ad11\" data-element_type=\"column\">\n\t\t\t<div class=\"elementor-widget-wrap elementor-element-populated\">\n\t\t\t\t\t\t<div class=\"elementor-element elementor-element-74280f2 elementor-widget elementor-widget-image\" data-id=\"74280f2\" data-element_type=\"widget\" data-widget_type=\"image.default\">\n\t\t\t\t<div class=\"elementor-widget-container\">\n\t\t\t\t\t\t\t\t\t\t\t\t\t\t\t<img fetchpriority=\"high\" decoding=\"async\" width=\"1024\" height=\"768\" src=\"https:\/\/immobilierami.com\/wp-content\/uploads\/2023\/12\/WhatsApp-Image-2023-12-27-at-12.27.41-1024x768.jpeg\" class=\"attachment-large size-large wp-image-2140\" alt=\"\" srcset=\"https:\/\/immobilierami.com\/wp-content\/uploads\/2023\/12\/WhatsApp-Image-2023-12-27-at-12.27.41-1024x768.jpeg 1024w, https:\/\/immobilierami.com\/wp-content\/uploads\/2023\/12\/WhatsApp-Image-2023-12-27-at-12.27.41-300x225.jpeg 300w, https:\/\/immobilierami.com\/wp-content\/uploads\/2023\/12\/WhatsApp-Image-2023-12-27-at-12.27.41-768x576.jpeg 768w, https:\/\/immobilierami.com\/wp-content\/uploads\/2023\/12\/WhatsApp-Image-2023-12-27-at-12.27.41-1536x1152.jpeg 1536w, https:\/\/immobilierami.com\/wp-content\/uploads\/2023\/12\/WhatsApp-Image-2023-12-27-at-12.27.41.jpeg 1600w\" sizes=\"(max-width: 1024px) 100vw, 1024px\" \/>\t\t\t\t\t\t\t\t\t\t\t\t\t\t\t<\/div>\n\t\t\t\t<\/div>\n\t\t\t\t\t<\/div>\n\t\t<\/div>\n\t\t\t\t<div class=\"elementor-column elementor-col-33 elementor-top-column elementor-element elementor-element-6a97671\" data-id=\"6a97671\" data-element_type=\"column\">\n\t\t\t<div class=\"elementor-widget-wrap elementor-element-populated\">\n\t\t\t\t\t\t<div class=\"elementor-element elementor-element-cc6d443 elementor-widget elementor-widget-image\" data-id=\"cc6d443\" data-element_type=\"widget\" data-widget_type=\"image.default\">\n\t\t\t\t<div class=\"elementor-widget-container\">\n\t\t\t\t\t\t\t\t\t\t\t\t\t\t\t<img decoding=\"async\" width=\"1024\" height=\"768\" src=\"https:\/\/immobilierami.com\/wp-content\/uploads\/2023\/12\/WhatsApp-Image-2023-12-27-at-12.27.41-2-1024x768.jpeg\" class=\"attachment-large size-large wp-image-2141\" alt=\"\" srcset=\"https:\/\/immobilierami.com\/wp-content\/uploads\/2023\/12\/WhatsApp-Image-2023-12-27-at-12.27.41-2-1024x768.jpeg 1024w, https:\/\/immobilierami.com\/wp-content\/uploads\/2023\/12\/WhatsApp-Image-2023-12-27-at-12.27.41-2-300x225.jpeg 300w, https:\/\/immobilierami.com\/wp-content\/uploads\/2023\/12\/WhatsApp-Image-2023-12-27-at-12.27.41-2-768x576.jpeg 768w, https:\/\/immobilierami.com\/wp-content\/uploads\/2023\/12\/WhatsApp-Image-2023-12-27-at-12.27.41-2-1536x1152.jpeg 1536w, https:\/\/immobilierami.com\/wp-content\/uploads\/2023\/12\/WhatsApp-Image-2023-12-27-at-12.27.41-2.jpeg 1600w\" sizes=\"(max-width: 1024px) 100vw, 1024px\" \/>\t\t\t\t\t\t\t\t\t\t\t\t\t\t\t<\/div>\n\t\t\t\t<\/div>\n\t\t\t\t\t<\/div>\n\t\t<\/div>\n\t\t\t\t<div class=\"elementor-column elementor-col-33 elementor-top-column elementor-element elementor-element-3337c60\" data-id=\"3337c60\" data-element_type=\"column\">\n\t\t\t<div class=\"elementor-widget-wrap elementor-element-populated\">\n\t\t\t\t\t\t<div class=\"elementor-element elementor-element-9f5b8cb elementor-widget elementor-widget-image\" data-id=\"9f5b8cb\" data-element_type=\"widget\" data-widget_type=\"image.default\">\n\t\t\t\t<div class=\"elementor-widget-container\">\n\t\t\t\t\t\t\t\t\t\t\t\t\t\t\t<img decoding=\"async\" width=\"1024\" height=\"768\" src=\"https:\/\/immobilierami.com\/wp-content\/uploads\/2023\/12\/WhatsApp-Image-2023-12-27-at-12.27.41-1-1024x768.jpeg\" class=\"attachment-large size-large wp-image-2139\" alt=\"magasin pres de my abedllah sale\" srcset=\"https:\/\/immobilierami.com\/wp-content\/uploads\/2023\/12\/WhatsApp-Image-2023-12-27-at-12.27.41-1-1024x768.jpeg 1024w, https:\/\/immobilierami.com\/wp-content\/uploads\/2023\/12\/WhatsApp-Image-2023-12-27-at-12.27.41-1-300x225.jpeg 300w, https:\/\/immobilierami.com\/wp-content\/uploads\/2023\/12\/WhatsApp-Image-2023-12-27-at-12.27.41-1-768x576.jpeg 768w, https:\/\/immobilierami.com\/wp-content\/uploads\/2023\/12\/WhatsApp-Image-2023-12-27-at-12.27.41-1.jpeg 1280w\" sizes=\"(max-width: 1024px) 100vw, 1024px\" \/>\t\t\t\t\t\t\t\t\t\t\t\t\t\t\t<\/div>\n\t\t\t\t<\/div>\n\t\t\t\t\t<\/div>\n\t\t<\/div>\n\t\t\t\t\t<\/div>\n\t\t<\/section>\n\t\t\t\t<section class=\"elementor-section elementor-top-section elementor-element elementor-element-87a7c7c elementor-section-boxed elementor-section-height-default elementor-section-height-default\" data-id=\"87a7c7c\" data-element_type=\"section\">\n\t\t\t\t\t\t<div class=\"elementor-container elementor-column-gap-default\">\n\t\t\t\t\t<div class=\"elementor-column elementor-col-100 elementor-top-column elementor-element elementor-element-1763e72\" data-id=\"1763e72\" data-element_type=\"column\">\n\t\t\t<div class=\"elementor-widget-wrap\">\n\t\t\t\t\t\t\t<\/div>\n\t\t<\/div>\n\t\t\t\t\t<\/div>\n\t\t<\/section>\n\t\t\t\t<section class=\"elementor-section elementor-top-section elementor-element elementor-element-01e1c2f elementor-section-boxed elementor-section-height-default elementor-section-height-default\" data-id=\"01e1c2f\" data-element_type=\"section\">\n\t\t\t\t\t\t<div class=\"elementor-container elementor-column-gap-default\">\n\t\t\t\t\t<div class=\"elementor-column elementor-col-100 elementor-top-column elementor-element elementor-element-bb3137a\" data-id=\"bb3137a\" data-element_type=\"column\">\n\t\t\t<div class=\"elementor-widget-wrap elementor-element-populated\">\n\t\t\t\t\t\t<div class=\"elementor-element elementor-element-a706965 elementor-widget elementor-widget-heading\" data-id=\"a706965\" data-element_type=\"widget\" data-widget_type=\"heading.default\">\n\t\t\t\t<div class=\"elementor-widget-container\">\n\t\t\t\t\t<h3 class=\"elementor-heading-title elementor-size-default\">Description<\/h3>\t\t\t\t<\/div>\n\t\t\t\t<\/div>\n\t\t\t\t<div class=\"elementor-element elementor-element-64c3c8f elementor-widget elementor-widget-text-editor\" data-id=\"64c3c8f\" data-element_type=\"widget\" data-widget_type=\"text-editor.default\">\n\t\t\t\t<div class=\"elementor-widget-container\">\n\t\t\t\t\t\t\t\t\t<p>Je mets en vente un local commercial de 71 m\u00b2 id\u00e9alement situ\u00e9 \u00e0 proximit\u00e9 de l&rsquo;h\u00f4pital Moulay Abdellah, sur la rue principale Zerbia menant \u00e0 Sala al Jadida. Avec son emplacement strat\u00e9gique, ce local offre une opportunit\u00e9 exceptionnelle pour diverses activit\u00e9s commerciales.<br \/><br \/>Ce local est parfaitement adapt\u00e9 pour accueillir une vari\u00e9t\u00e9 d&rsquo;entreprises telles qu&rsquo;une banque, une agence, une sup\u00e9rette, un restaurant ou un caf\u00e9. Il est important de souligner que dans les environs, il n&rsquo;y a actuellement aucun caf\u00e9, ce qui repr\u00e9sente une opportunit\u00e9 unique pour les entrepreneurs cherchant \u00e0 investir dans ce secteur dynamique.<br \/><br \/>N\u2019attendez plus, contactez-moi au plus vite, pour visiter ce local commercial ou pour en savoir plus.<\/p><p>possible a louer pour 15 000 dh<\/p><p>\u00a0<\/p><p>\u00a0<\/p>\t\t\t\t\t\t\t\t<\/div>\n\t\t\t\t<\/div>\n\t\t\t\t\t<\/div>\n\t\t<\/div>\n\t\t\t\t\t<\/div>\n\t\t<\/section>\n\t\t\t\t<\/div>\n\t\t","protected":false},"excerpt":{"rendered":"<p>Description Je mets en vente un local commercial de 71 m\u00b2 id\u00e9alement situ\u00e9 \u00e0 proximit\u00e9 de l&rsquo;h\u00f4pital Moulay Abdellah, sur [&hellip;]<\/p>\n","protected":false},"author":1,"featured_media":0,"parent":0,"menu_order":0,"comment_status":"closed","ping_status":"closed","template":"","meta":{"site-sidebar-layout":"no-sidebar","site-content-layout":"page-builder","ast-site-content-layout":"","site-content-style":"default","site-sidebar-style":"default","ast-global-header-display":"","ast-banner-title-visibility":"","ast-main-header-display":"","ast-hfb-above-header-display":"","ast-hfb-below-header-display":"","ast-hfb-mobile-header-display":"","site-post-title":"disabled","ast-breadcrumbs-content":"","ast-featured-img":"disabled","footer-sml-layout":"","theme-transparent-header-meta":"","adv-header-id-meta":"","stick-header-meta":"","header-above-stick-meta":"","header-main-stick-meta":"","header-below-stick-meta":"","astra-migrate-meta-layouts":"default","ast-page-background-enabled":"default","ast-page-background-meta":{"desktop":{"background-color":"","background-image":"","background-repeat":"repeat","background-position":"center center","background-size":"auto","background-attachment":"scroll","background-type":"","background-media":"","overlay-type":"","overlay-color":"","overlay-gradient":""},"tablet":{"background-color":"","background-image":"","background-repeat":"repeat","background-position":"center center","background-size":"auto","background-attachment":"scroll","background-type":"","background-media":"","overlay-type":"","overlay-color":"","overlay-gradient":""},"mobile":{"background-color":"","background-image":"","background-repeat":"repeat","background-position":"center center","background-size":"auto","background-attachment":"scroll","background-type":"","background-media":"","overlay-type":"","overlay-color":"","overlay-gradient":""}},"ast-content-background-meta":{"desktop":{"background-color":"var(--ast-global-color-5)","background-image":"","background-repeat":"repeat","background-position":"center center","background-size":"auto","background-attachment":"scroll","background-type":"","background-media":"","overlay-type":"","overlay-color":"","overlay-gradient":""},"tablet":{"background-color":"var(--ast-global-color-5)","background-image":"","background-repeat":"repeat","background-position":"center center","background-size":"auto","background-attachment":"scroll","background-type":"","background-media":"","overlay-type":"","overlay-color":"","overlay-gradient":""},"mobile":{"background-color":"var(--ast-global-color-5)","background-image":"","background-repeat":"repeat","background-position":"center center","background-size":"auto","background-attachment":"scroll","background-type":"","background-media":"","overlay-type":"","overlay-color":"","overlay-gradient":""}},"_joinchat":[],"footnotes":""},"class_list":["post-2137","page","type-page","status-publish","hentry"],"_links":{"self":[{"href":"https:\/\/immobilierami.com\/index.php\/wp-json\/wp\/v2\/pages\/2137","targetHints":{"allow":["GET"]}}],"collection":[{"href":"https:\/\/immobilierami.com\/index.php\/wp-json\/wp\/v2\/pages"}],"about":[{"href":"https:\/\/immobilierami.com\/index.php\/wp-json\/wp\/v2\/types\/page"}],"author":[{"embeddable":true,"href":"https:\/\/immobilierami.com\/index.php\/wp-json\/wp\/v2\/users\/1"}],"replies":[{"embeddable":true,"href":"https:\/\/immobilierami.com\/index.php\/wp-json\/wp\/v2\/comments?post=2137"}],"version-history":[{"count":7,"href":"https:\/\/immobilierami.com\/index.php\/wp-json\/wp\/v2\/pages\/2137\/revisions"}],"predecessor-version":[{"id":2148,"href":"https:\/\/immobilierami.com\/index.php\/wp-json\/wp\/v2\/pages\/2137\/revisions\/2148"}],"wp:attachment":[{"href":"https:\/\/immobilierami.com\/index.php\/wp-json\/wp\/v2\/media?parent=2137"}],"curies":[{"name":"wp","href":"https:\/\/api.w.org\/{rel}","templated":true}]}}