{"id":2093,"date":"2023-12-12T19:50:29","date_gmt":"2023-12-12T18:50:29","guid":{"rendered":"https:\/\/immobilierami.com\/?page_id=2093"},"modified":"2023-12-12T20:04:25","modified_gmt":"2023-12-12T19:04:25","slug":"magasin-diyar","status":"publish","type":"page","link":"https:\/\/immobilierami.com\/index.php\/magasin-diyar\/","title":{"rendered":"magasin diyar"},"content":{"rendered":"\t\t<div data-elementor-type=\"wp-page\" data-elementor-id=\"2093\" class=\"elementor elementor-2093\">\n\t\t\t\t\t\t<section class=\"elementor-section elementor-top-section elementor-element elementor-element-cfd5a66 elementor-section-boxed elementor-section-height-default elementor-section-height-default\" data-id=\"cfd5a66\" data-element_type=\"section\">\n\t\t\t\t\t\t<div class=\"elementor-container elementor-column-gap-default\">\n\t\t\t\t\t<div class=\"elementor-column elementor-col-33 elementor-top-column elementor-element elementor-element-15434ba\" data-id=\"15434ba\" data-element_type=\"column\">\n\t\t\t<div class=\"elementor-widget-wrap elementor-element-populated\">\n\t\t\t\t\t\t<div class=\"elementor-element elementor-element-6feb25d elementor-widget elementor-widget-image\" data-id=\"6feb25d\" data-element_type=\"widget\" data-widget_type=\"image.default\">\n\t\t\t\t<div class=\"elementor-widget-container\">\n\t\t\t\t\t\t\t\t\t\t\t\t\t\t\t<img fetchpriority=\"high\" decoding=\"async\" width=\"1024\" height=\"768\" src=\"https:\/\/immobilierami.com\/wp-content\/uploads\/2023\/12\/WhatsApp-Image-2023-12-11-at-12.59.30-1024x768.jpeg\" class=\"attachment-large size-large wp-image-2086\" alt=\"\" srcset=\"https:\/\/immobilierami.com\/wp-content\/uploads\/2023\/12\/WhatsApp-Image-2023-12-11-at-12.59.30-1024x768.jpeg 1024w, https:\/\/immobilierami.com\/wp-content\/uploads\/2023\/12\/WhatsApp-Image-2023-12-11-at-12.59.30-300x225.jpeg 300w, https:\/\/immobilierami.com\/wp-content\/uploads\/2023\/12\/WhatsApp-Image-2023-12-11-at-12.59.30-768x576.jpeg 768w, https:\/\/immobilierami.com\/wp-content\/uploads\/2023\/12\/WhatsApp-Image-2023-12-11-at-12.59.30-1536x1152.jpeg 1536w, https:\/\/immobilierami.com\/wp-content\/uploads\/2023\/12\/WhatsApp-Image-2023-12-11-at-12.59.30.jpeg 1600w\" sizes=\"(max-width: 1024px) 100vw, 1024px\" \/>\t\t\t\t\t\t\t\t\t\t\t\t\t\t\t<\/div>\n\t\t\t\t<\/div>\n\t\t\t\t\t<\/div>\n\t\t<\/div>\n\t\t\t\t<div class=\"elementor-column elementor-col-33 elementor-top-column elementor-element elementor-element-d263132\" data-id=\"d263132\" data-element_type=\"column\">\n\t\t\t<div class=\"elementor-widget-wrap elementor-element-populated\">\n\t\t\t\t\t\t<div class=\"elementor-element elementor-element-b01eb5a elementor-widget elementor-widget-image\" data-id=\"b01eb5a\" data-element_type=\"widget\" data-widget_type=\"image.default\">\n\t\t\t\t<div class=\"elementor-widget-container\">\n\t\t\t\t\t\t\t\t\t\t\t\t\t\t\t<img decoding=\"async\" width=\"1024\" height=\"768\" src=\"https:\/\/immobilierami.com\/wp-content\/uploads\/2023\/12\/WhatsApp-Image-2023-12-11-at-12.59.29-1024x768.jpeg\" class=\"attachment-large size-large wp-image-2095\" alt=\"\" srcset=\"https:\/\/immobilierami.com\/wp-content\/uploads\/2023\/12\/WhatsApp-Image-2023-12-11-at-12.59.29-1024x768.jpeg 1024w, https:\/\/immobilierami.com\/wp-content\/uploads\/2023\/12\/WhatsApp-Image-2023-12-11-at-12.59.29-300x225.jpeg 300w, https:\/\/immobilierami.com\/wp-content\/uploads\/2023\/12\/WhatsApp-Image-2023-12-11-at-12.59.29-768x576.jpeg 768w, https:\/\/immobilierami.com\/wp-content\/uploads\/2023\/12\/WhatsApp-Image-2023-12-11-at-12.59.29-1536x1152.jpeg 1536w, https:\/\/immobilierami.com\/wp-content\/uploads\/2023\/12\/WhatsApp-Image-2023-12-11-at-12.59.29.jpeg 1600w\" sizes=\"(max-width: 1024px) 100vw, 1024px\" \/>\t\t\t\t\t\t\t\t\t\t\t\t\t\t\t<\/div>\n\t\t\t\t<\/div>\n\t\t\t\t\t<\/div>\n\t\t<\/div>\n\t\t\t\t<div class=\"elementor-column elementor-col-33 elementor-top-column elementor-element elementor-element-3f644b5\" data-id=\"3f644b5\" data-element_type=\"column\">\n\t\t\t<div class=\"elementor-widget-wrap elementor-element-populated\">\n\t\t\t\t\t\t<div class=\"elementor-element elementor-element-bca054f elementor-widget elementor-widget-image\" data-id=\"bca054f\" data-element_type=\"widget\" data-widget_type=\"image.default\">\n\t\t\t\t<div class=\"elementor-widget-container\">\n\t\t\t\t\t\t\t\t\t\t\t\t\t\t\t<img decoding=\"async\" width=\"1024\" height=\"768\" src=\"https:\/\/immobilierami.com\/wp-content\/uploads\/2023\/12\/WhatsApp-Image-2023-12-11-at-12.59.29-1-2-1024x768.jpeg\" class=\"attachment-large size-large wp-image-2094\" alt=\"\" srcset=\"https:\/\/immobilierami.com\/wp-content\/uploads\/2023\/12\/WhatsApp-Image-2023-12-11-at-12.59.29-1-2-1024x768.jpeg 1024w, https:\/\/immobilierami.com\/wp-content\/uploads\/2023\/12\/WhatsApp-Image-2023-12-11-at-12.59.29-1-2-300x225.jpeg 300w, https:\/\/immobilierami.com\/wp-content\/uploads\/2023\/12\/WhatsApp-Image-2023-12-11-at-12.59.29-1-2-768x576.jpeg 768w, https:\/\/immobilierami.com\/wp-content\/uploads\/2023\/12\/WhatsApp-Image-2023-12-11-at-12.59.29-1-2-1536x1152.jpeg 1536w, https:\/\/immobilierami.com\/wp-content\/uploads\/2023\/12\/WhatsApp-Image-2023-12-11-at-12.59.29-1-2.jpeg 1600w\" sizes=\"(max-width: 1024px) 100vw, 1024px\" \/>\t\t\t\t\t\t\t\t\t\t\t\t\t\t\t<\/div>\n\t\t\t\t<\/div>\n\t\t\t\t\t<\/div>\n\t\t<\/div>\n\t\t\t\t\t<\/div>\n\t\t<\/section>\n\t\t\t\t<section class=\"elementor-section elementor-top-section elementor-element elementor-element-c9af6ba elementor-section-boxed elementor-section-height-default elementor-section-height-default\" data-id=\"c9af6ba\" data-element_type=\"section\">\n\t\t\t\t\t\t<div class=\"elementor-container elementor-column-gap-default\">\n\t\t\t\t\t<div class=\"elementor-column elementor-col-100 elementor-top-column elementor-element elementor-element-159812d\" data-id=\"159812d\" data-element_type=\"column\">\n\t\t\t<div class=\"elementor-widget-wrap elementor-element-populated\">\n\t\t\t\t\t\t<div class=\"elementor-element elementor-element-096fffa elementor-widget elementor-widget-spacer\" data-id=\"096fffa\" data-element_type=\"widget\" data-widget_type=\"spacer.default\">\n\t\t\t\t<div class=\"elementor-widget-container\">\n\t\t\t\t\t\t\t<div class=\"elementor-spacer\">\n\t\t\t<div class=\"elementor-spacer-inner\"><\/div>\n\t\t<\/div>\n\t\t\t\t\t\t<\/div>\n\t\t\t\t<\/div>\n\t\t\t\t\t<\/div>\n\t\t<\/div>\n\t\t\t\t\t<\/div>\n\t\t<\/section>\n\t\t\t\t<section class=\"elementor-section elementor-top-section elementor-element elementor-element-7bd588b elementor-section-boxed elementor-section-height-default elementor-section-height-default\" data-id=\"7bd588b\" data-element_type=\"section\">\n\t\t\t\t\t\t<div class=\"elementor-container elementor-column-gap-default\">\n\t\t\t\t\t<div class=\"elementor-column elementor-col-100 elementor-top-column elementor-element elementor-element-d7bdb14\" data-id=\"d7bdb14\" data-element_type=\"column\">\n\t\t\t<div class=\"elementor-widget-wrap elementor-element-populated\">\n\t\t\t\t\t\t<div class=\"elementor-element elementor-element-a49464d elementor-widget elementor-widget-heading\" data-id=\"a49464d\" data-element_type=\"widget\" data-widget_type=\"heading.default\">\n\t\t\t\t<div class=\"elementor-widget-container\">\n\t\t\t\t\t<h3 class=\"elementor-heading-title elementor-size-default\">Description<\/h3>\t\t\t\t<\/div>\n\t\t\t\t<\/div>\n\t\t\t\t<div class=\"elementor-element elementor-element-c6851c0 elementor-widget elementor-widget-text-editor\" data-id=\"c6851c0\" data-element_type=\"widget\" data-widget_type=\"text-editor.default\">\n\t\t\t\t<div class=\"elementor-widget-container\">\n\t\t\t\t\t\t\t\t\t<p>local commercial usage bureau ou agence.. au r\u00e9sidence Diyar 3<br>la o\u00f9 se trouve des activit\u00e9s commerciales et professionnels..<br>banques, agences cr\u00e9dit et assurances ,restaurant et m\u00e9decins..<\/p>\n<p>contactez-0662732307.<\/p><p>location; 4500\/dh<\/p><p>vente ; 500 000\/dh<\/p>\t\t\t\t\t\t\t\t<\/div>\n\t\t\t\t<\/div>\n\t\t\t\t\t<\/div>\n\t\t<\/div>\n\t\t\t\t\t<\/div>\n\t\t<\/section>\n\t\t\t\t<\/div>\n\t\t","protected":false},"excerpt":{"rendered":"<p>Description local commercial usage bureau ou agence.. au r\u00e9sidence Diyar 3la o\u00f9 se trouve des activit\u00e9s commerciales et professionnels..banques, agences [&hellip;]<\/p>\n","protected":false},"author":1,"featured_media":0,"parent":0,"menu_order":0,"comment_status":"closed","ping_status":"closed","template":"","meta":{"site-sidebar-layout":"no-sidebar","site-content-layout":"page-builder","ast-site-content-layout":"","site-content-style":"default","site-sidebar-style":"default","ast-global-header-display":"","ast-banner-title-visibility":"","ast-main-header-display":"","ast-hfb-above-header-display":"","ast-hfb-below-header-display":"","ast-hfb-mobile-header-display":"","site-post-title":"disabled","ast-breadcrumbs-content":"","ast-featured-img":"disabled","footer-sml-layout":"","theme-transparent-header-meta":"","adv-header-id-meta":"","stick-header-meta":"","header-above-stick-meta":"","header-main-stick-meta":"","header-below-stick-meta":"","astra-migrate-meta-layouts":"default","ast-page-background-enabled":"default","ast-page-background-meta":{"desktop":{"background-color":"","background-image":"","background-repeat":"repeat","background-position":"center center","background-size":"auto","background-attachment":"scroll","background-type":"","background-media":"","overlay-type":"","overlay-color":"","overlay-gradient":""},"tablet":{"background-color":"","background-image":"","background-repeat":"repeat","background-position":"center center","background-size":"auto","background-attachment":"scroll","background-type":"","background-media":"","overlay-type":"","overlay-color":"","overlay-gradient":""},"mobile":{"background-color":"","background-image":"","background-repeat":"repeat","background-position":"center center","background-size":"auto","background-attachment":"scroll","background-type":"","background-media":"","overlay-type":"","overlay-color":"","overlay-gradient":""}},"ast-content-background-meta":{"desktop":{"background-color":"var(--ast-global-color-5)","background-image":"","background-repeat":"repeat","background-position":"center center","background-size":"auto","background-attachment":"scroll","background-type":"","background-media":"","overlay-type":"","overlay-color":"","overlay-gradient":""},"tablet":{"background-color":"var(--ast-global-color-5)","background-image":"","background-repeat":"repeat","background-position":"center center","background-size":"auto","background-attachment":"scroll","background-type":"","background-media":"","overlay-type":"","overlay-color":"","overlay-gradient":""},"mobile":{"background-color":"var(--ast-global-color-5)","background-image":"","background-repeat":"repeat","background-position":"center center","background-size":"auto","background-attachment":"scroll","background-type":"","background-media":"","overlay-type":"","overlay-color":"","overlay-gradient":""}},"_joinchat":[],"footnotes":""},"class_list":["post-2093","page","type-page","status-publish","hentry"],"_links":{"self":[{"href":"https:\/\/immobilierami.com\/index.php\/wp-json\/wp\/v2\/pages\/2093","targetHints":{"allow":["GET"]}}],"collection":[{"href":"https:\/\/immobilierami.com\/index.php\/wp-json\/wp\/v2\/pages"}],"about":[{"href":"https:\/\/immobilierami.com\/index.php\/wp-json\/wp\/v2\/types\/page"}],"author":[{"embeddable":true,"href":"https:\/\/immobilierami.com\/index.php\/wp-json\/wp\/v2\/users\/1"}],"replies":[{"embeddable":true,"href":"https:\/\/immobilierami.com\/index.php\/wp-json\/wp\/v2\/comments?post=2093"}],"version-history":[{"count":6,"href":"https:\/\/immobilierami.com\/index.php\/wp-json\/wp\/v2\/pages\/2093\/revisions"}],"predecessor-version":[{"id":2101,"href":"https:\/\/immobilierami.com\/index.php\/wp-json\/wp\/v2\/pages\/2093\/revisions\/2101"}],"wp:attachment":[{"href":"https:\/\/immobilierami.com\/index.php\/wp-json\/wp\/v2\/media?parent=2093"}],"curies":[{"name":"wp","href":"https:\/\/api.w.org\/{rel}","templated":true}]}}