{"id":2056,"date":"2023-12-12T13:49:33","date_gmt":"2023-12-12T12:49:33","guid":{"rendered":"https:\/\/immobilierami.com\/?page_id=2056"},"modified":"2023-12-12T13:52:14","modified_gmt":"2023-12-12T12:52:14","slug":"appt-mers-lkheir","status":"publish","type":"page","link":"https:\/\/immobilierami.com\/index.php\/appt-mers-lkheir\/","title":{"rendered":"appt mers lkheir"},"content":{"rendered":"\t\t<div data-elementor-type=\"wp-page\" data-elementor-id=\"2056\" class=\"elementor elementor-2056\">\n\t\t\t\t\t\t<section class=\"elementor-section elementor-top-section elementor-element elementor-element-3fa57a1 elementor-section-boxed elementor-section-height-default elementor-section-height-default\" data-id=\"3fa57a1\" data-element_type=\"section\">\n\t\t\t\t\t\t<div class=\"elementor-container elementor-column-gap-default\">\n\t\t\t\t\t<div class=\"elementor-column elementor-col-100 elementor-top-column elementor-element elementor-element-d626be6\" data-id=\"d626be6\" data-element_type=\"column\">\n\t\t\t<div class=\"elementor-widget-wrap\">\n\t\t\t\t\t\t\t<\/div>\n\t\t<\/div>\n\t\t\t\t\t<\/div>\n\t\t<\/section>\n\t\t\t\t<section class=\"elementor-section elementor-top-section elementor-element elementor-element-30a8f15 elementor-section-boxed elementor-section-height-default elementor-section-height-default\" data-id=\"30a8f15\" data-element_type=\"section\">\n\t\t\t\t\t\t<div class=\"elementor-container elementor-column-gap-default\">\n\t\t\t\t\t<div class=\"elementor-column elementor-col-33 elementor-top-column elementor-element elementor-element-2c21a97\" data-id=\"2c21a97\" data-element_type=\"column\">\n\t\t\t<div class=\"elementor-widget-wrap elementor-element-populated\">\n\t\t\t\t\t\t<div class=\"elementor-element elementor-element-88f473d elementor-widget elementor-widget-image\" data-id=\"88f473d\" data-element_type=\"widget\" data-widget_type=\"image.default\">\n\t\t\t\t<div class=\"elementor-widget-container\">\n\t\t\t\t\t\t\t\t\t\t\t\t\t\t\t<img fetchpriority=\"high\" decoding=\"async\" width=\"581\" height=\"1032\" src=\"https:\/\/immobilierami.com\/wp-content\/uploads\/2023\/12\/WhatsApp-Image-2023-12-12-at-11.20.28-1.jpeg\" class=\"attachment-medium_large size-medium_large wp-image-2058\" alt=\"mers al kheir\" srcset=\"https:\/\/immobilierami.com\/wp-content\/uploads\/2023\/12\/WhatsApp-Image-2023-12-12-at-11.20.28-1.jpeg 581w, https:\/\/immobilierami.com\/wp-content\/uploads\/2023\/12\/WhatsApp-Image-2023-12-12-at-11.20.28-1-169x300.jpeg 169w, https:\/\/immobilierami.com\/wp-content\/uploads\/2023\/12\/WhatsApp-Image-2023-12-12-at-11.20.28-1-576x1024.jpeg 576w\" sizes=\"(max-width: 581px) 100vw, 581px\" \/>\t\t\t\t\t\t\t\t\t\t\t\t\t\t\t<\/div>\n\t\t\t\t<\/div>\n\t\t\t\t\t<\/div>\n\t\t<\/div>\n\t\t\t\t<div class=\"elementor-column elementor-col-33 elementor-top-column elementor-element elementor-element-8d43164\" data-id=\"8d43164\" data-element_type=\"column\">\n\t\t\t<div class=\"elementor-widget-wrap elementor-element-populated\">\n\t\t\t\t\t\t<div class=\"elementor-element elementor-element-5e25cd0 elementor-widget elementor-widget-image\" data-id=\"5e25cd0\" data-element_type=\"widget\" data-widget_type=\"image.default\">\n\t\t\t\t<div class=\"elementor-widget-container\">\n\t\t\t\t\t\t\t\t\t\t\t\t\t\t\t<img decoding=\"async\" width=\"576\" height=\"1024\" src=\"https:\/\/immobilierami.com\/wp-content\/uploads\/2023\/12\/WhatsApp-Image-2023-12-12-at-11.20.27-576x1024.jpeg\" class=\"attachment-large size-large wp-image-2060\" alt=\"\" srcset=\"https:\/\/immobilierami.com\/wp-content\/uploads\/2023\/12\/WhatsApp-Image-2023-12-12-at-11.20.27-576x1024.jpeg 576w, https:\/\/immobilierami.com\/wp-content\/uploads\/2023\/12\/WhatsApp-Image-2023-12-12-at-11.20.27-169x300.jpeg 169w, https:\/\/immobilierami.com\/wp-content\/uploads\/2023\/12\/WhatsApp-Image-2023-12-12-at-11.20.27.jpeg 581w\" sizes=\"(max-width: 576px) 100vw, 576px\" \/>\t\t\t\t\t\t\t\t\t\t\t\t\t\t\t<\/div>\n\t\t\t\t<\/div>\n\t\t\t\t\t<\/div>\n\t\t<\/div>\n\t\t\t\t<div class=\"elementor-column elementor-col-33 elementor-top-column elementor-element elementor-element-17273b6\" data-id=\"17273b6\" data-element_type=\"column\">\n\t\t\t<div class=\"elementor-widget-wrap elementor-element-populated\">\n\t\t\t\t\t\t<div class=\"elementor-element elementor-element-004d75c elementor-widget elementor-widget-image\" data-id=\"004d75c\" data-element_type=\"widget\" data-widget_type=\"image.default\">\n\t\t\t\t<div class=\"elementor-widget-container\">\n\t\t\t\t\t\t\t\t\t\t\t\t\t\t\t<img decoding=\"async\" width=\"576\" height=\"1024\" src=\"https:\/\/immobilierami.com\/wp-content\/uploads\/2023\/12\/WhatsApp-Image-2023-12-12-at-11.20.28-576x1024.jpeg\" class=\"attachment-large size-large wp-image-2063\" alt=\"\" srcset=\"https:\/\/immobilierami.com\/wp-content\/uploads\/2023\/12\/WhatsApp-Image-2023-12-12-at-11.20.28-576x1024.jpeg 576w, https:\/\/immobilierami.com\/wp-content\/uploads\/2023\/12\/WhatsApp-Image-2023-12-12-at-11.20.28-169x300.jpeg 169w, https:\/\/immobilierami.com\/wp-content\/uploads\/2023\/12\/WhatsApp-Image-2023-12-12-at-11.20.28.jpeg 720w\" sizes=\"(max-width: 576px) 100vw, 576px\" \/>\t\t\t\t\t\t\t\t\t\t\t\t\t\t\t<\/div>\n\t\t\t\t<\/div>\n\t\t\t\t\t<\/div>\n\t\t<\/div>\n\t\t\t\t\t<\/div>\n\t\t<\/section>\n\t\t\t\t<section class=\"elementor-section elementor-top-section elementor-element elementor-element-31c4046 elementor-section-boxed elementor-section-height-default elementor-section-height-default\" data-id=\"31c4046\" data-element_type=\"section\">\n\t\t\t\t\t\t<div class=\"elementor-container elementor-column-gap-default\">\n\t\t\t\t\t<div class=\"elementor-column elementor-col-33 elementor-top-column elementor-element elementor-element-55576ac\" data-id=\"55576ac\" data-element_type=\"column\">\n\t\t\t<div class=\"elementor-widget-wrap elementor-element-populated\">\n\t\t\t\t\t\t<div class=\"elementor-element elementor-element-887ccbd elementor-widget elementor-widget-image\" data-id=\"887ccbd\" data-element_type=\"widget\" data-widget_type=\"image.default\">\n\t\t\t\t<div class=\"elementor-widget-container\">\n\t\t\t\t\t\t\t\t\t\t\t\t\t\t\t<img loading=\"lazy\" decoding=\"async\" width=\"576\" height=\"1024\" src=\"https:\/\/immobilierami.com\/wp-content\/uploads\/2023\/12\/WhatsApp-Image-2023-12-12-at-11.28.39-1-576x1024.jpeg\" class=\"attachment-large size-large wp-image-2064\" alt=\"\" srcset=\"https:\/\/immobilierami.com\/wp-content\/uploads\/2023\/12\/WhatsApp-Image-2023-12-12-at-11.28.39-1-576x1024.jpeg 576w, https:\/\/immobilierami.com\/wp-content\/uploads\/2023\/12\/WhatsApp-Image-2023-12-12-at-11.28.39-1-169x300.jpeg 169w, https:\/\/immobilierami.com\/wp-content\/uploads\/2023\/12\/WhatsApp-Image-2023-12-12-at-11.28.39-1.jpeg 581w\" sizes=\"(max-width: 576px) 100vw, 576px\" \/>\t\t\t\t\t\t\t\t\t\t\t\t\t\t\t<\/div>\n\t\t\t\t<\/div>\n\t\t\t\t\t<\/div>\n\t\t<\/div>\n\t\t\t\t<div class=\"elementor-column elementor-col-33 elementor-top-column elementor-element elementor-element-e253d47\" data-id=\"e253d47\" data-element_type=\"column\">\n\t\t\t<div class=\"elementor-widget-wrap elementor-element-populated\">\n\t\t\t\t\t\t<div class=\"elementor-element elementor-element-15493ef elementor-widget elementor-widget-image\" data-id=\"15493ef\" data-element_type=\"widget\" data-widget_type=\"image.default\">\n\t\t\t\t<div class=\"elementor-widget-container\">\n\t\t\t\t\t\t\t\t\t\t\t\t\t\t\t<img loading=\"lazy\" decoding=\"async\" width=\"1024\" height=\"576\" src=\"https:\/\/immobilierami.com\/wp-content\/uploads\/2023\/12\/WhatsApp-Image-2023-12-12-at-11.31.10-1024x576.jpeg\" class=\"attachment-large size-large wp-image-2065\" alt=\"\" srcset=\"https:\/\/immobilierami.com\/wp-content\/uploads\/2023\/12\/WhatsApp-Image-2023-12-12-at-11.31.10-1024x576.jpeg 1024w, https:\/\/immobilierami.com\/wp-content\/uploads\/2023\/12\/WhatsApp-Image-2023-12-12-at-11.31.10-300x169.jpeg 300w, https:\/\/immobilierami.com\/wp-content\/uploads\/2023\/12\/WhatsApp-Image-2023-12-12-at-11.31.10-768x432.jpeg 768w, https:\/\/immobilierami.com\/wp-content\/uploads\/2023\/12\/WhatsApp-Image-2023-12-12-at-11.31.10.jpeg 1032w\" sizes=\"(max-width: 1024px) 100vw, 1024px\" \/>\t\t\t\t\t\t\t\t\t\t\t\t\t\t\t<\/div>\n\t\t\t\t<\/div>\n\t\t\t\t\t<\/div>\n\t\t<\/div>\n\t\t\t\t<div class=\"elementor-column elementor-col-33 elementor-top-column elementor-element elementor-element-4d8dfb7\" data-id=\"4d8dfb7\" data-element_type=\"column\">\n\t\t\t<div class=\"elementor-widget-wrap elementor-element-populated\">\n\t\t\t\t\t\t<div class=\"elementor-element elementor-element-49b6162 elementor-widget elementor-widget-image\" data-id=\"49b6162\" data-element_type=\"widget\" data-widget_type=\"image.default\">\n\t\t\t\t<div class=\"elementor-widget-container\">\n\t\t\t\t\t\t\t\t\t\t\t\t\t\t\t<img loading=\"lazy\" decoding=\"async\" width=\"576\" height=\"1024\" src=\"https:\/\/immobilierami.com\/wp-content\/uploads\/2023\/12\/WhatsApp-Image-2023-12-12-at-11.31.55-576x1024.jpeg\" class=\"attachment-large size-large wp-image-2066\" alt=\"\" srcset=\"https:\/\/immobilierami.com\/wp-content\/uploads\/2023\/12\/WhatsApp-Image-2023-12-12-at-11.31.55-576x1024.jpeg 576w, https:\/\/immobilierami.com\/wp-content\/uploads\/2023\/12\/WhatsApp-Image-2023-12-12-at-11.31.55-169x300.jpeg 169w, https:\/\/immobilierami.com\/wp-content\/uploads\/2023\/12\/WhatsApp-Image-2023-12-12-at-11.31.55.jpeg 720w\" sizes=\"(max-width: 576px) 100vw, 576px\" \/>\t\t\t\t\t\t\t\t\t\t\t\t\t\t\t<\/div>\n\t\t\t\t<\/div>\n\t\t\t\t\t<\/div>\n\t\t<\/div>\n\t\t\t\t\t<\/div>\n\t\t<\/section>\n\t\t\t\t<section class=\"elementor-section elementor-top-section elementor-element elementor-element-6a51824 elementor-section-boxed elementor-section-height-default elementor-section-height-default\" data-id=\"6a51824\" data-element_type=\"section\">\n\t\t\t\t\t\t<div class=\"elementor-container elementor-column-gap-default\">\n\t\t\t\t\t<div class=\"elementor-column elementor-col-100 elementor-top-column elementor-element elementor-element-75e3fc3\" data-id=\"75e3fc3\" data-element_type=\"column\">\n\t\t\t<div class=\"elementor-widget-wrap elementor-element-populated\">\n\t\t\t\t\t\t<div class=\"elementor-element elementor-element-c1a17aa elementor-widget elementor-widget-spacer\" data-id=\"c1a17aa\" data-element_type=\"widget\" data-widget_type=\"spacer.default\">\n\t\t\t\t<div class=\"elementor-widget-container\">\n\t\t\t\t\t\t\t<div class=\"elementor-spacer\">\n\t\t\t<div class=\"elementor-spacer-inner\"><\/div>\n\t\t<\/div>\n\t\t\t\t\t\t<\/div>\n\t\t\t\t<\/div>\n\t\t\t\t\t<\/div>\n\t\t<\/div>\n\t\t\t\t\t<\/div>\n\t\t<\/section>\n\t\t\t\t<section class=\"elementor-section elementor-top-section elementor-element elementor-element-973e132 elementor-section-boxed elementor-section-height-default elementor-section-height-default\" data-id=\"973e132\" data-element_type=\"section\">\n\t\t\t\t\t\t<div class=\"elementor-container elementor-column-gap-default\">\n\t\t\t\t\t<div class=\"elementor-column elementor-col-100 elementor-top-column elementor-element elementor-element-6548346\" data-id=\"6548346\" data-element_type=\"column\">\n\t\t\t<div class=\"elementor-widget-wrap elementor-element-populated\">\n\t\t\t\t\t\t<div class=\"elementor-element elementor-element-5951c84 elementor-widget elementor-widget-heading\" data-id=\"5951c84\" data-element_type=\"widget\" data-widget_type=\"heading.default\">\n\t\t\t\t<div class=\"elementor-widget-container\">\n\t\t\t\t\t<h3 class=\"elementor-heading-title elementor-size-default\">Description<\/h3>\t\t\t\t<\/div>\n\t\t\t\t<\/div>\n\t\t\t\t<div class=\"elementor-element elementor-element-4fb9d82 elementor-widget elementor-widget-text-editor\" data-id=\"4fb9d82\" data-element_type=\"widget\" data-widget_type=\"text-editor.default\">\n\t\t\t\t<div class=\"elementor-widget-container\">\n\t\t\t\t\t\t\t\t\t<p>Je mets en vente un superbe appartement neuf de 88 m\u00b2 \u00e0 T\u00e9mara.<\/p>\n<p>Situ\u00e9 au rez-de-chauss\u00e9e, l&rsquo;appartement dispose de trois chambres spacieuses, un salon accueillant, un s\u00e9jour lumineux, une salle de bain moderne, une cuisine avec buanderie int\u00e9gr\u00e9e et une place de parking r\u00e9serv\u00e9e.<\/p>\n<p>N\u2019attendez plus, contactez-moi au plus vite, pour visiter ce bel appartement ou pour en savoir plus.<\/p><p>0662732307<\/p>\t\t\t\t\t\t\t\t<\/div>\n\t\t\t\t<\/div>\n\t\t\t\t\t<\/div>\n\t\t<\/div>\n\t\t\t\t\t<\/div>\n\t\t<\/section>\n\t\t\t\t<\/div>\n\t\t","protected":false},"excerpt":{"rendered":"<p>Description Je mets en vente un superbe appartement neuf de 88 m\u00b2 \u00e0 T\u00e9mara. Situ\u00e9 au rez-de-chauss\u00e9e, l&rsquo;appartement dispose de [&hellip;]<\/p>\n","protected":false},"author":1,"featured_media":0,"parent":0,"menu_order":0,"comment_status":"closed","ping_status":"closed","template":"","meta":{"site-sidebar-layout":"no-sidebar","site-content-layout":"page-builder","ast-site-content-layout":"","site-content-style":"default","site-sidebar-style":"default","ast-global-header-display":"","ast-banner-title-visibility":"","ast-main-header-display":"","ast-hfb-above-header-display":"","ast-hfb-below-header-display":"","ast-hfb-mobile-header-display":"","site-post-title":"disabled","ast-breadcrumbs-content":"","ast-featured-img":"disabled","footer-sml-layout":"","theme-transparent-header-meta":"","adv-header-id-meta":"","stick-header-meta":"","header-above-stick-meta":"","header-main-stick-meta":"","header-below-stick-meta":"","astra-migrate-meta-layouts":"default","ast-page-background-enabled":"default","ast-page-background-meta":{"desktop":{"background-color":"","background-image":"","background-repeat":"repeat","background-position":"center center","background-size":"auto","background-attachment":"scroll","background-type":"","background-media":"","overlay-type":"","overlay-color":"","overlay-gradient":""},"tablet":{"background-color":"","background-image":"","background-repeat":"repeat","background-position":"center center","background-size":"auto","background-attachment":"scroll","background-type":"","background-media":"","overlay-type":"","overlay-color":"","overlay-gradient":""},"mobile":{"background-color":"","background-image":"","background-repeat":"repeat","background-position":"center center","background-size":"auto","background-attachment":"scroll","background-type":"","background-media":"","overlay-type":"","overlay-color":"","overlay-gradient":""}},"ast-content-background-meta":{"desktop":{"background-color":"var(--ast-global-color-5)","background-image":"","background-repeat":"repeat","background-position":"center center","background-size":"auto","background-attachment":"scroll","background-type":"","background-media":"","overlay-type":"","overlay-color":"","overlay-gradient":""},"tablet":{"background-color":"var(--ast-global-color-5)","background-image":"","background-repeat":"repeat","background-position":"center center","background-size":"auto","background-attachment":"scroll","background-type":"","background-media":"","overlay-type":"","overlay-color":"","overlay-gradient":""},"mobile":{"background-color":"var(--ast-global-color-5)","background-image":"","background-repeat":"repeat","background-position":"center center","background-size":"auto","background-attachment":"scroll","background-type":"","background-media":"","overlay-type":"","overlay-color":"","overlay-gradient":""}},"_joinchat":[],"footnotes":""},"class_list":["post-2056","page","type-page","status-publish","hentry"],"_links":{"self":[{"href":"https:\/\/immobilierami.com\/index.php\/wp-json\/wp\/v2\/pages\/2056","targetHints":{"allow":["GET"]}}],"collection":[{"href":"https:\/\/immobilierami.com\/index.php\/wp-json\/wp\/v2\/pages"}],"about":[{"href":"https:\/\/immobilierami.com\/index.php\/wp-json\/wp\/v2\/types\/page"}],"author":[{"embeddable":true,"href":"https:\/\/immobilierami.com\/index.php\/wp-json\/wp\/v2\/users\/1"}],"replies":[{"embeddable":true,"href":"https:\/\/immobilierami.com\/index.php\/wp-json\/wp\/v2\/comments?post=2056"}],"version-history":[{"count":7,"href":"https:\/\/immobilierami.com\/index.php\/wp-json\/wp\/v2\/pages\/2056\/revisions"}],"predecessor-version":[{"id":2072,"href":"https:\/\/immobilierami.com\/index.php\/wp-json\/wp\/v2\/pages\/2056\/revisions\/2072"}],"wp:attachment":[{"href":"https:\/\/immobilierami.com\/index.php\/wp-json\/wp\/v2\/media?parent=2056"}],"curies":[{"name":"wp","href":"https:\/\/api.w.org\/{rel}","templated":true}]}}