{"id":2026,"date":"2023-11-16T23:17:40","date_gmt":"2023-11-16T22:17:40","guid":{"rendered":"https:\/\/immobilierami.com\/?page_id=2026"},"modified":"2023-11-16T23:29:31","modified_gmt":"2023-11-16T22:29:31","slug":"rabat-appartement-meuble","status":"publish","type":"page","link":"https:\/\/immobilierami.com\/index.php\/rabat-appartement-meuble\/","title":{"rendered":"rabat appartement meuble"},"content":{"rendered":"\t\t<div data-elementor-type=\"wp-page\" data-elementor-id=\"2026\" class=\"elementor elementor-2026\">\n\t\t\t\t\t\t<section class=\"elementor-section elementor-top-section elementor-element elementor-element-f1e4d42 elementor-section-boxed elementor-section-height-default elementor-section-height-default\" data-id=\"f1e4d42\" data-element_type=\"section\">\n\t\t\t\t\t\t<div class=\"elementor-container elementor-column-gap-default\">\n\t\t\t\t\t<div class=\"elementor-column elementor-col-25 elementor-top-column elementor-element elementor-element-198144a\" data-id=\"198144a\" data-element_type=\"column\">\n\t\t\t<div class=\"elementor-widget-wrap elementor-element-populated\">\n\t\t\t\t\t\t<div class=\"elementor-element elementor-element-3a8eb2d elementor-widget elementor-widget-image\" data-id=\"3a8eb2d\" data-element_type=\"widget\" data-widget_type=\"image.default\">\n\t\t\t\t<div class=\"elementor-widget-container\">\n\t\t\t\t\t\t\t\t\t\t\t\t\t\t\t<img fetchpriority=\"high\" decoding=\"async\" width=\"768\" height=\"1024\" src=\"https:\/\/immobilierami.com\/wp-content\/uploads\/2023\/11\/WhatsApp-Image-2023-11-16-at-11.57.48.jpeg\" class=\"attachment-large size-large wp-image-2028\" alt=\"appartement a rabat\" srcset=\"https:\/\/immobilierami.com\/wp-content\/uploads\/2023\/11\/WhatsApp-Image-2023-11-16-at-11.57.48.jpeg 768w, https:\/\/immobilierami.com\/wp-content\/uploads\/2023\/11\/WhatsApp-Image-2023-11-16-at-11.57.48-225x300.jpeg 225w\" sizes=\"(max-width: 768px) 100vw, 768px\" \/>\t\t\t\t\t\t\t\t\t\t\t\t\t\t\t<\/div>\n\t\t\t\t<\/div>\n\t\t\t\t\t<\/div>\n\t\t<\/div>\n\t\t\t\t<div class=\"elementor-column elementor-col-25 elementor-top-column elementor-element elementor-element-b318a56\" data-id=\"b318a56\" data-element_type=\"column\">\n\t\t\t<div class=\"elementor-widget-wrap elementor-element-populated\">\n\t\t\t\t\t\t<div class=\"elementor-element elementor-element-a6bc3e7 elementor-widget elementor-widget-image\" data-id=\"a6bc3e7\" data-element_type=\"widget\" data-widget_type=\"image.default\">\n\t\t\t\t<div class=\"elementor-widget-container\">\n\t\t\t\t\t\t\t\t\t\t\t\t\t\t\t<img decoding=\"async\" width=\"768\" height=\"1024\" src=\"https:\/\/immobilierami.com\/wp-content\/uploads\/2023\/11\/WhatsApp-Image-2023-11-16-at-11.57.44.jpeg\" class=\"attachment-large size-large wp-image-2029\" alt=\"appartement de lux\" srcset=\"https:\/\/immobilierami.com\/wp-content\/uploads\/2023\/11\/WhatsApp-Image-2023-11-16-at-11.57.44.jpeg 768w, https:\/\/immobilierami.com\/wp-content\/uploads\/2023\/11\/WhatsApp-Image-2023-11-16-at-11.57.44-225x300.jpeg 225w\" sizes=\"(max-width: 768px) 100vw, 768px\" \/>\t\t\t\t\t\t\t\t\t\t\t\t\t\t\t<\/div>\n\t\t\t\t<\/div>\n\t\t\t\t\t<\/div>\n\t\t<\/div>\n\t\t\t\t<div class=\"elementor-column elementor-col-25 elementor-top-column elementor-element elementor-element-756d1b6\" data-id=\"756d1b6\" data-element_type=\"column\">\n\t\t\t<div class=\"elementor-widget-wrap elementor-element-populated\">\n\t\t\t\t\t\t<div class=\"elementor-element elementor-element-9f4dffc elementor-widget elementor-widget-image\" data-id=\"9f4dffc\" data-element_type=\"widget\" data-widget_type=\"image.default\">\n\t\t\t\t<div class=\"elementor-widget-container\">\n\t\t\t\t\t\t\t\t\t\t\t\t\t\t\t<img decoding=\"async\" width=\"768\" height=\"1024\" src=\"https:\/\/immobilierami.com\/wp-content\/uploads\/2023\/11\/WhatsApp-Image-2023-11-16-at-11.57.45.jpeg\" class=\"attachment-large size-large wp-image-2030\" alt=\"\" srcset=\"https:\/\/immobilierami.com\/wp-content\/uploads\/2023\/11\/WhatsApp-Image-2023-11-16-at-11.57.45.jpeg 768w, https:\/\/immobilierami.com\/wp-content\/uploads\/2023\/11\/WhatsApp-Image-2023-11-16-at-11.57.45-225x300.jpeg 225w\" sizes=\"(max-width: 768px) 100vw, 768px\" \/>\t\t\t\t\t\t\t\t\t\t\t\t\t\t\t<\/div>\n\t\t\t\t<\/div>\n\t\t\t\t\t<\/div>\n\t\t<\/div>\n\t\t\t\t<div class=\"elementor-column elementor-col-25 elementor-top-column elementor-element elementor-element-8ed661b\" data-id=\"8ed661b\" data-element_type=\"column\">\n\t\t\t<div class=\"elementor-widget-wrap elementor-element-populated\">\n\t\t\t\t\t\t<div class=\"elementor-element elementor-element-8537c55 elementor-widget elementor-widget-image\" data-id=\"8537c55\" data-element_type=\"widget\" data-widget_type=\"image.default\">\n\t\t\t\t<div class=\"elementor-widget-container\">\n\t\t\t\t\t\t\t\t\t\t\t\t\t\t\t<img loading=\"lazy\" decoding=\"async\" width=\"768\" height=\"1024\" src=\"https:\/\/immobilierami.com\/wp-content\/uploads\/2023\/11\/WhatsApp-Image-2023-11-16-at-11.57.46-1.jpeg\" class=\"attachment-large size-large wp-image-2031\" alt=\"\" srcset=\"https:\/\/immobilierami.com\/wp-content\/uploads\/2023\/11\/WhatsApp-Image-2023-11-16-at-11.57.46-1.jpeg 768w, https:\/\/immobilierami.com\/wp-content\/uploads\/2023\/11\/WhatsApp-Image-2023-11-16-at-11.57.46-1-225x300.jpeg 225w\" sizes=\"(max-width: 768px) 100vw, 768px\" \/>\t\t\t\t\t\t\t\t\t\t\t\t\t\t\t<\/div>\n\t\t\t\t<\/div>\n\t\t\t\t\t<\/div>\n\t\t<\/div>\n\t\t\t\t\t<\/div>\n\t\t<\/section>\n\t\t\t\t<section class=\"elementor-section elementor-top-section elementor-element elementor-element-9a3f498 elementor-section-boxed elementor-section-height-default elementor-section-height-default\" data-id=\"9a3f498\" data-element_type=\"section\">\n\t\t\t\t\t\t<div class=\"elementor-container elementor-column-gap-default\">\n\t\t\t\t\t<div class=\"elementor-column elementor-col-25 elementor-top-column elementor-element elementor-element-9b0279b\" data-id=\"9b0279b\" data-element_type=\"column\">\n\t\t\t<div class=\"elementor-widget-wrap elementor-element-populated\">\n\t\t\t\t\t\t<div class=\"elementor-element elementor-element-e5ed6dc elementor-widget elementor-widget-image\" data-id=\"e5ed6dc\" data-element_type=\"widget\" data-widget_type=\"image.default\">\n\t\t\t\t<div class=\"elementor-widget-container\">\n\t\t\t\t\t\t\t\t\t\t\t\t\t\t\t<img loading=\"lazy\" decoding=\"async\" width=\"768\" height=\"1024\" src=\"https:\/\/immobilierami.com\/wp-content\/uploads\/2023\/11\/WhatsApp-Image-2023-11-16-at-11.57.46-2.jpeg\" class=\"attachment-large size-large wp-image-2032\" alt=\"\" srcset=\"https:\/\/immobilierami.com\/wp-content\/uploads\/2023\/11\/WhatsApp-Image-2023-11-16-at-11.57.46-2.jpeg 768w, https:\/\/immobilierami.com\/wp-content\/uploads\/2023\/11\/WhatsApp-Image-2023-11-16-at-11.57.46-2-225x300.jpeg 225w\" sizes=\"(max-width: 768px) 100vw, 768px\" \/>\t\t\t\t\t\t\t\t\t\t\t\t\t\t\t<\/div>\n\t\t\t\t<\/div>\n\t\t\t\t\t<\/div>\n\t\t<\/div>\n\t\t\t\t<div class=\"elementor-column elementor-col-25 elementor-top-column elementor-element elementor-element-4869646\" data-id=\"4869646\" data-element_type=\"column\">\n\t\t\t<div class=\"elementor-widget-wrap elementor-element-populated\">\n\t\t\t\t\t\t<div class=\"elementor-element elementor-element-cf327cc elementor-widget elementor-widget-image\" data-id=\"cf327cc\" data-element_type=\"widget\" data-widget_type=\"image.default\">\n\t\t\t\t<div class=\"elementor-widget-container\">\n\t\t\t\t\t\t\t\t\t\t\t\t\t\t\t<img loading=\"lazy\" decoding=\"async\" width=\"768\" height=\"1024\" src=\"https:\/\/immobilierami.com\/wp-content\/uploads\/2023\/11\/WhatsApp-Image-2023-11-16-at-11.57.46-3.jpeg\" class=\"attachment-large size-large wp-image-2033\" alt=\"\" srcset=\"https:\/\/immobilierami.com\/wp-content\/uploads\/2023\/11\/WhatsApp-Image-2023-11-16-at-11.57.46-3.jpeg 768w, https:\/\/immobilierami.com\/wp-content\/uploads\/2023\/11\/WhatsApp-Image-2023-11-16-at-11.57.46-3-225x300.jpeg 225w\" sizes=\"(max-width: 768px) 100vw, 768px\" \/>\t\t\t\t\t\t\t\t\t\t\t\t\t\t\t<\/div>\n\t\t\t\t<\/div>\n\t\t\t\t\t<\/div>\n\t\t<\/div>\n\t\t\t\t<div class=\"elementor-column elementor-col-25 elementor-top-column elementor-element elementor-element-631775c\" data-id=\"631775c\" data-element_type=\"column\">\n\t\t\t<div class=\"elementor-widget-wrap elementor-element-populated\">\n\t\t\t\t\t\t<div class=\"elementor-element elementor-element-271d7d1 elementor-widget elementor-widget-image\" data-id=\"271d7d1\" data-element_type=\"widget\" data-widget_type=\"image.default\">\n\t\t\t\t<div class=\"elementor-widget-container\">\n\t\t\t\t\t\t\t\t\t\t\t\t\t\t\t<img loading=\"lazy\" decoding=\"async\" width=\"768\" height=\"1024\" src=\"https:\/\/immobilierami.com\/wp-content\/uploads\/2023\/11\/WhatsApp-Image-2023-11-16-at-11.57.46.jpeg\" class=\"attachment-large size-large wp-image-2034\" alt=\"\" srcset=\"https:\/\/immobilierami.com\/wp-content\/uploads\/2023\/11\/WhatsApp-Image-2023-11-16-at-11.57.46.jpeg 768w, https:\/\/immobilierami.com\/wp-content\/uploads\/2023\/11\/WhatsApp-Image-2023-11-16-at-11.57.46-225x300.jpeg 225w\" sizes=\"(max-width: 768px) 100vw, 768px\" \/>\t\t\t\t\t\t\t\t\t\t\t\t\t\t\t<\/div>\n\t\t\t\t<\/div>\n\t\t\t\t\t<\/div>\n\t\t<\/div>\n\t\t\t\t<div class=\"elementor-column elementor-col-25 elementor-top-column elementor-element elementor-element-cc8e3d1\" data-id=\"cc8e3d1\" data-element_type=\"column\">\n\t\t\t<div class=\"elementor-widget-wrap elementor-element-populated\">\n\t\t\t\t\t\t<div class=\"elementor-element elementor-element-952e78f elementor-widget elementor-widget-image\" data-id=\"952e78f\" data-element_type=\"widget\" data-widget_type=\"image.default\">\n\t\t\t\t<div class=\"elementor-widget-container\">\n\t\t\t\t\t\t\t\t\t\t\t\t\t\t\t<img loading=\"lazy\" decoding=\"async\" width=\"768\" height=\"1024\" src=\"https:\/\/immobilierami.com\/wp-content\/uploads\/2023\/11\/WhatsApp-Image-2023-11-16-at-11.57.47.jpeg\" class=\"attachment-large size-large wp-image-2035\" alt=\"\" srcset=\"https:\/\/immobilierami.com\/wp-content\/uploads\/2023\/11\/WhatsApp-Image-2023-11-16-at-11.57.47.jpeg 768w, https:\/\/immobilierami.com\/wp-content\/uploads\/2023\/11\/WhatsApp-Image-2023-11-16-at-11.57.47-225x300.jpeg 225w\" sizes=\"(max-width: 768px) 100vw, 768px\" \/>\t\t\t\t\t\t\t\t\t\t\t\t\t\t\t<\/div>\n\t\t\t\t<\/div>\n\t\t\t\t\t<\/div>\n\t\t<\/div>\n\t\t\t\t\t<\/div>\n\t\t<\/section>\n\t\t\t\t<section class=\"elementor-section elementor-top-section elementor-element elementor-element-e91a8fb elementor-section-boxed elementor-section-height-default elementor-section-height-default\" data-id=\"e91a8fb\" data-element_type=\"section\">\n\t\t\t\t\t\t<div class=\"elementor-container elementor-column-gap-default\">\n\t\t\t\t\t<div class=\"elementor-column elementor-col-100 elementor-top-column elementor-element elementor-element-1695f95\" data-id=\"1695f95\" data-element_type=\"column\">\n\t\t\t<div class=\"elementor-widget-wrap\">\n\t\t\t\t\t\t\t<\/div>\n\t\t<\/div>\n\t\t\t\t\t<\/div>\n\t\t<\/section>\n\t\t\t\t<section class=\"elementor-section elementor-top-section elementor-element elementor-element-320bb9c elementor-section-boxed elementor-section-height-default elementor-section-height-default\" data-id=\"320bb9c\" data-element_type=\"section\">\n\t\t\t\t\t\t<div class=\"elementor-container elementor-column-gap-default\">\n\t\t\t\t\t<div class=\"elementor-column elementor-col-100 elementor-top-column elementor-element elementor-element-9147bec\" data-id=\"9147bec\" data-element_type=\"column\">\n\t\t\t<div class=\"elementor-widget-wrap elementor-element-populated\">\n\t\t\t\t\t\t<div class=\"elementor-element elementor-element-e5387a8 elementor-widget elementor-widget-heading\" data-id=\"e5387a8\" data-element_type=\"widget\" data-widget_type=\"heading.default\">\n\t\t\t\t<div class=\"elementor-widget-container\">\n\t\t\t\t\t<h3 class=\"elementor-heading-title elementor-size-default\">Ajoutez votre titre ici<\/h3>\t\t\t\t<\/div>\n\t\t\t\t<\/div>\n\t\t\t\t<div class=\"elementor-element elementor-element-44cfe5b elementor-widget elementor-widget-text-editor\" data-id=\"44cfe5b\" data-element_type=\"widget\" data-widget_type=\"text-editor.default\">\n\t\t\t\t<div class=\"elementor-widget-container\">\n\t\t\t\t\t\t\t\t\t<p>\u062c\u062f\u064a\u062f\u0629\u060c143 \u0645\u062a\u0631 \u060c\u0631\u0627\u0626\u0639\u0629 \u0628\u0625\u0642\u0627\u0645\u0629 \u0645\u0645\u064a\u0632\u0629 \u0648\u0645\u0643\u0627\u0646 \u0627\u0633\u062a\u0631\u0627\u062a\u064a\u062c\u064a \u0628\u0627\u0644\u0631\u0628\u0627\u0637<br \/>\u0645\u0624\u062a\u062a\u0629 \u060c\u0645\u0637\u0628\u062e \u0645\u062c\u0647\u0632 \u0645\u0637\u0644\u0629 \u0639\u0644\u0649 \u0641\u0636\u0627\u0621 \u0623\u062e\u0636\u0631 \u0628\u062c\u0627\u0646\u0628 \u0633\u0627\u062d\u0644 \u0627\u0644\u0631\u0628\u0627\u0637 \u0648\u0627\u0644\u0645\u0633\u0628\u062d<br \/>\u00a0 \u060c\u0642\u0631\u0628 \u0627\u0644\u0637\u0631\u064a\u0642 \u0627\u0644\u0633\u0627\u062d\u0644<\/p><p>appartement de lux meuble a loue\u00a0<\/p><p>143 m\u00e8tres- 3 chambres et salon-2sdb-2 balcons- 2 ascenseurs-r\u00e9sidence s\u00e9curis\u00e9 n&rsquo;h\u00e9sitez pas a me contacter pour plus<\/p><p>0662732307<\/p>\t\t\t\t\t\t\t\t<\/div>\n\t\t\t\t<\/div>\n\t\t\t\t\t<\/div>\n\t\t<\/div>\n\t\t\t\t\t<\/div>\n\t\t<\/section>\n\t\t\t\t<\/div>\n\t\t","protected":false},"excerpt":{"rendered":"<p>Ajoutez votre titre ici \u062c\u062f\u064a\u062f\u0629\u060c143 \u0645\u062a\u0631 \u060c\u0631\u0627\u0626\u0639\u0629 \u0628\u0625\u0642\u0627\u0645\u0629 \u0645\u0645\u064a\u0632\u0629 \u0648\u0645\u0643\u0627\u0646 \u0627\u0633\u062a\u0631\u0627\u062a\u064a\u062c\u064a \u0628\u0627\u0644\u0631\u0628\u0627\u0637\u0645\u0624\u062a\u062a\u0629 \u060c\u0645\u0637\u0628\u062e \u0645\u062c\u0647\u0632 \u0645\u0637\u0644\u0629 \u0639\u0644\u0649 \u0641\u0636\u0627\u0621 \u0623\u062e\u0636\u0631 \u0628\u062c\u0627\u0646\u0628 \u0633\u0627\u062d\u0644 [&hellip;]<\/p>\n","protected":false},"author":1,"featured_media":0,"parent":0,"menu_order":0,"comment_status":"closed","ping_status":"closed","template":"","meta":{"site-sidebar-layout":"no-sidebar","site-content-layout":"page-builder","ast-site-content-layout":"","site-content-style":"default","site-sidebar-style":"default","ast-global-header-display":"","ast-banner-title-visibility":"","ast-main-header-display":"","ast-hfb-above-header-display":"","ast-hfb-below-header-display":"","ast-hfb-mobile-header-display":"","site-post-title":"disabled","ast-breadcrumbs-content":"","ast-featured-img":"disabled","footer-sml-layout":"","theme-transparent-header-meta":"","adv-header-id-meta":"","stick-header-meta":"","header-above-stick-meta":"","header-main-stick-meta":"","header-below-stick-meta":"","astra-migrate-meta-layouts":"default","ast-page-background-enabled":"default","ast-page-background-meta":{"desktop":{"background-color":"","background-image":"","background-repeat":"repeat","background-position":"center center","background-size":"auto","background-attachment":"scroll","background-type":"","background-media":"","overlay-type":"","overlay-color":"","overlay-gradient":""},"tablet":{"background-color":"","background-image":"","background-repeat":"repeat","background-position":"center center","background-size":"auto","background-attachment":"scroll","background-type":"","background-media":"","overlay-type":"","overlay-color":"","overlay-gradient":""},"mobile":{"background-color":"","background-image":"","background-repeat":"repeat","background-position":"center center","background-size":"auto","background-attachment":"scroll","background-type":"","background-media":"","overlay-type":"","overlay-color":"","overlay-gradient":""}},"ast-content-background-meta":{"desktop":{"background-color":"var(--ast-global-color-5)","background-image":"","background-repeat":"repeat","background-position":"center center","background-size":"auto","background-attachment":"scroll","background-type":"","background-media":"","overlay-type":"","overlay-color":"","overlay-gradient":""},"tablet":{"background-color":"var(--ast-global-color-5)","background-image":"","background-repeat":"repeat","background-position":"center center","background-size":"auto","background-attachment":"scroll","background-type":"","background-media":"","overlay-type":"","overlay-color":"","overlay-gradient":""},"mobile":{"background-color":"var(--ast-global-color-5)","background-image":"","background-repeat":"repeat","background-position":"center center","background-size":"auto","background-attachment":"scroll","background-type":"","background-media":"","overlay-type":"","overlay-color":"","overlay-gradient":""}},"_joinchat":[],"footnotes":""},"class_list":["post-2026","page","type-page","status-publish","hentry"],"_links":{"self":[{"href":"https:\/\/immobilierami.com\/index.php\/wp-json\/wp\/v2\/pages\/2026","targetHints":{"allow":["GET"]}}],"collection":[{"href":"https:\/\/immobilierami.com\/index.php\/wp-json\/wp\/v2\/pages"}],"about":[{"href":"https:\/\/immobilierami.com\/index.php\/wp-json\/wp\/v2\/types\/page"}],"author":[{"embeddable":true,"href":"https:\/\/immobilierami.com\/index.php\/wp-json\/wp\/v2\/users\/1"}],"replies":[{"embeddable":true,"href":"https:\/\/immobilierami.com\/index.php\/wp-json\/wp\/v2\/comments?post=2026"}],"version-history":[{"count":10,"href":"https:\/\/immobilierami.com\/index.php\/wp-json\/wp\/v2\/pages\/2026\/revisions"}],"predecessor-version":[{"id":2045,"href":"https:\/\/immobilierami.com\/index.php\/wp-json\/wp\/v2\/pages\/2026\/revisions\/2045"}],"wp:attachment":[{"href":"https:\/\/immobilierami.com\/index.php\/wp-json\/wp\/v2\/media?parent=2026"}],"curies":[{"name":"wp","href":"https:\/\/api.w.org\/{rel}","templated":true}]}}