{"id":1999,"date":"2023-11-10T11:51:07","date_gmt":"2023-11-10T10:51:07","guid":{"rendered":"https:\/\/immobilierami.com\/?page_id=1999"},"modified":"2023-11-10T12:09:51","modified_gmt":"2023-11-10T11:09:51","slug":"tabriket-r3","status":"publish","type":"page","link":"https:\/\/immobilierami.com\/index.php\/tabriket-r3\/","title":{"rendered":"tabriket r+3"},"content":{"rendered":"\t\t<div data-elementor-type=\"wp-page\" data-elementor-id=\"1999\" class=\"elementor elementor-1999\">\n\t\t\t\t\t\t<section class=\"elementor-section elementor-top-section elementor-element elementor-element-95fdb13 elementor-section-boxed elementor-section-height-default elementor-section-height-default\" data-id=\"95fdb13\" data-element_type=\"section\">\n\t\t\t\t\t\t<div class=\"elementor-container elementor-column-gap-default\">\n\t\t\t\t\t<div class=\"elementor-column elementor-col-33 elementor-top-column elementor-element elementor-element-bd1402d\" data-id=\"bd1402d\" data-element_type=\"column\">\n\t\t\t<div class=\"elementor-widget-wrap elementor-element-populated\">\n\t\t\t\t\t\t<div class=\"elementor-element elementor-element-3705641 elementor-widget elementor-widget-image\" data-id=\"3705641\" data-element_type=\"widget\" data-widget_type=\"image.default\">\n\t\t\t\t<div class=\"elementor-widget-container\">\n\t\t\t\t\t\t\t\t\t\t\t\t\t\t\t<img fetchpriority=\"high\" decoding=\"async\" width=\"768\" height=\"1024\" src=\"https:\/\/immobilierami.com\/wp-content\/uploads\/2023\/11\/WhatsApp-Image-2023-11-10-at-11.11.45-1-768x1024.jpeg\" class=\"attachment-large size-large wp-image-2001\" alt=\"\" srcset=\"https:\/\/immobilierami.com\/wp-content\/uploads\/2023\/11\/WhatsApp-Image-2023-11-10-at-11.11.45-1-768x1024.jpeg 768w, https:\/\/immobilierami.com\/wp-content\/uploads\/2023\/11\/WhatsApp-Image-2023-11-10-at-11.11.45-1-225x300.jpeg 225w, https:\/\/immobilierami.com\/wp-content\/uploads\/2023\/11\/WhatsApp-Image-2023-11-10-at-11.11.45-1.jpeg 960w\" sizes=\"(max-width: 768px) 100vw, 768px\" \/>\t\t\t\t\t\t\t\t\t\t\t\t\t\t\t<\/div>\n\t\t\t\t<\/div>\n\t\t\t\t\t<\/div>\n\t\t<\/div>\n\t\t\t\t<div class=\"elementor-column elementor-col-33 elementor-top-column elementor-element elementor-element-2c28740\" data-id=\"2c28740\" data-element_type=\"column\">\n\t\t\t<div class=\"elementor-widget-wrap elementor-element-populated\">\n\t\t\t\t\t\t<div class=\"elementor-element elementor-element-c518463 elementor-widget elementor-widget-image\" data-id=\"c518463\" data-element_type=\"widget\" data-widget_type=\"image.default\">\n\t\t\t\t<div class=\"elementor-widget-container\">\n\t\t\t\t\t\t\t\t\t\t\t\t\t\t\t<img decoding=\"async\" width=\"768\" height=\"1024\" src=\"https:\/\/immobilierami.com\/wp-content\/uploads\/2023\/11\/WhatsApp-Image-2023-11-10-at-11.11.45-2-768x1024.jpeg\" class=\"attachment-large size-large wp-image-2002\" alt=\"\" srcset=\"https:\/\/immobilierami.com\/wp-content\/uploads\/2023\/11\/WhatsApp-Image-2023-11-10-at-11.11.45-2-768x1024.jpeg 768w, https:\/\/immobilierami.com\/wp-content\/uploads\/2023\/11\/WhatsApp-Image-2023-11-10-at-11.11.45-2-225x300.jpeg 225w, https:\/\/immobilierami.com\/wp-content\/uploads\/2023\/11\/WhatsApp-Image-2023-11-10-at-11.11.45-2-1152x1536.jpeg 1152w, https:\/\/immobilierami.com\/wp-content\/uploads\/2023\/11\/WhatsApp-Image-2023-11-10-at-11.11.45-2.jpeg 1200w\" sizes=\"(max-width: 768px) 100vw, 768px\" \/>\t\t\t\t\t\t\t\t\t\t\t\t\t\t\t<\/div>\n\t\t\t\t<\/div>\n\t\t\t\t\t<\/div>\n\t\t<\/div>\n\t\t\t\t<div class=\"elementor-column elementor-col-33 elementor-top-column elementor-element elementor-element-a255f7b\" data-id=\"a255f7b\" data-element_type=\"column\">\n\t\t\t<div class=\"elementor-widget-wrap elementor-element-populated\">\n\t\t\t\t\t\t<div class=\"elementor-element elementor-element-981e36a elementor-widget elementor-widget-image\" data-id=\"981e36a\" data-element_type=\"widget\" data-widget_type=\"image.default\">\n\t\t\t\t<div class=\"elementor-widget-container\">\n\t\t\t\t\t\t\t\t\t\t\t\t\t\t\t<img decoding=\"async\" width=\"768\" height=\"1024\" src=\"https:\/\/immobilierami.com\/wp-content\/uploads\/2023\/11\/WhatsApp-Image-2023-11-10-at-11.11.44-768x1024.jpeg\" class=\"attachment-large size-large wp-image-2000\" alt=\"appartement tabriket\" srcset=\"https:\/\/immobilierami.com\/wp-content\/uploads\/2023\/11\/WhatsApp-Image-2023-11-10-at-11.11.44-768x1024.jpeg 768w, https:\/\/immobilierami.com\/wp-content\/uploads\/2023\/11\/WhatsApp-Image-2023-11-10-at-11.11.44-225x300.jpeg 225w, https:\/\/immobilierami.com\/wp-content\/uploads\/2023\/11\/WhatsApp-Image-2023-11-10-at-11.11.44.jpeg 960w\" sizes=\"(max-width: 768px) 100vw, 768px\" \/>\t\t\t\t\t\t\t\t\t\t\t\t\t\t\t<\/div>\n\t\t\t\t<\/div>\n\t\t\t\t\t<\/div>\n\t\t<\/div>\n\t\t\t\t\t<\/div>\n\t\t<\/section>\n\t\t\t\t<section class=\"elementor-section elementor-top-section elementor-element elementor-element-8614e71 elementor-section-boxed elementor-section-height-default elementor-section-height-default\" data-id=\"8614e71\" data-element_type=\"section\">\n\t\t\t\t\t\t<div class=\"elementor-container elementor-column-gap-default\">\n\t\t\t\t\t<div class=\"elementor-column elementor-col-50 elementor-top-column elementor-element elementor-element-b26946d\" data-id=\"b26946d\" data-element_type=\"column\">\n\t\t\t<div class=\"elementor-widget-wrap elementor-element-populated\">\n\t\t\t\t\t\t<div class=\"elementor-element elementor-element-ee44c69 elementor-widget elementor-widget-image\" data-id=\"ee44c69\" data-element_type=\"widget\" data-widget_type=\"image.default\">\n\t\t\t\t<div class=\"elementor-widget-container\">\n\t\t\t\t\t\t\t\t\t\t\t\t\t\t\t<img loading=\"lazy\" decoding=\"async\" width=\"768\" height=\"1024\" src=\"https:\/\/immobilierami.com\/wp-content\/uploads\/2023\/11\/WhatsApp-Image-2023-11-10-at-11.11.45-3-768x1024.jpeg\" class=\"attachment-large size-large wp-image-2003\" alt=\"\" srcset=\"https:\/\/immobilierami.com\/wp-content\/uploads\/2023\/11\/WhatsApp-Image-2023-11-10-at-11.11.45-3-768x1024.jpeg 768w, https:\/\/immobilierami.com\/wp-content\/uploads\/2023\/11\/WhatsApp-Image-2023-11-10-at-11.11.45-3-225x300.jpeg 225w, https:\/\/immobilierami.com\/wp-content\/uploads\/2023\/11\/WhatsApp-Image-2023-11-10-at-11.11.45-3-1152x1536.jpeg 1152w, https:\/\/immobilierami.com\/wp-content\/uploads\/2023\/11\/WhatsApp-Image-2023-11-10-at-11.11.45-3.jpeg 1200w\" sizes=\"(max-width: 768px) 100vw, 768px\" \/>\t\t\t\t\t\t\t\t\t\t\t\t\t\t\t<\/div>\n\t\t\t\t<\/div>\n\t\t\t\t\t<\/div>\n\t\t<\/div>\n\t\t\t\t<div class=\"elementor-column elementor-col-50 elementor-top-column elementor-element elementor-element-79defdb\" data-id=\"79defdb\" data-element_type=\"column\">\n\t\t\t<div class=\"elementor-widget-wrap elementor-element-populated\">\n\t\t\t\t\t\t<div class=\"elementor-element elementor-element-161f047 elementor-widget elementor-widget-image\" data-id=\"161f047\" data-element_type=\"widget\" data-widget_type=\"image.default\">\n\t\t\t\t<div class=\"elementor-widget-container\">\n\t\t\t\t\t\t\t\t\t\t\t\t\t\t\t<img loading=\"lazy\" decoding=\"async\" width=\"768\" height=\"1024\" src=\"https:\/\/immobilierami.com\/wp-content\/uploads\/2023\/11\/WhatsApp-Image-2023-11-10-at-11.11.45-768x1024.jpeg\" class=\"attachment-large size-large wp-image-2004\" alt=\"\" srcset=\"https:\/\/immobilierami.com\/wp-content\/uploads\/2023\/11\/WhatsApp-Image-2023-11-10-at-11.11.45-768x1024.jpeg 768w, https:\/\/immobilierami.com\/wp-content\/uploads\/2023\/11\/WhatsApp-Image-2023-11-10-at-11.11.45-225x300.jpeg 225w, https:\/\/immobilierami.com\/wp-content\/uploads\/2023\/11\/WhatsApp-Image-2023-11-10-at-11.11.45.jpeg 960w\" sizes=\"(max-width: 768px) 100vw, 768px\" \/>\t\t\t\t\t\t\t\t\t\t\t\t\t\t\t<\/div>\n\t\t\t\t<\/div>\n\t\t\t\t\t<\/div>\n\t\t<\/div>\n\t\t\t\t\t<\/div>\n\t\t<\/section>\n\t\t\t\t<section class=\"elementor-section elementor-top-section elementor-element elementor-element-6f8c272 elementor-section-boxed elementor-section-height-default elementor-section-height-default\" data-id=\"6f8c272\" data-element_type=\"section\">\n\t\t\t\t\t\t<div class=\"elementor-container elementor-column-gap-default\">\n\t\t\t\t\t<div class=\"elementor-column elementor-col-100 elementor-top-column elementor-element elementor-element-efaed54\" data-id=\"efaed54\" data-element_type=\"column\">\n\t\t\t<div class=\"elementor-widget-wrap elementor-element-populated\">\n\t\t\t\t\t\t<div class=\"elementor-element elementor-element-77fa30c elementor-widget elementor-widget-spacer\" data-id=\"77fa30c\" data-element_type=\"widget\" data-widget_type=\"spacer.default\">\n\t\t\t\t<div class=\"elementor-widget-container\">\n\t\t\t\t\t\t\t<div class=\"elementor-spacer\">\n\t\t\t<div class=\"elementor-spacer-inner\"><\/div>\n\t\t<\/div>\n\t\t\t\t\t\t<\/div>\n\t\t\t\t<\/div>\n\t\t\t\t\t<\/div>\n\t\t<\/div>\n\t\t\t\t\t<\/div>\n\t\t<\/section>\n\t\t\t\t<section class=\"elementor-section elementor-top-section elementor-element elementor-element-5699995 elementor-section-boxed elementor-section-height-default elementor-section-height-default\" data-id=\"5699995\" data-element_type=\"section\">\n\t\t\t\t\t\t<div class=\"elementor-container elementor-column-gap-default\">\n\t\t\t\t\t<div class=\"elementor-column elementor-col-100 elementor-top-column elementor-element elementor-element-3f91de3\" data-id=\"3f91de3\" data-element_type=\"column\">\n\t\t\t<div class=\"elementor-widget-wrap elementor-element-populated\">\n\t\t\t\t\t\t<div class=\"elementor-element elementor-element-02ff11e elementor-widget elementor-widget-heading\" data-id=\"02ff11e\" data-element_type=\"widget\" data-widget_type=\"heading.default\">\n\t\t\t\t<div class=\"elementor-widget-container\">\n\t\t\t\t\t<h3 class=\"elementor-heading-title elementor-size-default\">Description<\/h3>\t\t\t\t<\/div>\n\t\t\t\t<\/div>\n\t\t\t\t<div class=\"elementor-element elementor-element-4e10826 elementor-widget elementor-widget-text-editor\" data-id=\"4e10826\" data-element_type=\"widget\" data-widget_type=\"text-editor.default\">\n\t\t\t\t<div class=\"elementor-widget-container\">\n\t\t\t\t\t\t\t\t\t<p>R +3 contenant 3 appartements, a\u00a0 vendre sur cartier tabriket\u00a0<\/p><p>1 \u00e9tage 90 m\u00e8tres<\/p><p>2 \u00e9tage 80 m\u00e8tres<\/p><p>3 \u00e9tage 80 m\u00e8tres<\/p><p>2-garages commercial de 50 m\u00e8tre et 40 m\u00e8tre<\/p><p>contacter moi pour plus -0662 73 23 07<\/p>\t\t\t\t\t\t\t\t<\/div>\n\t\t\t\t<\/div>\n\t\t\t\t\t<\/div>\n\t\t<\/div>\n\t\t\t\t\t<\/div>\n\t\t<\/section>\n\t\t\t\t<\/div>\n\t\t","protected":false},"excerpt":{"rendered":"<p>Description R +3 contenant 3 appartements, a\u00a0 vendre sur cartier tabriket\u00a0 1 \u00e9tage 90 m\u00e8tres 2 \u00e9tage 80 m\u00e8tres 3 [&hellip;]<\/p>\n","protected":false},"author":1,"featured_media":0,"parent":0,"menu_order":0,"comment_status":"closed","ping_status":"closed","template":"","meta":{"site-sidebar-layout":"no-sidebar","site-content-layout":"page-builder","ast-site-content-layout":"","site-content-style":"default","site-sidebar-style":"default","ast-global-header-display":"","ast-banner-title-visibility":"","ast-main-header-display":"","ast-hfb-above-header-display":"","ast-hfb-below-header-display":"","ast-hfb-mobile-header-display":"","site-post-title":"disabled","ast-breadcrumbs-content":"","ast-featured-img":"disabled","footer-sml-layout":"","theme-transparent-header-meta":"","adv-header-id-meta":"","stick-header-meta":"","header-above-stick-meta":"","header-main-stick-meta":"","header-below-stick-meta":"","astra-migrate-meta-layouts":"default","ast-page-background-enabled":"default","ast-page-background-meta":{"desktop":{"background-color":"","background-image":"","background-repeat":"repeat","background-position":"center center","background-size":"auto","background-attachment":"scroll","background-type":"","background-media":"","overlay-type":"","overlay-color":"","overlay-gradient":""},"tablet":{"background-color":"","background-image":"","background-repeat":"repeat","background-position":"center center","background-size":"auto","background-attachment":"scroll","background-type":"","background-media":"","overlay-type":"","overlay-color":"","overlay-gradient":""},"mobile":{"background-color":"","background-image":"","background-repeat":"repeat","background-position":"center center","background-size":"auto","background-attachment":"scroll","background-type":"","background-media":"","overlay-type":"","overlay-color":"","overlay-gradient":""}},"ast-content-background-meta":{"desktop":{"background-color":"var(--ast-global-color-5)","background-image":"","background-repeat":"repeat","background-position":"center center","background-size":"auto","background-attachment":"scroll","background-type":"","background-media":"","overlay-type":"","overlay-color":"","overlay-gradient":""},"tablet":{"background-color":"var(--ast-global-color-5)","background-image":"","background-repeat":"repeat","background-position":"center center","background-size":"auto","background-attachment":"scroll","background-type":"","background-media":"","overlay-type":"","overlay-color":"","overlay-gradient":""},"mobile":{"background-color":"var(--ast-global-color-5)","background-image":"","background-repeat":"repeat","background-position":"center center","background-size":"auto","background-attachment":"scroll","background-type":"","background-media":"","overlay-type":"","overlay-color":"","overlay-gradient":""}},"_joinchat":[],"footnotes":""},"class_list":["post-1999","page","type-page","status-publish","hentry"],"_links":{"self":[{"href":"https:\/\/immobilierami.com\/index.php\/wp-json\/wp\/v2\/pages\/1999","targetHints":{"allow":["GET"]}}],"collection":[{"href":"https:\/\/immobilierami.com\/index.php\/wp-json\/wp\/v2\/pages"}],"about":[{"href":"https:\/\/immobilierami.com\/index.php\/wp-json\/wp\/v2\/types\/page"}],"author":[{"embeddable":true,"href":"https:\/\/immobilierami.com\/index.php\/wp-json\/wp\/v2\/users\/1"}],"replies":[{"embeddable":true,"href":"https:\/\/immobilierami.com\/index.php\/wp-json\/wp\/v2\/comments?post=1999"}],"version-history":[{"count":6,"href":"https:\/\/immobilierami.com\/index.php\/wp-json\/wp\/v2\/pages\/1999\/revisions"}],"predecessor-version":[{"id":2011,"href":"https:\/\/immobilierami.com\/index.php\/wp-json\/wp\/v2\/pages\/1999\/revisions\/2011"}],"wp:attachment":[{"href":"https:\/\/immobilierami.com\/index.php\/wp-json\/wp\/v2\/media?parent=1999"}],"curies":[{"name":"wp","href":"https:\/\/api.w.org\/{rel}","templated":true}]}}