{"id":1751,"date":"2023-10-05T12:38:15","date_gmt":"2023-10-05T10:38:15","guid":{"rendered":"https:\/\/immobilierami.com\/?page_id=1751"},"modified":"2023-10-08T14:50:47","modified_gmt":"2023-10-08T12:50:47","slug":"appt-nakhil","status":"publish","type":"page","link":"https:\/\/immobilierami.com\/index.php\/appt-nakhil\/","title":{"rendered":"appt nakhil"},"content":{"rendered":"\t\t<div data-elementor-type=\"wp-page\" data-elementor-id=\"1751\" class=\"elementor elementor-1751\">\n\t\t\t\t\t\t<section class=\"elementor-section elementor-top-section elementor-element elementor-element-a441589 elementor-section-boxed elementor-section-height-default elementor-section-height-default\" data-id=\"a441589\" data-element_type=\"section\">\n\t\t\t\t\t\t<div class=\"elementor-container elementor-column-gap-default\">\n\t\t\t\t\t<div class=\"elementor-column elementor-col-100 elementor-top-column elementor-element elementor-element-0852f7c\" data-id=\"0852f7c\" data-element_type=\"column\">\n\t\t\t<div class=\"elementor-widget-wrap elementor-element-populated\">\n\t\t\t\t\t\t<div class=\"elementor-element elementor-element-028d85a elementor-widget elementor-widget-spacer\" data-id=\"028d85a\" data-element_type=\"widget\" data-widget_type=\"spacer.default\">\n\t\t\t\t<div class=\"elementor-widget-container\">\n\t\t\t\t\t\t\t<div class=\"elementor-spacer\">\n\t\t\t<div class=\"elementor-spacer-inner\"><\/div>\n\t\t<\/div>\n\t\t\t\t\t\t<\/div>\n\t\t\t\t<\/div>\n\t\t\t\t\t<\/div>\n\t\t<\/div>\n\t\t\t\t\t<\/div>\n\t\t<\/section>\n\t\t\t\t<section class=\"elementor-section elementor-top-section elementor-element elementor-element-d27fd1e elementor-section-boxed elementor-section-height-default elementor-section-height-default\" data-id=\"d27fd1e\" data-element_type=\"section\">\n\t\t\t\t\t\t<div class=\"elementor-container elementor-column-gap-default\">\n\t\t\t\t\t<div class=\"elementor-column elementor-col-33 elementor-top-column elementor-element elementor-element-04082da\" data-id=\"04082da\" data-element_type=\"column\">\n\t\t\t<div class=\"elementor-widget-wrap elementor-element-populated\">\n\t\t\t\t\t\t<div class=\"elementor-element elementor-element-39541b1 elementor-widget elementor-widget-image\" data-id=\"39541b1\" data-element_type=\"widget\" data-widget_type=\"image.default\">\n\t\t\t\t<div class=\"elementor-widget-container\">\n\t\t\t\t\t\t\t\t\t\t\t\t\t\t\t<img fetchpriority=\"high\" decoding=\"async\" width=\"768\" height=\"1024\" src=\"https:\/\/immobilierami.com\/wp-content\/uploads\/2023\/10\/WhatsApp-Image-2023-10-04-at-11.23.29.jpeg\" class=\"attachment-large size-large wp-image-1754\" alt=\"appartement de lux\" srcset=\"https:\/\/immobilierami.com\/wp-content\/uploads\/2023\/10\/WhatsApp-Image-2023-10-04-at-11.23.29.jpeg 768w, https:\/\/immobilierami.com\/wp-content\/uploads\/2023\/10\/WhatsApp-Image-2023-10-04-at-11.23.29-225x300.jpeg 225w\" sizes=\"(max-width: 768px) 100vw, 768px\" \/>\t\t\t\t\t\t\t\t\t\t\t\t\t\t\t<\/div>\n\t\t\t\t<\/div>\n\t\t\t\t\t<\/div>\n\t\t<\/div>\n\t\t\t\t<div class=\"elementor-column elementor-col-33 elementor-top-column elementor-element elementor-element-195559a\" data-id=\"195559a\" data-element_type=\"column\">\n\t\t\t<div class=\"elementor-widget-wrap elementor-element-populated\">\n\t\t\t\t\t\t<div class=\"elementor-element elementor-element-1ae7077 elementor-widget elementor-widget-image\" data-id=\"1ae7077\" data-element_type=\"widget\" data-widget_type=\"image.default\">\n\t\t\t\t<div class=\"elementor-widget-container\">\n\t\t\t\t\t\t\t\t\t\t\t\t\t\t\t<img decoding=\"async\" width=\"768\" height=\"1024\" src=\"https:\/\/immobilierami.com\/wp-content\/uploads\/2023\/10\/WhatsApp-Image-2023-10-04-at-11.23.29-1.jpeg\" class=\"attachment-large size-large wp-image-1753\" alt=\"\" srcset=\"https:\/\/immobilierami.com\/wp-content\/uploads\/2023\/10\/WhatsApp-Image-2023-10-04-at-11.23.29-1.jpeg 768w, https:\/\/immobilierami.com\/wp-content\/uploads\/2023\/10\/WhatsApp-Image-2023-10-04-at-11.23.29-1-225x300.jpeg 225w\" sizes=\"(max-width: 768px) 100vw, 768px\" \/>\t\t\t\t\t\t\t\t\t\t\t\t\t\t\t<\/div>\n\t\t\t\t<\/div>\n\t\t\t\t\t<\/div>\n\t\t<\/div>\n\t\t\t\t<div class=\"elementor-column elementor-col-33 elementor-top-column elementor-element elementor-element-74081fc\" data-id=\"74081fc\" data-element_type=\"column\">\n\t\t\t<div class=\"elementor-widget-wrap elementor-element-populated\">\n\t\t\t\t\t\t<div class=\"elementor-element elementor-element-be53941 elementor-widget elementor-widget-image\" data-id=\"be53941\" data-element_type=\"widget\" data-widget_type=\"image.default\">\n\t\t\t\t<div class=\"elementor-widget-container\">\n\t\t\t\t\t\t\t\t\t\t\t\t\t\t\t<img decoding=\"async\" width=\"768\" height=\"1024\" src=\"https:\/\/immobilierami.com\/wp-content\/uploads\/2023\/10\/WhatsApp-Image-2023-10-04-at-11.23.31-3.jpeg\" class=\"attachment-large size-large wp-image-1760\" alt=\"\" srcset=\"https:\/\/immobilierami.com\/wp-content\/uploads\/2023\/10\/WhatsApp-Image-2023-10-04-at-11.23.31-3.jpeg 768w, https:\/\/immobilierami.com\/wp-content\/uploads\/2023\/10\/WhatsApp-Image-2023-10-04-at-11.23.31-3-225x300.jpeg 225w\" sizes=\"(max-width: 768px) 100vw, 768px\" \/>\t\t\t\t\t\t\t\t\t\t\t\t\t\t\t<\/div>\n\t\t\t\t<\/div>\n\t\t\t\t\t<\/div>\n\t\t<\/div>\n\t\t\t\t\t<\/div>\n\t\t<\/section>\n\t\t\t\t<section class=\"elementor-section elementor-top-section elementor-element elementor-element-f8bd4d6 elementor-section-boxed elementor-section-height-default elementor-section-height-default\" data-id=\"f8bd4d6\" data-element_type=\"section\">\n\t\t\t\t\t\t<div class=\"elementor-container elementor-column-gap-default\">\n\t\t\t\t\t<div class=\"elementor-column elementor-col-33 elementor-top-column elementor-element elementor-element-2ef10a4\" data-id=\"2ef10a4\" data-element_type=\"column\">\n\t\t\t<div class=\"elementor-widget-wrap elementor-element-populated\">\n\t\t\t\t\t\t<div class=\"elementor-element elementor-element-808c8ce elementor-widget elementor-widget-image\" data-id=\"808c8ce\" data-element_type=\"widget\" data-widget_type=\"image.default\">\n\t\t\t\t<div class=\"elementor-widget-container\">\n\t\t\t\t\t\t\t\t\t\t\t\t\t\t\t<img loading=\"lazy\" decoding=\"async\" width=\"768\" height=\"1024\" src=\"https:\/\/immobilierami.com\/wp-content\/uploads\/2023\/10\/WhatsApp-Image-2023-10-04-at-11.23.31.jpeg\" class=\"attachment-large size-large wp-image-1762\" alt=\"\" srcset=\"https:\/\/immobilierami.com\/wp-content\/uploads\/2023\/10\/WhatsApp-Image-2023-10-04-at-11.23.31.jpeg 768w, https:\/\/immobilierami.com\/wp-content\/uploads\/2023\/10\/WhatsApp-Image-2023-10-04-at-11.23.31-225x300.jpeg 225w\" sizes=\"(max-width: 768px) 100vw, 768px\" \/>\t\t\t\t\t\t\t\t\t\t\t\t\t\t\t<\/div>\n\t\t\t\t<\/div>\n\t\t\t\t\t<\/div>\n\t\t<\/div>\n\t\t\t\t<div class=\"elementor-column elementor-col-33 elementor-top-column elementor-element elementor-element-e8d53a0\" data-id=\"e8d53a0\" data-element_type=\"column\">\n\t\t\t<div class=\"elementor-widget-wrap elementor-element-populated\">\n\t\t\t\t\t\t<div class=\"elementor-element elementor-element-acf4838 elementor-widget elementor-widget-image\" data-id=\"acf4838\" data-element_type=\"widget\" data-widget_type=\"image.default\">\n\t\t\t\t<div class=\"elementor-widget-container\">\n\t\t\t\t\t\t\t\t\t\t\t\t\t\t\t<img loading=\"lazy\" decoding=\"async\" width=\"768\" height=\"1024\" src=\"https:\/\/immobilierami.com\/wp-content\/uploads\/2023\/10\/WhatsApp-Image-2023-10-04-at-11.23.31-4.jpeg\" class=\"attachment-large size-large wp-image-1761\" alt=\"\" srcset=\"https:\/\/immobilierami.com\/wp-content\/uploads\/2023\/10\/WhatsApp-Image-2023-10-04-at-11.23.31-4.jpeg 768w, https:\/\/immobilierami.com\/wp-content\/uploads\/2023\/10\/WhatsApp-Image-2023-10-04-at-11.23.31-4-225x300.jpeg 225w\" sizes=\"(max-width: 768px) 100vw, 768px\" \/>\t\t\t\t\t\t\t\t\t\t\t\t\t\t\t<\/div>\n\t\t\t\t<\/div>\n\t\t\t\t\t<\/div>\n\t\t<\/div>\n\t\t\t\t<div class=\"elementor-column elementor-col-33 elementor-top-column elementor-element elementor-element-93cdc5a\" data-id=\"93cdc5a\" data-element_type=\"column\">\n\t\t\t<div class=\"elementor-widget-wrap elementor-element-populated\">\n\t\t\t\t\t\t<div class=\"elementor-element elementor-element-c68f99f elementor-widget elementor-widget-image\" data-id=\"c68f99f\" data-element_type=\"widget\" data-widget_type=\"image.default\">\n\t\t\t\t<div class=\"elementor-widget-container\">\n\t\t\t\t\t\t\t\t\t\t\t\t\t\t\t<img loading=\"lazy\" decoding=\"async\" width=\"768\" height=\"1024\" src=\"https:\/\/immobilierami.com\/wp-content\/uploads\/2023\/10\/WhatsApp-Image-2023-10-04-at-11.23.30-1.jpeg\" class=\"attachment-large size-large wp-image-1755\" alt=\"\" srcset=\"https:\/\/immobilierami.com\/wp-content\/uploads\/2023\/10\/WhatsApp-Image-2023-10-04-at-11.23.30-1.jpeg 768w, https:\/\/immobilierami.com\/wp-content\/uploads\/2023\/10\/WhatsApp-Image-2023-10-04-at-11.23.30-1-225x300.jpeg 225w\" sizes=\"(max-width: 768px) 100vw, 768px\" \/>\t\t\t\t\t\t\t\t\t\t\t\t\t\t\t<\/div>\n\t\t\t\t<\/div>\n\t\t\t\t\t<\/div>\n\t\t<\/div>\n\t\t\t\t\t<\/div>\n\t\t<\/section>\n\t\t\t\t<section class=\"elementor-section elementor-top-section elementor-element elementor-element-1868df9 elementor-section-boxed elementor-section-height-default elementor-section-height-default\" data-id=\"1868df9\" data-element_type=\"section\">\n\t\t\t\t\t\t<div class=\"elementor-container elementor-column-gap-default\">\n\t\t\t\t\t<div class=\"elementor-column elementor-col-33 elementor-top-column elementor-element elementor-element-3ab1726\" data-id=\"3ab1726\" data-element_type=\"column\">\n\t\t\t<div class=\"elementor-widget-wrap elementor-element-populated\">\n\t\t\t\t\t\t<div class=\"elementor-element elementor-element-7b8ef0b elementor-widget elementor-widget-image\" data-id=\"7b8ef0b\" data-element_type=\"widget\" data-widget_type=\"image.default\">\n\t\t\t\t<div class=\"elementor-widget-container\">\n\t\t\t\t\t\t\t\t\t\t\t\t\t\t\t<img loading=\"lazy\" decoding=\"async\" width=\"768\" height=\"1024\" src=\"https:\/\/immobilierami.com\/wp-content\/uploads\/2023\/10\/WhatsApp-Image-2023-10-04-at-11.23.31-2.jpeg\" class=\"attachment-large size-large wp-image-1759\" alt=\"\" srcset=\"https:\/\/immobilierami.com\/wp-content\/uploads\/2023\/10\/WhatsApp-Image-2023-10-04-at-11.23.31-2.jpeg 768w, https:\/\/immobilierami.com\/wp-content\/uploads\/2023\/10\/WhatsApp-Image-2023-10-04-at-11.23.31-2-225x300.jpeg 225w\" sizes=\"(max-width: 768px) 100vw, 768px\" \/>\t\t\t\t\t\t\t\t\t\t\t\t\t\t\t<\/div>\n\t\t\t\t<\/div>\n\t\t\t\t\t<\/div>\n\t\t<\/div>\n\t\t\t\t<div class=\"elementor-column elementor-col-33 elementor-top-column elementor-element elementor-element-10fea4a\" data-id=\"10fea4a\" data-element_type=\"column\">\n\t\t\t<div class=\"elementor-widget-wrap elementor-element-populated\">\n\t\t\t\t\t\t<div class=\"elementor-element elementor-element-3d6254a elementor-widget elementor-widget-image\" data-id=\"3d6254a\" data-element_type=\"widget\" data-widget_type=\"image.default\">\n\t\t\t\t<div class=\"elementor-widget-container\">\n\t\t\t\t\t\t\t\t\t\t\t\t\t\t\t<img loading=\"lazy\" decoding=\"async\" width=\"768\" height=\"1024\" src=\"https:\/\/immobilierami.com\/wp-content\/uploads\/2023\/10\/WhatsApp-Image-2023-10-04-at-11.23.31-1.jpeg\" class=\"attachment-large size-large wp-image-1758\" alt=\"\" srcset=\"https:\/\/immobilierami.com\/wp-content\/uploads\/2023\/10\/WhatsApp-Image-2023-10-04-at-11.23.31-1.jpeg 768w, https:\/\/immobilierami.com\/wp-content\/uploads\/2023\/10\/WhatsApp-Image-2023-10-04-at-11.23.31-1-225x300.jpeg 225w\" sizes=\"(max-width: 768px) 100vw, 768px\" \/>\t\t\t\t\t\t\t\t\t\t\t\t\t\t\t<\/div>\n\t\t\t\t<\/div>\n\t\t\t\t\t<\/div>\n\t\t<\/div>\n\t\t\t\t<div class=\"elementor-column elementor-col-33 elementor-top-column elementor-element elementor-element-2bbf6c0\" data-id=\"2bbf6c0\" data-element_type=\"column\">\n\t\t\t<div class=\"elementor-widget-wrap elementor-element-populated\">\n\t\t\t\t\t\t<div class=\"elementor-element elementor-element-575d908 elementor-widget elementor-widget-image\" data-id=\"575d908\" data-element_type=\"widget\" data-widget_type=\"image.default\">\n\t\t\t\t<div class=\"elementor-widget-container\">\n\t\t\t\t\t\t\t\t\t\t\t\t\t\t\t<img loading=\"lazy\" decoding=\"async\" width=\"768\" height=\"1024\" src=\"https:\/\/immobilierami.com\/wp-content\/uploads\/2023\/10\/WhatsApp-Image-2023-10-04-at-11.23.30.jpeg\" class=\"attachment-large size-large wp-image-1757\" alt=\"\" srcset=\"https:\/\/immobilierami.com\/wp-content\/uploads\/2023\/10\/WhatsApp-Image-2023-10-04-at-11.23.30.jpeg 768w, https:\/\/immobilierami.com\/wp-content\/uploads\/2023\/10\/WhatsApp-Image-2023-10-04-at-11.23.30-225x300.jpeg 225w\" sizes=\"(max-width: 768px) 100vw, 768px\" \/>\t\t\t\t\t\t\t\t\t\t\t\t\t\t\t<\/div>\n\t\t\t\t<\/div>\n\t\t\t\t\t<\/div>\n\t\t<\/div>\n\t\t\t\t\t<\/div>\n\t\t<\/section>\n\t\t\t\t<section class=\"elementor-section elementor-top-section elementor-element elementor-element-bdcde38 elementor-section-boxed elementor-section-height-default elementor-section-height-default\" data-id=\"bdcde38\" data-element_type=\"section\">\n\t\t\t\t\t\t<div class=\"elementor-container elementor-column-gap-default\">\n\t\t\t\t\t<div class=\"elementor-column elementor-col-100 elementor-top-column elementor-element elementor-element-3316a1b\" data-id=\"3316a1b\" data-element_type=\"column\">\n\t\t\t<div class=\"elementor-widget-wrap elementor-element-populated\">\n\t\t\t\t\t\t<div class=\"elementor-element elementor-element-efb8797 elementor-widget elementor-widget-spacer\" data-id=\"efb8797\" data-element_type=\"widget\" data-widget_type=\"spacer.default\">\n\t\t\t\t<div class=\"elementor-widget-container\">\n\t\t\t\t\t\t\t<div class=\"elementor-spacer\">\n\t\t\t<div class=\"elementor-spacer-inner\"><\/div>\n\t\t<\/div>\n\t\t\t\t\t\t<\/div>\n\t\t\t\t<\/div>\n\t\t\t\t\t<\/div>\n\t\t<\/div>\n\t\t\t\t\t<\/div>\n\t\t<\/section>\n\t\t\t\t<section class=\"elementor-section elementor-top-section elementor-element elementor-element-ba43326 elementor-section-boxed elementor-section-height-default elementor-section-height-default\" data-id=\"ba43326\" data-element_type=\"section\">\n\t\t\t\t\t\t<div class=\"elementor-container elementor-column-gap-default\">\n\t\t\t\t\t<div class=\"elementor-column elementor-col-100 elementor-top-column elementor-element elementor-element-75fa4a4\" data-id=\"75fa4a4\" data-element_type=\"column\">\n\t\t\t<div class=\"elementor-widget-wrap elementor-element-populated\">\n\t\t\t\t\t\t<div class=\"elementor-element elementor-element-e13d7eb elementor-widget elementor-widget-heading\" data-id=\"e13d7eb\" data-element_type=\"widget\" data-widget_type=\"heading.default\">\n\t\t\t\t<div class=\"elementor-widget-container\">\n\t\t\t\t\t<h3 class=\"elementor-heading-title elementor-size-default\">Description<\/h3>\t\t\t\t<\/div>\n\t\t\t\t<\/div>\n\t\t\t\t<div class=\"elementor-element elementor-element-6931811 elementor-widget elementor-widget-text-editor\" data-id=\"6931811\" data-element_type=\"widget\" data-widget_type=\"text-editor.default\">\n\t\t\t\t<div class=\"elementor-widget-container\">\n\t\t\t\t\t\t\t\t\t<p>Appartement de luxe, style villa enti\u00e8rement r\u00e9nov\u00e9e a 5mnt de rabat, \u00e0 proximit\u00e9 imm\u00e9diate du train et du tramway, offrant un acc\u00e8s rapide au c\u0153ur de la ville. Vue imprenable sur une magnifique piscine.<br \/>,3 chambres, 1 salon et 3 salles de bains spacieux Cuisine \u00e9quip\u00e9e \u2022 Climatisation install\u00e9e ,Parking au sous-sol ,Ascenseur, terrasse ,balcon \u2022s\u00e9curit\u00e9 24\/24<\/p>\t\t\t\t\t\t\t\t<\/div>\n\t\t\t\t<\/div>\n\t\t\t\t\t<\/div>\n\t\t<\/div>\n\t\t\t\t\t<\/div>\n\t\t<\/section>\n\t\t\t\t<\/div>\n\t\t","protected":false},"excerpt":{"rendered":"<p>Description Appartement de luxe, style villa enti\u00e8rement r\u00e9nov\u00e9e a 5mnt de rabat, \u00e0 proximit\u00e9 imm\u00e9diate du train et du tramway, [&hellip;]<\/p>\n","protected":false},"author":1,"featured_media":0,"parent":0,"menu_order":0,"comment_status":"closed","ping_status":"closed","template":"","meta":{"site-sidebar-layout":"no-sidebar","site-content-layout":"page-builder","ast-site-content-layout":"","site-content-style":"default","site-sidebar-style":"default","ast-global-header-display":"","ast-banner-title-visibility":"","ast-main-header-display":"","ast-hfb-above-header-display":"","ast-hfb-below-header-display":"","ast-hfb-mobile-header-display":"","site-post-title":"disabled","ast-breadcrumbs-content":"","ast-featured-img":"disabled","footer-sml-layout":"","theme-transparent-header-meta":"","adv-header-id-meta":"","stick-header-meta":"","header-above-stick-meta":"","header-main-stick-meta":"","header-below-stick-meta":"","astra-migrate-meta-layouts":"default","ast-page-background-enabled":"default","ast-page-background-meta":{"desktop":{"background-color":"","background-image":"","background-repeat":"repeat","background-position":"center center","background-size":"auto","background-attachment":"scroll","background-type":"","background-media":"","overlay-type":"","overlay-color":"","overlay-gradient":""},"tablet":{"background-color":"","background-image":"","background-repeat":"repeat","background-position":"center center","background-size":"auto","background-attachment":"scroll","background-type":"","background-media":"","overlay-type":"","overlay-color":"","overlay-gradient":""},"mobile":{"background-color":"","background-image":"","background-repeat":"repeat","background-position":"center center","background-size":"auto","background-attachment":"scroll","background-type":"","background-media":"","overlay-type":"","overlay-color":"","overlay-gradient":""}},"ast-content-background-meta":{"desktop":{"background-color":"var(--ast-global-color-5)","background-image":"","background-repeat":"repeat","background-position":"center center","background-size":"auto","background-attachment":"scroll","background-type":"","background-media":"","overlay-type":"","overlay-color":"","overlay-gradient":""},"tablet":{"background-color":"var(--ast-global-color-5)","background-image":"","background-repeat":"repeat","background-position":"center center","background-size":"auto","background-attachment":"scroll","background-type":"","background-media":"","overlay-type":"","overlay-color":"","overlay-gradient":""},"mobile":{"background-color":"var(--ast-global-color-5)","background-image":"","background-repeat":"repeat","background-position":"center center","background-size":"auto","background-attachment":"scroll","background-type":"","background-media":"","overlay-type":"","overlay-color":"","overlay-gradient":""}},"_joinchat":[],"footnotes":""},"class_list":["post-1751","page","type-page","status-publish","hentry"],"_links":{"self":[{"href":"https:\/\/immobilierami.com\/index.php\/wp-json\/wp\/v2\/pages\/1751","targetHints":{"allow":["GET"]}}],"collection":[{"href":"https:\/\/immobilierami.com\/index.php\/wp-json\/wp\/v2\/pages"}],"about":[{"href":"https:\/\/immobilierami.com\/index.php\/wp-json\/wp\/v2\/types\/page"}],"author":[{"embeddable":true,"href":"https:\/\/immobilierami.com\/index.php\/wp-json\/wp\/v2\/users\/1"}],"replies":[{"embeddable":true,"href":"https:\/\/immobilierami.com\/index.php\/wp-json\/wp\/v2\/comments?post=1751"}],"version-history":[{"count":13,"href":"https:\/\/immobilierami.com\/index.php\/wp-json\/wp\/v2\/pages\/1751\/revisions"}],"predecessor-version":[{"id":1800,"href":"https:\/\/immobilierami.com\/index.php\/wp-json\/wp\/v2\/pages\/1751\/revisions\/1800"}],"wp:attachment":[{"href":"https:\/\/immobilierami.com\/index.php\/wp-json\/wp\/v2\/media?parent=1751"}],"curies":[{"name":"wp","href":"https:\/\/api.w.org\/{rel}","templated":true}]}}