{"id":1659,"date":"2023-09-28T14:36:18","date_gmt":"2023-09-28T12:36:18","guid":{"rendered":"https:\/\/immobilierami.com\/?page_id=1659"},"modified":"2023-09-28T14:40:57","modified_gmt":"2023-09-28T12:40:57","slug":"residence-mohamadia","status":"publish","type":"page","link":"https:\/\/immobilierami.com\/index.php\/residence-mohamadia\/","title":{"rendered":"residence mohamadia"},"content":{"rendered":"\t\t<div data-elementor-type=\"wp-page\" data-elementor-id=\"1659\" class=\"elementor elementor-1659\">\n\t\t\t\t\t\t<section class=\"elementor-section elementor-top-section elementor-element elementor-element-ec8f63a elementor-section-boxed elementor-section-height-default elementor-section-height-default\" data-id=\"ec8f63a\" data-element_type=\"section\">\n\t\t\t\t\t\t<div class=\"elementor-container elementor-column-gap-default\">\n\t\t\t\t\t<div class=\"elementor-column elementor-col-100 elementor-top-column elementor-element elementor-element-98c3184\" data-id=\"98c3184\" data-element_type=\"column\">\n\t\t\t<div class=\"elementor-widget-wrap\">\n\t\t\t\t\t\t\t<\/div>\n\t\t<\/div>\n\t\t\t\t\t<\/div>\n\t\t<\/section>\n\t\t\t\t<section class=\"elementor-section elementor-top-section elementor-element elementor-element-10c5786 elementor-section-boxed elementor-section-height-default elementor-section-height-default\" data-id=\"10c5786\" data-element_type=\"section\">\n\t\t\t\t\t\t<div class=\"elementor-container elementor-column-gap-default\">\n\t\t\t\t\t<div class=\"elementor-column elementor-col-33 elementor-top-column elementor-element elementor-element-e0172c9\" data-id=\"e0172c9\" data-element_type=\"column\">\n\t\t\t<div class=\"elementor-widget-wrap elementor-element-populated\">\n\t\t\t\t\t\t<div class=\"elementor-element elementor-element-5c4a9fd elementor-widget elementor-widget-image\" data-id=\"5c4a9fd\" data-element_type=\"widget\" data-widget_type=\"image.default\">\n\t\t\t\t<div class=\"elementor-widget-container\">\n\t\t\t\t\t\t\t\t\t\t\t\t\t\t\t<img fetchpriority=\"high\" decoding=\"async\" width=\"1024\" height=\"1024\" src=\"https:\/\/immobilierami.com\/wp-content\/uploads\/2023\/09\/WhatsApp-Image-2023-09-28-at-13.13.26-1.jpeg\" class=\"attachment-large size-large wp-image-1661\" alt=\"\" srcset=\"https:\/\/immobilierami.com\/wp-content\/uploads\/2023\/09\/WhatsApp-Image-2023-09-28-at-13.13.26-1.jpeg 1024w, https:\/\/immobilierami.com\/wp-content\/uploads\/2023\/09\/WhatsApp-Image-2023-09-28-at-13.13.26-1-300x300.jpeg 300w, https:\/\/immobilierami.com\/wp-content\/uploads\/2023\/09\/WhatsApp-Image-2023-09-28-at-13.13.26-1-150x150.jpeg 150w, https:\/\/immobilierami.com\/wp-content\/uploads\/2023\/09\/WhatsApp-Image-2023-09-28-at-13.13.26-1-768x768.jpeg 768w\" sizes=\"(max-width: 1024px) 100vw, 1024px\" \/>\t\t\t\t\t\t\t\t\t\t\t\t\t\t\t<\/div>\n\t\t\t\t<\/div>\n\t\t\t\t\t<\/div>\n\t\t<\/div>\n\t\t\t\t<div class=\"elementor-column elementor-col-33 elementor-top-column elementor-element elementor-element-bc3336b\" data-id=\"bc3336b\" data-element_type=\"column\">\n\t\t\t<div class=\"elementor-widget-wrap elementor-element-populated\">\n\t\t\t\t\t\t<div class=\"elementor-element elementor-element-99e34a9 elementor-widget elementor-widget-image\" data-id=\"99e34a9\" data-element_type=\"widget\" data-widget_type=\"image.default\">\n\t\t\t\t<div class=\"elementor-widget-container\">\n\t\t\t\t\t\t\t\t\t\t\t\t\t\t\t<img decoding=\"async\" width=\"1024\" height=\"1024\" src=\"https:\/\/immobilierami.com\/wp-content\/uploads\/2023\/09\/WhatsApp-Image-2023-09-28-at-13.13.26-2.jpeg\" class=\"attachment-large size-large wp-image-1662\" alt=\"\" srcset=\"https:\/\/immobilierami.com\/wp-content\/uploads\/2023\/09\/WhatsApp-Image-2023-09-28-at-13.13.26-2.jpeg 1024w, https:\/\/immobilierami.com\/wp-content\/uploads\/2023\/09\/WhatsApp-Image-2023-09-28-at-13.13.26-2-300x300.jpeg 300w, https:\/\/immobilierami.com\/wp-content\/uploads\/2023\/09\/WhatsApp-Image-2023-09-28-at-13.13.26-2-150x150.jpeg 150w, https:\/\/immobilierami.com\/wp-content\/uploads\/2023\/09\/WhatsApp-Image-2023-09-28-at-13.13.26-2-768x768.jpeg 768w\" sizes=\"(max-width: 1024px) 100vw, 1024px\" \/>\t\t\t\t\t\t\t\t\t\t\t\t\t\t\t<\/div>\n\t\t\t\t<\/div>\n\t\t\t\t\t<\/div>\n\t\t<\/div>\n\t\t\t\t<div class=\"elementor-column elementor-col-33 elementor-top-column elementor-element elementor-element-8cb35eb\" data-id=\"8cb35eb\" data-element_type=\"column\">\n\t\t\t<div class=\"elementor-widget-wrap elementor-element-populated\">\n\t\t\t\t\t\t<div class=\"elementor-element elementor-element-7666f43 elementor-widget elementor-widget-image\" data-id=\"7666f43\" data-element_type=\"widget\" data-widget_type=\"image.default\">\n\t\t\t\t<div class=\"elementor-widget-container\">\n\t\t\t\t\t\t\t\t\t\t\t\t\t\t\t<img decoding=\"async\" width=\"986\" height=\"712\" src=\"https:\/\/immobilierami.com\/wp-content\/uploads\/2023\/09\/WhatsApp-Image-2023-09-28-at-13.13.26.jpeg\" class=\"attachment-large size-large wp-image-1663\" alt=\"\" srcset=\"https:\/\/immobilierami.com\/wp-content\/uploads\/2023\/09\/WhatsApp-Image-2023-09-28-at-13.13.26.jpeg 986w, https:\/\/immobilierami.com\/wp-content\/uploads\/2023\/09\/WhatsApp-Image-2023-09-28-at-13.13.26-300x217.jpeg 300w, https:\/\/immobilierami.com\/wp-content\/uploads\/2023\/09\/WhatsApp-Image-2023-09-28-at-13.13.26-768x555.jpeg 768w\" sizes=\"(max-width: 986px) 100vw, 986px\" \/>\t\t\t\t\t\t\t\t\t\t\t\t\t\t\t<\/div>\n\t\t\t\t<\/div>\n\t\t\t\t\t<\/div>\n\t\t<\/div>\n\t\t\t\t\t<\/div>\n\t\t<\/section>\n\t\t\t\t<section class=\"elementor-section elementor-top-section elementor-element elementor-element-04128f2 elementor-section-boxed elementor-section-height-default elementor-section-height-default\" data-id=\"04128f2\" data-element_type=\"section\">\n\t\t\t\t\t\t<div class=\"elementor-container elementor-column-gap-default\">\n\t\t\t\t\t<div class=\"elementor-column elementor-col-33 elementor-top-column elementor-element elementor-element-b0288d5\" data-id=\"b0288d5\" data-element_type=\"column\">\n\t\t\t<div class=\"elementor-widget-wrap elementor-element-populated\">\n\t\t\t\t\t\t<div class=\"elementor-element elementor-element-77741de elementor-widget elementor-widget-image\" data-id=\"77741de\" data-element_type=\"widget\" data-widget_type=\"image.default\">\n\t\t\t\t<div class=\"elementor-widget-container\">\n\t\t\t\t\t\t\t\t\t\t\t\t\t\t\t<img loading=\"lazy\" decoding=\"async\" width=\"1024\" height=\"1024\" src=\"https:\/\/immobilierami.com\/wp-content\/uploads\/2023\/09\/WhatsApp-Image-2023-09-28-at-13.13.27-1.jpeg\" class=\"attachment-large size-large wp-image-1664\" alt=\"\" srcset=\"https:\/\/immobilierami.com\/wp-content\/uploads\/2023\/09\/WhatsApp-Image-2023-09-28-at-13.13.27-1.jpeg 1024w, https:\/\/immobilierami.com\/wp-content\/uploads\/2023\/09\/WhatsApp-Image-2023-09-28-at-13.13.27-1-300x300.jpeg 300w, https:\/\/immobilierami.com\/wp-content\/uploads\/2023\/09\/WhatsApp-Image-2023-09-28-at-13.13.27-1-150x150.jpeg 150w, https:\/\/immobilierami.com\/wp-content\/uploads\/2023\/09\/WhatsApp-Image-2023-09-28-at-13.13.27-1-768x768.jpeg 768w\" sizes=\"(max-width: 1024px) 100vw, 1024px\" \/>\t\t\t\t\t\t\t\t\t\t\t\t\t\t\t<\/div>\n\t\t\t\t<\/div>\n\t\t\t\t\t<\/div>\n\t\t<\/div>\n\t\t\t\t<div class=\"elementor-column elementor-col-33 elementor-top-column elementor-element elementor-element-309ac83\" data-id=\"309ac83\" data-element_type=\"column\">\n\t\t\t<div class=\"elementor-widget-wrap elementor-element-populated\">\n\t\t\t\t\t\t<div class=\"elementor-element elementor-element-e187f69 elementor-widget elementor-widget-image\" data-id=\"e187f69\" data-element_type=\"widget\" data-widget_type=\"image.default\">\n\t\t\t\t<div class=\"elementor-widget-container\">\n\t\t\t\t\t\t\t\t\t\t\t\t\t\t\t<img loading=\"lazy\" decoding=\"async\" width=\"1024\" height=\"1024\" src=\"https:\/\/immobilierami.com\/wp-content\/uploads\/2023\/09\/WhatsApp-Image-2023-09-28-at-13.13.27-2.jpeg\" class=\"attachment-large size-large wp-image-1665\" alt=\"cuisine \u00e9quip\u00e9e\" srcset=\"https:\/\/immobilierami.com\/wp-content\/uploads\/2023\/09\/WhatsApp-Image-2023-09-28-at-13.13.27-2.jpeg 1024w, https:\/\/immobilierami.com\/wp-content\/uploads\/2023\/09\/WhatsApp-Image-2023-09-28-at-13.13.27-2-300x300.jpeg 300w, https:\/\/immobilierami.com\/wp-content\/uploads\/2023\/09\/WhatsApp-Image-2023-09-28-at-13.13.27-2-150x150.jpeg 150w, https:\/\/immobilierami.com\/wp-content\/uploads\/2023\/09\/WhatsApp-Image-2023-09-28-at-13.13.27-2-768x768.jpeg 768w\" sizes=\"(max-width: 1024px) 100vw, 1024px\" \/>\t\t\t\t\t\t\t\t\t\t\t\t\t\t\t<\/div>\n\t\t\t\t<\/div>\n\t\t\t\t\t<\/div>\n\t\t<\/div>\n\t\t\t\t<div class=\"elementor-column elementor-col-33 elementor-top-column elementor-element elementor-element-33ff5bb\" data-id=\"33ff5bb\" data-element_type=\"column\">\n\t\t\t<div class=\"elementor-widget-wrap elementor-element-populated\">\n\t\t\t\t\t\t<div class=\"elementor-element elementor-element-056058e elementor-widget elementor-widget-image\" data-id=\"056058e\" data-element_type=\"widget\" data-widget_type=\"image.default\">\n\t\t\t\t<div class=\"elementor-widget-container\">\n\t\t\t\t\t\t\t\t\t\t\t\t\t\t\t<img loading=\"lazy\" decoding=\"async\" width=\"1024\" height=\"1024\" src=\"https:\/\/immobilierami.com\/wp-content\/uploads\/2023\/09\/WhatsApp-Image-2023-09-28-at-13.13.27.jpeg\" class=\"attachment-large size-large wp-image-1666\" alt=\"vue sue mer\" srcset=\"https:\/\/immobilierami.com\/wp-content\/uploads\/2023\/09\/WhatsApp-Image-2023-09-28-at-13.13.27.jpeg 1024w, https:\/\/immobilierami.com\/wp-content\/uploads\/2023\/09\/WhatsApp-Image-2023-09-28-at-13.13.27-300x300.jpeg 300w, https:\/\/immobilierami.com\/wp-content\/uploads\/2023\/09\/WhatsApp-Image-2023-09-28-at-13.13.27-150x150.jpeg 150w, https:\/\/immobilierami.com\/wp-content\/uploads\/2023\/09\/WhatsApp-Image-2023-09-28-at-13.13.27-768x768.jpeg 768w\" sizes=\"(max-width: 1024px) 100vw, 1024px\" \/>\t\t\t\t\t\t\t\t\t\t\t\t\t\t\t<\/div>\n\t\t\t\t<\/div>\n\t\t\t\t\t<\/div>\n\t\t<\/div>\n\t\t\t\t\t<\/div>\n\t\t<\/section>\n\t\t\t\t<section class=\"elementor-section elementor-top-section elementor-element elementor-element-166f281 elementor-section-boxed elementor-section-height-default elementor-section-height-default\" data-id=\"166f281\" data-element_type=\"section\">\n\t\t\t\t\t\t<div class=\"elementor-container elementor-column-gap-default\">\n\t\t\t\t\t<div class=\"elementor-column elementor-col-33 elementor-top-column elementor-element elementor-element-e3a89fb\" data-id=\"e3a89fb\" data-element_type=\"column\">\n\t\t\t<div class=\"elementor-widget-wrap elementor-element-populated\">\n\t\t\t\t\t\t<div class=\"elementor-element elementor-element-22ac61a elementor-widget elementor-widget-image\" data-id=\"22ac61a\" data-element_type=\"widget\" data-widget_type=\"image.default\">\n\t\t\t\t<div class=\"elementor-widget-container\">\n\t\t\t\t\t\t\t\t\t\t\t\t\t\t\t<img loading=\"lazy\" decoding=\"async\" width=\"1024\" height=\"1024\" src=\"https:\/\/immobilierami.com\/wp-content\/uploads\/2023\/09\/WhatsApp-Image-2023-09-28-at-13.13.28-1.jpeg\" class=\"attachment-large size-large wp-image-1667\" alt=\"\" srcset=\"https:\/\/immobilierami.com\/wp-content\/uploads\/2023\/09\/WhatsApp-Image-2023-09-28-at-13.13.28-1.jpeg 1024w, https:\/\/immobilierami.com\/wp-content\/uploads\/2023\/09\/WhatsApp-Image-2023-09-28-at-13.13.28-1-300x300.jpeg 300w, https:\/\/immobilierami.com\/wp-content\/uploads\/2023\/09\/WhatsApp-Image-2023-09-28-at-13.13.28-1-150x150.jpeg 150w, https:\/\/immobilierami.com\/wp-content\/uploads\/2023\/09\/WhatsApp-Image-2023-09-28-at-13.13.28-1-768x768.jpeg 768w\" sizes=\"(max-width: 1024px) 100vw, 1024px\" \/>\t\t\t\t\t\t\t\t\t\t\t\t\t\t\t<\/div>\n\t\t\t\t<\/div>\n\t\t\t\t\t<\/div>\n\t\t<\/div>\n\t\t\t\t<div class=\"elementor-column elementor-col-33 elementor-top-column elementor-element elementor-element-32f5cbe\" data-id=\"32f5cbe\" data-element_type=\"column\">\n\t\t\t<div class=\"elementor-widget-wrap elementor-element-populated\">\n\t\t\t\t\t\t<div class=\"elementor-element elementor-element-639a78e elementor-widget elementor-widget-image\" data-id=\"639a78e\" data-element_type=\"widget\" data-widget_type=\"image.default\">\n\t\t\t\t<div class=\"elementor-widget-container\">\n\t\t\t\t\t\t\t\t\t\t\t\t\t\t\t<img loading=\"lazy\" decoding=\"async\" width=\"1024\" height=\"585\" src=\"https:\/\/immobilierami.com\/wp-content\/uploads\/2023\/09\/WhatsApp-Image-2023-09-28-at-13.13.28-2-1024x585.jpeg\" class=\"attachment-large size-large wp-image-1668\" alt=\"vue sur piscine et mer\" srcset=\"https:\/\/immobilierami.com\/wp-content\/uploads\/2023\/09\/WhatsApp-Image-2023-09-28-at-13.13.28-2-1024x585.jpeg 1024w, https:\/\/immobilierami.com\/wp-content\/uploads\/2023\/09\/WhatsApp-Image-2023-09-28-at-13.13.28-2-300x171.jpeg 300w, https:\/\/immobilierami.com\/wp-content\/uploads\/2023\/09\/WhatsApp-Image-2023-09-28-at-13.13.28-2-768x438.jpeg 768w, https:\/\/immobilierami.com\/wp-content\/uploads\/2023\/09\/WhatsApp-Image-2023-09-28-at-13.13.28-2.jpeg 1242w\" sizes=\"(max-width: 1024px) 100vw, 1024px\" \/>\t\t\t\t\t\t\t\t\t\t\t\t\t\t\t<\/div>\n\t\t\t\t<\/div>\n\t\t\t\t\t<\/div>\n\t\t<\/div>\n\t\t\t\t<div class=\"elementor-column elementor-col-33 elementor-top-column elementor-element elementor-element-1925f09\" data-id=\"1925f09\" data-element_type=\"column\">\n\t\t\t<div class=\"elementor-widget-wrap elementor-element-populated\">\n\t\t\t\t\t\t<div class=\"elementor-element elementor-element-ec65f12 elementor-widget elementor-widget-image\" data-id=\"ec65f12\" data-element_type=\"widget\" data-widget_type=\"image.default\">\n\t\t\t\t<div class=\"elementor-widget-container\">\n\t\t\t\t\t\t\t\t\t\t\t\t\t\t\t<img loading=\"lazy\" decoding=\"async\" width=\"1024\" height=\"1024\" src=\"https:\/\/immobilierami.com\/wp-content\/uploads\/2023\/09\/WhatsApp-Image-2023-09-28-at-13.13.28.jpeg\" class=\"attachment-large size-large wp-image-1669\" alt=\"\" srcset=\"https:\/\/immobilierami.com\/wp-content\/uploads\/2023\/09\/WhatsApp-Image-2023-09-28-at-13.13.28.jpeg 1024w, https:\/\/immobilierami.com\/wp-content\/uploads\/2023\/09\/WhatsApp-Image-2023-09-28-at-13.13.28-300x300.jpeg 300w, https:\/\/immobilierami.com\/wp-content\/uploads\/2023\/09\/WhatsApp-Image-2023-09-28-at-13.13.28-150x150.jpeg 150w, https:\/\/immobilierami.com\/wp-content\/uploads\/2023\/09\/WhatsApp-Image-2023-09-28-at-13.13.28-768x768.jpeg 768w\" sizes=\"(max-width: 1024px) 100vw, 1024px\" \/>\t\t\t\t\t\t\t\t\t\t\t\t\t\t\t<\/div>\n\t\t\t\t<\/div>\n\t\t\t\t\t<\/div>\n\t\t<\/div>\n\t\t\t\t\t<\/div>\n\t\t<\/section>\n\t\t\t\t<section class=\"elementor-section elementor-top-section elementor-element elementor-element-2a7823b elementor-section-boxed elementor-section-height-default elementor-section-height-default\" data-id=\"2a7823b\" data-element_type=\"section\">\n\t\t\t\t\t\t<div class=\"elementor-container elementor-column-gap-default\">\n\t\t\t\t\t<div class=\"elementor-column elementor-col-100 elementor-top-column elementor-element elementor-element-8bc48c9\" data-id=\"8bc48c9\" data-element_type=\"column\">\n\t\t\t<div class=\"elementor-widget-wrap elementor-element-populated\">\n\t\t\t\t\t\t<div class=\"elementor-element elementor-element-45ac032 elementor-widget elementor-widget-spacer\" data-id=\"45ac032\" data-element_type=\"widget\" data-widget_type=\"spacer.default\">\n\t\t\t\t<div class=\"elementor-widget-container\">\n\t\t\t\t\t\t\t<div class=\"elementor-spacer\">\n\t\t\t<div class=\"elementor-spacer-inner\"><\/div>\n\t\t<\/div>\n\t\t\t\t\t\t<\/div>\n\t\t\t\t<\/div>\n\t\t\t\t\t<\/div>\n\t\t<\/div>\n\t\t\t\t\t<\/div>\n\t\t<\/section>\n\t\t\t\t<section class=\"elementor-section elementor-top-section elementor-element elementor-element-4e044f7 elementor-section-boxed elementor-section-height-default elementor-section-height-default\" data-id=\"4e044f7\" data-element_type=\"section\">\n\t\t\t\t\t\t<div class=\"elementor-container elementor-column-gap-default\">\n\t\t\t\t\t<div class=\"elementor-column elementor-col-100 elementor-top-column elementor-element elementor-element-48b4868\" data-id=\"48b4868\" data-element_type=\"column\">\n\t\t\t<div class=\"elementor-widget-wrap elementor-element-populated\">\n\t\t\t\t\t\t<div class=\"elementor-element elementor-element-5d5cd0c elementor-widget elementor-widget-heading\" data-id=\"5d5cd0c\" data-element_type=\"widget\" data-widget_type=\"heading.default\">\n\t\t\t\t<div class=\"elementor-widget-container\">\n\t\t\t\t\t<h3 class=\"elementor-heading-title elementor-size-default\">description<\/h3>\t\t\t\t<\/div>\n\t\t\t\t<\/div>\n\t\t\t\t<div class=\"elementor-element elementor-element-9c2a1e0 elementor-widget elementor-widget-text-editor\" data-id=\"9c2a1e0\" data-element_type=\"widget\" data-widget_type=\"text-editor.default\">\n\t\t\t\t<div class=\"elementor-widget-container\">\n\t\t\t\t\t\t\t\t\t<p>ils se composent deux chambres spacieuses, un grand salon, deux salles de bain, une cuisine moderne enti\u00e8rement \u00e9quip\u00e9e, un balcon avec vue sur la mer et une place au parking<\/p>\n<p>75 m\u00b2 \u00e0 1 200 000 dhs \/&nbsp; &#8211;&nbsp; 95 m\u00b2 \u00e0 1 520 000 DHS \/&nbsp; &nbsp;&#8211; 106 m\u00b2 \u00e0 1 695 000 dhs<\/p>\n<p><\/p>\t\t\t\t\t\t\t\t<\/div>\n\t\t\t\t<\/div>\n\t\t\t\t\t<\/div>\n\t\t<\/div>\n\t\t\t\t\t<\/div>\n\t\t<\/section>\n\t\t\t\t<\/div>\n\t\t","protected":false},"excerpt":{"rendered":"<p>description ils se composent deux chambres spacieuses, un grand salon, deux salles de bain, une cuisine moderne enti\u00e8rement \u00e9quip\u00e9e, un [&hellip;]<\/p>\n","protected":false},"author":1,"featured_media":0,"parent":0,"menu_order":0,"comment_status":"closed","ping_status":"closed","template":"","meta":{"site-sidebar-layout":"no-sidebar","site-content-layout":"page-builder","ast-site-content-layout":"","site-content-style":"default","site-sidebar-style":"default","ast-global-header-display":"","ast-banner-title-visibility":"","ast-main-header-display":"","ast-hfb-above-header-display":"","ast-hfb-below-header-display":"","ast-hfb-mobile-header-display":"","site-post-title":"disabled","ast-breadcrumbs-content":"","ast-featured-img":"disabled","footer-sml-layout":"","theme-transparent-header-meta":"","adv-header-id-meta":"","stick-header-meta":"","header-above-stick-meta":"","header-main-stick-meta":"","header-below-stick-meta":"","astra-migrate-meta-layouts":"default","ast-page-background-enabled":"default","ast-page-background-meta":{"desktop":{"background-color":"","background-image":"","background-repeat":"repeat","background-position":"center center","background-size":"auto","background-attachment":"scroll","background-type":"","background-media":"","overlay-type":"","overlay-color":"","overlay-gradient":""},"tablet":{"background-color":"","background-image":"","background-repeat":"repeat","background-position":"center center","background-size":"auto","background-attachment":"scroll","background-type":"","background-media":"","overlay-type":"","overlay-color":"","overlay-gradient":""},"mobile":{"background-color":"","background-image":"","background-repeat":"repeat","background-position":"center center","background-size":"auto","background-attachment":"scroll","background-type":"","background-media":"","overlay-type":"","overlay-color":"","overlay-gradient":""}},"ast-content-background-meta":{"desktop":{"background-color":"var(--ast-global-color-5)","background-image":"","background-repeat":"repeat","background-position":"center center","background-size":"auto","background-attachment":"scroll","background-type":"","background-media":"","overlay-type":"","overlay-color":"","overlay-gradient":""},"tablet":{"background-color":"var(--ast-global-color-5)","background-image":"","background-repeat":"repeat","background-position":"center center","background-size":"auto","background-attachment":"scroll","background-type":"","background-media":"","overlay-type":"","overlay-color":"","overlay-gradient":""},"mobile":{"background-color":"var(--ast-global-color-5)","background-image":"","background-repeat":"repeat","background-position":"center center","background-size":"auto","background-attachment":"scroll","background-type":"","background-media":"","overlay-type":"","overlay-color":"","overlay-gradient":""}},"_joinchat":[],"footnotes":""},"class_list":["post-1659","page","type-page","status-publish","hentry"],"_links":{"self":[{"href":"https:\/\/immobilierami.com\/index.php\/wp-json\/wp\/v2\/pages\/1659","targetHints":{"allow":["GET"]}}],"collection":[{"href":"https:\/\/immobilierami.com\/index.php\/wp-json\/wp\/v2\/pages"}],"about":[{"href":"https:\/\/immobilierami.com\/index.php\/wp-json\/wp\/v2\/types\/page"}],"author":[{"embeddable":true,"href":"https:\/\/immobilierami.com\/index.php\/wp-json\/wp\/v2\/users\/1"}],"replies":[{"embeddable":true,"href":"https:\/\/immobilierami.com\/index.php\/wp-json\/wp\/v2\/comments?post=1659"}],"version-history":[{"count":4,"href":"https:\/\/immobilierami.com\/index.php\/wp-json\/wp\/v2\/pages\/1659\/revisions"}],"predecessor-version":[{"id":1672,"href":"https:\/\/immobilierami.com\/index.php\/wp-json\/wp\/v2\/pages\/1659\/revisions\/1672"}],"wp:attachment":[{"href":"https:\/\/immobilierami.com\/index.php\/wp-json\/wp\/v2\/media?parent=1659"}],"curies":[{"name":"wp","href":"https:\/\/api.w.org\/{rel}","templated":true}]}}