{"id":1538,"date":"2023-09-15T22:03:26","date_gmt":"2023-09-15T20:03:26","guid":{"rendered":"https:\/\/immobilierami.com\/?page_id=1538"},"modified":"2023-09-16T01:44:45","modified_gmt":"2023-09-15T23:44:45","slug":"appt-125metre","status":"publish","type":"page","link":"https:\/\/immobilierami.com\/index.php\/appt-125metre\/","title":{"rendered":"appt 125metre"},"content":{"rendered":"\t\t<div data-elementor-type=\"wp-page\" data-elementor-id=\"1538\" class=\"elementor elementor-1538\">\n\t\t\t\t\t\t<section class=\"elementor-section elementor-top-section elementor-element elementor-element-ba9256c elementor-section-boxed elementor-section-height-default elementor-section-height-default\" data-id=\"ba9256c\" data-element_type=\"section\">\n\t\t\t\t\t\t<div class=\"elementor-container elementor-column-gap-default\">\n\t\t\t\t\t<div class=\"elementor-column elementor-col-33 elementor-top-column elementor-element elementor-element-2cbb17e\" data-id=\"2cbb17e\" data-element_type=\"column\">\n\t\t\t<div class=\"elementor-widget-wrap elementor-element-populated\">\n\t\t\t\t\t\t<div class=\"elementor-element elementor-element-a20b613 elementor-widget__width-initial elementor-widget elementor-widget-image\" data-id=\"a20b613\" data-element_type=\"widget\" data-widget_type=\"image.default\">\n\t\t\t\t<div class=\"elementor-widget-container\">\n\t\t\t\t\t\t\t\t\t\t\t\t\t\t\t<img fetchpriority=\"high\" decoding=\"async\" width=\"768\" height=\"1024\" src=\"https:\/\/immobilierami.com\/wp-content\/uploads\/2023\/09\/WhatsApp-Image-2023-09-15-at-20.53.42-1-768x1024.jpeg\" class=\"attachment-large size-large wp-image-1578\" alt=\"\" srcset=\"https:\/\/immobilierami.com\/wp-content\/uploads\/2023\/09\/WhatsApp-Image-2023-09-15-at-20.53.42-1-768x1024.jpeg 768w, https:\/\/immobilierami.com\/wp-content\/uploads\/2023\/09\/WhatsApp-Image-2023-09-15-at-20.53.42-1-225x300.jpeg 225w, https:\/\/immobilierami.com\/wp-content\/uploads\/2023\/09\/WhatsApp-Image-2023-09-15-at-20.53.42-1-1152x1536.jpeg 1152w, https:\/\/immobilierami.com\/wp-content\/uploads\/2023\/09\/WhatsApp-Image-2023-09-15-at-20.53.42-1.jpeg 1200w\" sizes=\"(max-width: 768px) 100vw, 768px\" \/>\t\t\t\t\t\t\t\t\t\t\t\t\t\t\t<\/div>\n\t\t\t\t<\/div>\n\t\t\t\t\t<\/div>\n\t\t<\/div>\n\t\t\t\t<div class=\"elementor-column elementor-col-33 elementor-top-column elementor-element elementor-element-3881ca2\" data-id=\"3881ca2\" data-element_type=\"column\">\n\t\t\t<div class=\"elementor-widget-wrap elementor-element-populated\">\n\t\t\t\t\t\t<div class=\"elementor-element elementor-element-5f3adbd elementor-widget elementor-widget-image\" data-id=\"5f3adbd\" data-element_type=\"widget\" data-widget_type=\"image.default\">\n\t\t\t\t<div class=\"elementor-widget-container\">\n\t\t\t\t\t\t\t\t\t\t\t\t\t\t\t<img decoding=\"async\" width=\"768\" height=\"1024\" src=\"https:\/\/immobilierami.com\/wp-content\/uploads\/2023\/09\/WhatsApp-Image-2023-09-15-at-21.01.40-2-768x1024.jpeg\" class=\"attachment-large size-large wp-image-1573\" alt=\"\" srcset=\"https:\/\/immobilierami.com\/wp-content\/uploads\/2023\/09\/WhatsApp-Image-2023-09-15-at-21.01.40-2-768x1024.jpeg 768w, https:\/\/immobilierami.com\/wp-content\/uploads\/2023\/09\/WhatsApp-Image-2023-09-15-at-21.01.40-2-225x300.jpeg 225w, https:\/\/immobilierami.com\/wp-content\/uploads\/2023\/09\/WhatsApp-Image-2023-09-15-at-21.01.40-2.jpeg 960w\" sizes=\"(max-width: 768px) 100vw, 768px\" \/>\t\t\t\t\t\t\t\t\t\t\t\t\t\t\t<\/div>\n\t\t\t\t<\/div>\n\t\t\t\t\t<\/div>\n\t\t<\/div>\n\t\t\t\t<div class=\"elementor-column elementor-col-33 elementor-top-column elementor-element elementor-element-ef75bb8\" data-id=\"ef75bb8\" data-element_type=\"column\">\n\t\t\t<div class=\"elementor-widget-wrap elementor-element-populated\">\n\t\t\t\t\t\t<div class=\"elementor-element elementor-element-ca138e3 elementor-widget elementor-widget-image\" data-id=\"ca138e3\" data-element_type=\"widget\" data-widget_type=\"image.default\">\n\t\t\t\t<div class=\"elementor-widget-container\">\n\t\t\t\t\t\t\t\t\t\t\t\t\t\t\t<img decoding=\"async\" width=\"768\" height=\"1024\" src=\"https:\/\/immobilierami.com\/wp-content\/uploads\/2023\/09\/WhatsApp-Image-2023-09-15-at-21.01.40-1-768x1024.jpeg\" class=\"attachment-large size-large wp-image-1574\" alt=\"\" srcset=\"https:\/\/immobilierami.com\/wp-content\/uploads\/2023\/09\/WhatsApp-Image-2023-09-15-at-21.01.40-1-768x1024.jpeg 768w, https:\/\/immobilierami.com\/wp-content\/uploads\/2023\/09\/WhatsApp-Image-2023-09-15-at-21.01.40-1-225x300.jpeg 225w, https:\/\/immobilierami.com\/wp-content\/uploads\/2023\/09\/WhatsApp-Image-2023-09-15-at-21.01.40-1.jpeg 960w\" sizes=\"(max-width: 768px) 100vw, 768px\" \/>\t\t\t\t\t\t\t\t\t\t\t\t\t\t\t<\/div>\n\t\t\t\t<\/div>\n\t\t\t\t\t<\/div>\n\t\t<\/div>\n\t\t\t\t\t<\/div>\n\t\t<\/section>\n\t\t\t\t<section class=\"elementor-section elementor-top-section elementor-element elementor-element-6a7d9fe elementor-section-boxed elementor-section-height-default elementor-section-height-default\" data-id=\"6a7d9fe\" data-element_type=\"section\">\n\t\t\t\t\t\t<div class=\"elementor-container elementor-column-gap-default\">\n\t\t\t\t\t<div class=\"elementor-column elementor-col-33 elementor-top-column elementor-element elementor-element-b2eaef1\" data-id=\"b2eaef1\" data-element_type=\"column\">\n\t\t\t<div class=\"elementor-widget-wrap elementor-element-populated\">\n\t\t\t\t\t\t<div class=\"elementor-element elementor-element-375655d elementor-widget elementor-widget-image\" data-id=\"375655d\" data-element_type=\"widget\" data-widget_type=\"image.default\">\n\t\t\t\t<div class=\"elementor-widget-container\">\n\t\t\t\t\t\t\t\t\t\t\t\t\t\t\t<img loading=\"lazy\" decoding=\"async\" width=\"768\" height=\"1024\" src=\"https:\/\/immobilierami.com\/wp-content\/uploads\/2023\/09\/WhatsApp-Image-2023-09-15-at-20.53.42-768x1024.jpeg\" class=\"attachment-large size-large wp-image-1575\" alt=\"\" srcset=\"https:\/\/immobilierami.com\/wp-content\/uploads\/2023\/09\/WhatsApp-Image-2023-09-15-at-20.53.42-768x1024.jpeg 768w, https:\/\/immobilierami.com\/wp-content\/uploads\/2023\/09\/WhatsApp-Image-2023-09-15-at-20.53.42-225x300.jpeg 225w, https:\/\/immobilierami.com\/wp-content\/uploads\/2023\/09\/WhatsApp-Image-2023-09-15-at-20.53.42-1152x1536.jpeg 1152w, https:\/\/immobilierami.com\/wp-content\/uploads\/2023\/09\/WhatsApp-Image-2023-09-15-at-20.53.42.jpeg 1200w\" sizes=\"(max-width: 768px) 100vw, 768px\" \/>\t\t\t\t\t\t\t\t\t\t\t\t\t\t\t<\/div>\n\t\t\t\t<\/div>\n\t\t\t\t\t<\/div>\n\t\t<\/div>\n\t\t\t\t<div class=\"elementor-column elementor-col-33 elementor-top-column elementor-element elementor-element-d38dd4a\" data-id=\"d38dd4a\" data-element_type=\"column\">\n\t\t\t<div class=\"elementor-widget-wrap elementor-element-populated\">\n\t\t\t\t\t\t<div class=\"elementor-element elementor-element-9e57e6f elementor-widget elementor-widget-image\" data-id=\"9e57e6f\" data-element_type=\"widget\" data-widget_type=\"image.default\">\n\t\t\t\t<div class=\"elementor-widget-container\">\n\t\t\t\t\t\t\t\t\t\t\t\t\t\t\t<img loading=\"lazy\" decoding=\"async\" width=\"768\" height=\"1024\" src=\"https:\/\/immobilierami.com\/wp-content\/uploads\/2023\/09\/WhatsApp-Image-2023-09-15-at-20.53.42-3-768x1024.jpeg\" class=\"attachment-large size-large wp-image-1576\" alt=\"\" srcset=\"https:\/\/immobilierami.com\/wp-content\/uploads\/2023\/09\/WhatsApp-Image-2023-09-15-at-20.53.42-3-768x1024.jpeg 768w, https:\/\/immobilierami.com\/wp-content\/uploads\/2023\/09\/WhatsApp-Image-2023-09-15-at-20.53.42-3-225x300.jpeg 225w, https:\/\/immobilierami.com\/wp-content\/uploads\/2023\/09\/WhatsApp-Image-2023-09-15-at-20.53.42-3.jpeg 960w\" sizes=\"(max-width: 768px) 100vw, 768px\" \/>\t\t\t\t\t\t\t\t\t\t\t\t\t\t\t<\/div>\n\t\t\t\t<\/div>\n\t\t\t\t\t<\/div>\n\t\t<\/div>\n\t\t\t\t<div class=\"elementor-column elementor-col-33 elementor-top-column elementor-element elementor-element-a6e075d\" data-id=\"a6e075d\" data-element_type=\"column\">\n\t\t\t<div class=\"elementor-widget-wrap elementor-element-populated\">\n\t\t\t\t\t\t<div class=\"elementor-element elementor-element-f2ec8cb elementor-widget elementor-widget-image\" data-id=\"f2ec8cb\" data-element_type=\"widget\" data-widget_type=\"image.default\">\n\t\t\t\t<div class=\"elementor-widget-container\">\n\t\t\t\t\t\t\t\t\t\t\t\t\t\t\t<img loading=\"lazy\" decoding=\"async\" width=\"1024\" height=\"768\" src=\"https:\/\/immobilierami.com\/wp-content\/uploads\/2023\/09\/WhatsApp-Image-2023-09-15-at-21.01.40-1024x768.jpeg\" class=\"attachment-large size-large wp-image-1572\" alt=\"\" srcset=\"https:\/\/immobilierami.com\/wp-content\/uploads\/2023\/09\/WhatsApp-Image-2023-09-15-at-21.01.40-1024x768.jpeg 1024w, https:\/\/immobilierami.com\/wp-content\/uploads\/2023\/09\/WhatsApp-Image-2023-09-15-at-21.01.40-300x225.jpeg 300w, https:\/\/immobilierami.com\/wp-content\/uploads\/2023\/09\/WhatsApp-Image-2023-09-15-at-21.01.40-768x576.jpeg 768w, https:\/\/immobilierami.com\/wp-content\/uploads\/2023\/09\/WhatsApp-Image-2023-09-15-at-21.01.40.jpeg 1280w\" sizes=\"(max-width: 1024px) 100vw, 1024px\" \/>\t\t\t\t\t\t\t\t\t\t\t\t\t\t\t<\/div>\n\t\t\t\t<\/div>\n\t\t\t\t\t<\/div>\n\t\t<\/div>\n\t\t\t\t\t<\/div>\n\t\t<\/section>\n\t\t\t\t<section class=\"elementor-section elementor-top-section elementor-element elementor-element-18d01a3 elementor-section-boxed elementor-section-height-default elementor-section-height-default\" data-id=\"18d01a3\" data-element_type=\"section\">\n\t\t\t\t\t\t<div class=\"elementor-container elementor-column-gap-default\">\n\t\t\t\t\t<div class=\"elementor-column elementor-col-100 elementor-top-column elementor-element elementor-element-8e1a1e6\" data-id=\"8e1a1e6\" data-element_type=\"column\">\n\t\t\t<div class=\"elementor-widget-wrap elementor-element-populated\">\n\t\t\t\t\t\t<div class=\"elementor-element elementor-element-f3237eb elementor-widget-divider--view-line elementor-widget elementor-widget-divider\" data-id=\"f3237eb\" data-element_type=\"widget\" data-widget_type=\"divider.default\">\n\t\t\t\t<div class=\"elementor-widget-container\">\n\t\t\t\t\t\t\t<div class=\"elementor-divider\">\n\t\t\t<span class=\"elementor-divider-separator\">\n\t\t\t\t\t\t<\/span>\n\t\t<\/div>\n\t\t\t\t\t\t<\/div>\n\t\t\t\t<\/div>\n\t\t\t\t\t<\/div>\n\t\t<\/div>\n\t\t\t\t\t<\/div>\n\t\t<\/section>\n\t\t\t\t<section class=\"elementor-section elementor-top-section elementor-element elementor-element-d519472 elementor-section-boxed elementor-section-height-default elementor-section-height-default\" data-id=\"d519472\" data-element_type=\"section\">\n\t\t\t\t\t\t<div class=\"elementor-container elementor-column-gap-default\">\n\t\t\t\t\t<div class=\"elementor-column elementor-col-100 elementor-top-column elementor-element elementor-element-62492a8\" data-id=\"62492a8\" data-element_type=\"column\">\n\t\t\t<div class=\"elementor-widget-wrap elementor-element-populated\">\n\t\t\t\t\t\t<div class=\"elementor-element elementor-element-02e5ab9 elementor-widget elementor-widget-heading\" data-id=\"02e5ab9\" data-element_type=\"widget\" data-widget_type=\"heading.default\">\n\t\t\t\t<div class=\"elementor-widget-container\">\n\t\t\t\t\t<h3 class=\"elementor-heading-title elementor-size-default\">description<\/h3>\t\t\t\t<\/div>\n\t\t\t\t<\/div>\n\t\t\t\t<div class=\"elementor-element elementor-element-014cf7d elementor-widget elementor-widget-text-editor\" data-id=\"014cf7d\" data-element_type=\"widget\" data-widget_type=\"text-editor.default\">\n\t\t\t\t<div class=\"elementor-widget-container\">\n\t\t\t\t\t\t\t\t\t<p>appartement Situ\u00e9 au sein d&rsquo;une r\u00e9sidence s\u00e9curis\u00e9e, cet appartement incarne le parfait \u00e9quilibre entre la tranquillit\u00e9 d&rsquo;un jardin paisible et la modernit\u00e9 d&rsquo;un espace enti\u00e8rement neuf. Vous serez s\u00e9duit d\u00e8s votre arriv\u00e9e par l&rsquo;\u00e9l\u00e9gance et le raffinement des finitions, t\u00e9moignant d&rsquo;une qualit\u00e9 de construction exceptionnelle.<\/p><p>une superficie de 125 m\u00b2 \u00e0 Sal\u00e9 accot\u00e9 de la m\u00e8re 5 mnt de marina, gare du train et station tramway, Il est id\u00e9alement situ\u00e9 au rez-de-chauss\u00e9e et se compose d&rsquo;un spacieux salon, De trois chambres dont une suite parentale avec dressing et salle de bain attenante, ainsi qu&rsquo;un agr\u00e9able balcon offrant une vue sur un jardin. De plus, vous trouverez une salle de bain suppl\u00e9mentaire, une cuisine et une terrasse. N\u2019attendez plus ! Contactez-moi au plus vite, pour visiter ce bel appartement ou pour en savoir plus<\/p><p>\u00a0<\/p>\t\t\t\t\t\t\t\t<\/div>\n\t\t\t\t<\/div>\n\t\t\t\t\t<\/div>\n\t\t<\/div>\n\t\t\t\t\t<\/div>\n\t\t<\/section>\n\t\t\t\t<\/div>\n\t\t","protected":false},"excerpt":{"rendered":"<p>description appartement Situ\u00e9 au sein d&rsquo;une r\u00e9sidence s\u00e9curis\u00e9e, cet appartement incarne le parfait \u00e9quilibre entre la tranquillit\u00e9 d&rsquo;un jardin paisible [&hellip;]<\/p>\n","protected":false},"author":1,"featured_media":0,"parent":0,"menu_order":0,"comment_status":"closed","ping_status":"closed","template":"","meta":{"site-sidebar-layout":"no-sidebar","site-content-layout":"page-builder","ast-site-content-layout":"","site-content-style":"default","site-sidebar-style":"default","ast-global-header-display":"","ast-banner-title-visibility":"","ast-main-header-display":"","ast-hfb-above-header-display":"","ast-hfb-below-header-display":"","ast-hfb-mobile-header-display":"","site-post-title":"disabled","ast-breadcrumbs-content":"","ast-featured-img":"disabled","footer-sml-layout":"","theme-transparent-header-meta":"","adv-header-id-meta":"","stick-header-meta":"","header-above-stick-meta":"","header-main-stick-meta":"","header-below-stick-meta":"","astra-migrate-meta-layouts":"default","ast-page-background-enabled":"default","ast-page-background-meta":{"desktop":{"background-color":"","background-image":"","background-repeat":"repeat","background-position":"center center","background-size":"auto","background-attachment":"scroll","background-type":"","background-media":"","overlay-type":"","overlay-color":"","overlay-gradient":""},"tablet":{"background-color":"","background-image":"","background-repeat":"repeat","background-position":"center center","background-size":"auto","background-attachment":"scroll","background-type":"","background-media":"","overlay-type":"","overlay-color":"","overlay-gradient":""},"mobile":{"background-color":"","background-image":"","background-repeat":"repeat","background-position":"center center","background-size":"auto","background-attachment":"scroll","background-type":"","background-media":"","overlay-type":"","overlay-color":"","overlay-gradient":""}},"ast-content-background-meta":{"desktop":{"background-color":"var(--ast-global-color-5)","background-image":"","background-repeat":"repeat","background-position":"center center","background-size":"auto","background-attachment":"scroll","background-type":"","background-media":"","overlay-type":"","overlay-color":"","overlay-gradient":""},"tablet":{"background-color":"var(--ast-global-color-5)","background-image":"","background-repeat":"repeat","background-position":"center center","background-size":"auto","background-attachment":"scroll","background-type":"","background-media":"","overlay-type":"","overlay-color":"","overlay-gradient":""},"mobile":{"background-color":"var(--ast-global-color-5)","background-image":"","background-repeat":"repeat","background-position":"center center","background-size":"auto","background-attachment":"scroll","background-type":"","background-media":"","overlay-type":"","overlay-color":"","overlay-gradient":""}},"_joinchat":[],"footnotes":""},"class_list":["post-1538","page","type-page","status-publish","hentry"],"_links":{"self":[{"href":"https:\/\/immobilierami.com\/index.php\/wp-json\/wp\/v2\/pages\/1538","targetHints":{"allow":["GET"]}}],"collection":[{"href":"https:\/\/immobilierami.com\/index.php\/wp-json\/wp\/v2\/pages"}],"about":[{"href":"https:\/\/immobilierami.com\/index.php\/wp-json\/wp\/v2\/types\/page"}],"author":[{"embeddable":true,"href":"https:\/\/immobilierami.com\/index.php\/wp-json\/wp\/v2\/users\/1"}],"replies":[{"embeddable":true,"href":"https:\/\/immobilierami.com\/index.php\/wp-json\/wp\/v2\/comments?post=1538"}],"version-history":[{"count":16,"href":"https:\/\/immobilierami.com\/index.php\/wp-json\/wp\/v2\/pages\/1538\/revisions"}],"predecessor-version":[{"id":1582,"href":"https:\/\/immobilierami.com\/index.php\/wp-json\/wp\/v2\/pages\/1538\/revisions\/1582"}],"wp:attachment":[{"href":"https:\/\/immobilierami.com\/index.php\/wp-json\/wp\/v2\/media?parent=1538"}],"curies":[{"name":"wp","href":"https:\/\/api.w.org\/{rel}","templated":true}]}}