{"id":1443,"date":"2023-09-06T13:37:38","date_gmt":"2023-09-06T11:37:38","guid":{"rendered":"https:\/\/immobilierami.com\/?page_id=1443"},"modified":"2023-09-18T01:55:38","modified_gmt":"2023-09-17T23:55:38","slug":"appartement-neuf-92-m","status":"publish","type":"page","link":"https:\/\/immobilierami.com\/index.php\/appartement-neuf-92-m\/","title":{"rendered":"appartement neuf 92 \/m"},"content":{"rendered":"\t\t<div data-elementor-type=\"wp-page\" data-elementor-id=\"1443\" class=\"elementor elementor-1443\">\n\t\t\t\t\t\t<section class=\"elementor-section elementor-top-section elementor-element elementor-element-6a4b78f elementor-section-boxed elementor-section-height-default elementor-section-height-default\" data-id=\"6a4b78f\" data-element_type=\"section\">\n\t\t\t\t\t\t<div class=\"elementor-container elementor-column-gap-default\">\n\t\t\t\t\t<div class=\"elementor-column elementor-col-100 elementor-top-column elementor-element elementor-element-b1514c2\" data-id=\"b1514c2\" data-element_type=\"column\">\n\t\t\t<div class=\"elementor-widget-wrap\">\n\t\t\t\t\t\t\t<\/div>\n\t\t<\/div>\n\t\t\t\t\t<\/div>\n\t\t<\/section>\n\t\t\t\t<section class=\"elementor-section elementor-top-section elementor-element elementor-element-6762baa elementor-section-boxed elementor-section-height-default elementor-section-height-default\" data-id=\"6762baa\" data-element_type=\"section\">\n\t\t\t\t\t\t<div class=\"elementor-container elementor-column-gap-default\">\n\t\t\t\t\t<div class=\"elementor-column elementor-col-33 elementor-top-column elementor-element elementor-element-0b3fffd\" data-id=\"0b3fffd\" data-element_type=\"column\">\n\t\t\t<div class=\"elementor-widget-wrap elementor-element-populated\">\n\t\t\t\t\t\t<div class=\"elementor-element elementor-element-bcde8a6 elementor-widget elementor-widget-image\" data-id=\"bcde8a6\" data-element_type=\"widget\" data-widget_type=\"image.default\">\n\t\t\t\t<div class=\"elementor-widget-container\">\n\t\t\t\t\t\t\t\t\t\t\t\t\t\t\t<img fetchpriority=\"high\" decoding=\"async\" width=\"768\" height=\"1024\" src=\"https:\/\/immobilierami.com\/wp-content\/uploads\/2023\/09\/WhatsApp-Image-2023-09-05-at-20.09.09-768x1024.jpeg\" class=\"attachment-large size-large wp-image-1452\" alt=\"\" srcset=\"https:\/\/immobilierami.com\/wp-content\/uploads\/2023\/09\/WhatsApp-Image-2023-09-05-at-20.09.09-768x1024.jpeg 768w, https:\/\/immobilierami.com\/wp-content\/uploads\/2023\/09\/WhatsApp-Image-2023-09-05-at-20.09.09-225x300.jpeg 225w, https:\/\/immobilierami.com\/wp-content\/uploads\/2023\/09\/WhatsApp-Image-2023-09-05-at-20.09.09-1152x1536.jpeg 1152w, https:\/\/immobilierami.com\/wp-content\/uploads\/2023\/09\/WhatsApp-Image-2023-09-05-at-20.09.09.jpeg 1200w\" sizes=\"(max-width: 768px) 100vw, 768px\" \/>\t\t\t\t\t\t\t\t\t\t\t\t\t\t\t<\/div>\n\t\t\t\t<\/div>\n\t\t\t\t\t<\/div>\n\t\t<\/div>\n\t\t\t\t<div class=\"elementor-column elementor-col-33 elementor-top-column elementor-element elementor-element-e843234\" data-id=\"e843234\" data-element_type=\"column\">\n\t\t\t<div class=\"elementor-widget-wrap elementor-element-populated\">\n\t\t\t\t\t\t<div class=\"elementor-element elementor-element-1756ca6 elementor-widget elementor-widget-image\" data-id=\"1756ca6\" data-element_type=\"widget\" data-widget_type=\"image.default\">\n\t\t\t\t<div class=\"elementor-widget-container\">\n\t\t\t\t\t\t\t\t\t\t\t\t\t\t\t<img decoding=\"async\" width=\"768\" height=\"1024\" src=\"https:\/\/immobilierami.com\/wp-content\/uploads\/2023\/09\/WhatsApp-Image-2023-09-05-at-20.09.08-1-1-768x1024.jpeg\" class=\"attachment-large size-large wp-image-1450\" alt=\"\" srcset=\"https:\/\/immobilierami.com\/wp-content\/uploads\/2023\/09\/WhatsApp-Image-2023-09-05-at-20.09.08-1-1-768x1024.jpeg 768w, https:\/\/immobilierami.com\/wp-content\/uploads\/2023\/09\/WhatsApp-Image-2023-09-05-at-20.09.08-1-1-225x300.jpeg 225w, https:\/\/immobilierami.com\/wp-content\/uploads\/2023\/09\/WhatsApp-Image-2023-09-05-at-20.09.08-1-1-1152x1536.jpeg 1152w, https:\/\/immobilierami.com\/wp-content\/uploads\/2023\/09\/WhatsApp-Image-2023-09-05-at-20.09.08-1-1.jpeg 1200w\" sizes=\"(max-width: 768px) 100vw, 768px\" \/>\t\t\t\t\t\t\t\t\t\t\t\t\t\t\t<\/div>\n\t\t\t\t<\/div>\n\t\t\t\t\t<\/div>\n\t\t<\/div>\n\t\t\t\t<div class=\"elementor-column elementor-col-33 elementor-top-column elementor-element elementor-element-2b1e6b7\" data-id=\"2b1e6b7\" data-element_type=\"column\">\n\t\t\t<div class=\"elementor-widget-wrap elementor-element-populated\">\n\t\t\t\t\t\t<div class=\"elementor-element elementor-element-c4d46e4 elementor-widget elementor-widget-image\" data-id=\"c4d46e4\" data-element_type=\"widget\" data-widget_type=\"image.default\">\n\t\t\t\t<div class=\"elementor-widget-container\">\n\t\t\t\t\t\t\t\t\t\t\t\t\t\t\t<img decoding=\"async\" width=\"768\" height=\"1024\" src=\"https:\/\/immobilierami.com\/wp-content\/uploads\/2023\/09\/WhatsApp-Image-2023-09-05-at-20.09.07-1-768x1024.jpeg\" class=\"attachment-large size-large wp-image-1437\" alt=\"\" srcset=\"https:\/\/immobilierami.com\/wp-content\/uploads\/2023\/09\/WhatsApp-Image-2023-09-05-at-20.09.07-1-768x1024.jpeg 768w, https:\/\/immobilierami.com\/wp-content\/uploads\/2023\/09\/WhatsApp-Image-2023-09-05-at-20.09.07-1-225x300.jpeg 225w, https:\/\/immobilierami.com\/wp-content\/uploads\/2023\/09\/WhatsApp-Image-2023-09-05-at-20.09.07-1-1152x1536.jpeg 1152w, https:\/\/immobilierami.com\/wp-content\/uploads\/2023\/09\/WhatsApp-Image-2023-09-05-at-20.09.07-1.jpeg 1200w\" sizes=\"(max-width: 768px) 100vw, 768px\" \/>\t\t\t\t\t\t\t\t\t\t\t\t\t\t\t<\/div>\n\t\t\t\t<\/div>\n\t\t\t\t\t<\/div>\n\t\t<\/div>\n\t\t\t\t\t<\/div>\n\t\t<\/section>\n\t\t\t\t<section class=\"elementor-section elementor-top-section elementor-element elementor-element-1cf0bb7 elementor-section-boxed elementor-section-height-default elementor-section-height-default\" data-id=\"1cf0bb7\" data-element_type=\"section\">\n\t\t\t\t\t\t<div class=\"elementor-container elementor-column-gap-default\">\n\t\t\t\t\t<div class=\"elementor-column elementor-col-33 elementor-top-column elementor-element elementor-element-4d554ce\" data-id=\"4d554ce\" data-element_type=\"column\">\n\t\t\t<div class=\"elementor-widget-wrap elementor-element-populated\">\n\t\t\t\t\t\t<div class=\"elementor-element elementor-element-a26c67d elementor-widget elementor-widget-image\" data-id=\"a26c67d\" data-element_type=\"widget\" data-widget_type=\"image.default\">\n\t\t\t\t<div class=\"elementor-widget-container\">\n\t\t\t\t\t\t\t\t\t\t\t\t\t\t\t<img loading=\"lazy\" decoding=\"async\" width=\"1024\" height=\"768\" src=\"https:\/\/immobilierami.com\/wp-content\/uploads\/2023\/09\/WhatsApp-Image-2023-09-06-at-12.46.55-1024x768.jpeg\" class=\"attachment-large size-large wp-image-1454\" alt=\"\" srcset=\"https:\/\/immobilierami.com\/wp-content\/uploads\/2023\/09\/WhatsApp-Image-2023-09-06-at-12.46.55-1024x768.jpeg 1024w, https:\/\/immobilierami.com\/wp-content\/uploads\/2023\/09\/WhatsApp-Image-2023-09-06-at-12.46.55-300x225.jpeg 300w, https:\/\/immobilierami.com\/wp-content\/uploads\/2023\/09\/WhatsApp-Image-2023-09-06-at-12.46.55-768x576.jpeg 768w, https:\/\/immobilierami.com\/wp-content\/uploads\/2023\/09\/WhatsApp-Image-2023-09-06-at-12.46.55-1536x1152.jpeg 1536w, https:\/\/immobilierami.com\/wp-content\/uploads\/2023\/09\/WhatsApp-Image-2023-09-06-at-12.46.55.jpeg 1600w\" sizes=\"(max-width: 1024px) 100vw, 1024px\" \/>\t\t\t\t\t\t\t\t\t\t\t\t\t\t\t<\/div>\n\t\t\t\t<\/div>\n\t\t\t\t\t<\/div>\n\t\t<\/div>\n\t\t\t\t<div class=\"elementor-column elementor-col-33 elementor-top-column elementor-element elementor-element-f845329\" data-id=\"f845329\" data-element_type=\"column\">\n\t\t\t<div class=\"elementor-widget-wrap elementor-element-populated\">\n\t\t\t\t\t\t<div class=\"elementor-element elementor-element-c97358e elementor-widget elementor-widget-image\" data-id=\"c97358e\" data-element_type=\"widget\" data-widget_type=\"image.default\">\n\t\t\t\t<div class=\"elementor-widget-container\">\n\t\t\t\t\t\t\t\t\t\t\t\t\t\t\t<img loading=\"lazy\" decoding=\"async\" width=\"768\" height=\"1024\" src=\"https:\/\/immobilierami.com\/wp-content\/uploads\/2023\/09\/WhatsApp-Image-2023-09-06-at-12.46.56-768x1024.jpeg\" class=\"attachment-large size-large wp-image-1455\" alt=\"\" srcset=\"https:\/\/immobilierami.com\/wp-content\/uploads\/2023\/09\/WhatsApp-Image-2023-09-06-at-12.46.56-768x1024.jpeg 768w, https:\/\/immobilierami.com\/wp-content\/uploads\/2023\/09\/WhatsApp-Image-2023-09-06-at-12.46.56-225x300.jpeg 225w, https:\/\/immobilierami.com\/wp-content\/uploads\/2023\/09\/WhatsApp-Image-2023-09-06-at-12.46.56-1152x1536.jpeg 1152w, https:\/\/immobilierami.com\/wp-content\/uploads\/2023\/09\/WhatsApp-Image-2023-09-06-at-12.46.56.jpeg 1200w\" sizes=\"(max-width: 768px) 100vw, 768px\" \/>\t\t\t\t\t\t\t\t\t\t\t\t\t\t\t<\/div>\n\t\t\t\t<\/div>\n\t\t\t\t\t<\/div>\n\t\t<\/div>\n\t\t\t\t<div class=\"elementor-column elementor-col-33 elementor-top-column elementor-element elementor-element-78bcbcd\" data-id=\"78bcbcd\" data-element_type=\"column\">\n\t\t\t<div class=\"elementor-widget-wrap elementor-element-populated\">\n\t\t\t\t\t\t<div class=\"elementor-element elementor-element-be05012 elementor-widget elementor-widget-image\" data-id=\"be05012\" data-element_type=\"widget\" data-widget_type=\"image.default\">\n\t\t\t\t<div class=\"elementor-widget-container\">\n\t\t\t\t\t\t\t\t\t\t\t\t\t\t\t<img loading=\"lazy\" decoding=\"async\" width=\"768\" height=\"1024\" src=\"https:\/\/immobilierami.com\/wp-content\/uploads\/2023\/09\/WhatsApp-Image-2023-09-05-at-20.09.06-768x1024.jpeg\" class=\"attachment-large size-large wp-image-1428\" alt=\"appartement pr\u00e9s de marina gare tramway\" srcset=\"https:\/\/immobilierami.com\/wp-content\/uploads\/2023\/09\/WhatsApp-Image-2023-09-05-at-20.09.06-768x1024.jpeg 768w, https:\/\/immobilierami.com\/wp-content\/uploads\/2023\/09\/WhatsApp-Image-2023-09-05-at-20.09.06-225x300.jpeg 225w, https:\/\/immobilierami.com\/wp-content\/uploads\/2023\/09\/WhatsApp-Image-2023-09-05-at-20.09.06-1152x1536.jpeg 1152w, https:\/\/immobilierami.com\/wp-content\/uploads\/2023\/09\/WhatsApp-Image-2023-09-05-at-20.09.06.jpeg 1200w\" sizes=\"(max-width: 768px) 100vw, 768px\" \/>\t\t\t\t\t\t\t\t\t\t\t\t\t\t\t<\/div>\n\t\t\t\t<\/div>\n\t\t\t\t\t<\/div>\n\t\t<\/div>\n\t\t\t\t\t<\/div>\n\t\t<\/section>\n\t\t\t\t<section class=\"elementor-section elementor-top-section elementor-element elementor-element-c6b2d6d elementor-section-boxed elementor-section-height-default elementor-section-height-default\" data-id=\"c6b2d6d\" data-element_type=\"section\">\n\t\t\t\t\t\t<div class=\"elementor-container elementor-column-gap-default\">\n\t\t\t\t\t<div class=\"elementor-column elementor-col-100 elementor-top-column elementor-element elementor-element-03be18f\" data-id=\"03be18f\" data-element_type=\"column\">\n\t\t\t<div class=\"elementor-widget-wrap elementor-element-populated\">\n\t\t\t\t\t\t<div class=\"elementor-element elementor-element-08f8de3 elementor-widget-divider--view-line elementor-widget elementor-widget-divider\" data-id=\"08f8de3\" data-element_type=\"widget\" data-widget_type=\"divider.default\">\n\t\t\t\t<div class=\"elementor-widget-container\">\n\t\t\t\t\t\t\t<div class=\"elementor-divider\">\n\t\t\t<span class=\"elementor-divider-separator\">\n\t\t\t\t\t\t<\/span>\n\t\t<\/div>\n\t\t\t\t\t\t<\/div>\n\t\t\t\t<\/div>\n\t\t\t\t\t<\/div>\n\t\t<\/div>\n\t\t\t\t\t<\/div>\n\t\t<\/section>\n\t\t\t\t<section class=\"elementor-section elementor-top-section elementor-element elementor-element-64ff005 elementor-section-boxed elementor-section-height-default elementor-section-height-default\" data-id=\"64ff005\" data-element_type=\"section\">\n\t\t\t\t\t\t<div class=\"elementor-container elementor-column-gap-default\">\n\t\t\t\t\t<div class=\"elementor-column elementor-col-100 elementor-top-column elementor-element elementor-element-9840a7e\" data-id=\"9840a7e\" data-element_type=\"column\">\n\t\t\t<div class=\"elementor-widget-wrap elementor-element-populated\">\n\t\t\t\t\t\t<div class=\"elementor-element elementor-element-0887d13 elementor-widget elementor-widget-heading\" data-id=\"0887d13\" data-element_type=\"widget\" data-widget_type=\"heading.default\">\n\t\t\t\t<div class=\"elementor-widget-container\">\n\t\t\t\t\t<h2 class=\"elementor-heading-title elementor-size-default\">Ajoutez votre titre ici<\/h2>\t\t\t\t<\/div>\n\t\t\t\t<\/div>\n\t\t\t\t<div class=\"elementor-element elementor-element-2a4da83 elementor-widget elementor-widget-text-editor\" data-id=\"2a4da83\" data-element_type=\"widget\" data-widget_type=\"text-editor.default\">\n\t\t\t\t<div class=\"elementor-widget-container\">\n\t\t\t\t\t\t\t\t\t<p>appartement neuf a vendre dans une r\u00e9sidence a cot\u00e9 de corniche sal\u00e9 ,pr\u00e8s de toutes commodit\u00e9s Salon\/hall<br \/>2 chambre<br \/>Cuisine\/ sdb\/toil<\/p><p>Ne manquez pas cette occasion exceptionnelle de vivre dans le confort, la s\u00e9curit\u00e9, et le style que vous m\u00e9ritez. Prenez rendez-vous d\u00e8s aujourd&rsquo;hui pour d\u00e9couvrir votre futur chez-vous \u00e0 quelques pas de la mer, de la gare, des grandes \u00e9coles, et bien plus encore. Une vie de r\u00eave vous attend ici, ne laissez pas cette opportunit\u00e9 vous \u00e9chapper !<\/p>\t\t\t\t\t\t\t\t<\/div>\n\t\t\t\t<\/div>\n\t\t\t\t\t<\/div>\n\t\t<\/div>\n\t\t\t\t\t<\/div>\n\t\t<\/section>\n\t\t\t\t<\/div>\n\t\t","protected":false},"excerpt":{"rendered":"<p>Ajoutez votre titre ici appartement neuf a vendre dans une r\u00e9sidence a cot\u00e9 de corniche sal\u00e9 ,pr\u00e8s de toutes commodit\u00e9s [&hellip;]<\/p>\n","protected":false},"author":1,"featured_media":0,"parent":0,"menu_order":0,"comment_status":"closed","ping_status":"closed","template":"","meta":{"site-sidebar-layout":"no-sidebar","site-content-layout":"page-builder","ast-site-content-layout":"","site-content-style":"default","site-sidebar-style":"default","ast-global-header-display":"","ast-banner-title-visibility":"","ast-main-header-display":"","ast-hfb-above-header-display":"","ast-hfb-below-header-display":"","ast-hfb-mobile-header-display":"","site-post-title":"disabled","ast-breadcrumbs-content":"","ast-featured-img":"disabled","footer-sml-layout":"","theme-transparent-header-meta":"","adv-header-id-meta":"","stick-header-meta":"","header-above-stick-meta":"","header-main-stick-meta":"","header-below-stick-meta":"","astra-migrate-meta-layouts":"default","ast-page-background-enabled":"default","ast-page-background-meta":{"desktop":{"background-color":"","background-image":"","background-repeat":"repeat","background-position":"center center","background-size":"auto","background-attachment":"scroll","background-type":"","background-media":"","overlay-type":"","overlay-color":"","overlay-gradient":""},"tablet":{"background-color":"","background-image":"","background-repeat":"repeat","background-position":"center center","background-size":"auto","background-attachment":"scroll","background-type":"","background-media":"","overlay-type":"","overlay-color":"","overlay-gradient":""},"mobile":{"background-color":"","background-image":"","background-repeat":"repeat","background-position":"center center","background-size":"auto","background-attachment":"scroll","background-type":"","background-media":"","overlay-type":"","overlay-color":"","overlay-gradient":""}},"ast-content-background-meta":{"desktop":{"background-color":"var(--ast-global-color-5)","background-image":"","background-repeat":"repeat","background-position":"center center","background-size":"auto","background-attachment":"scroll","background-type":"","background-media":"","overlay-type":"","overlay-color":"","overlay-gradient":""},"tablet":{"background-color":"var(--ast-global-color-5)","background-image":"","background-repeat":"repeat","background-position":"center center","background-size":"auto","background-attachment":"scroll","background-type":"","background-media":"","overlay-type":"","overlay-color":"","overlay-gradient":""},"mobile":{"background-color":"var(--ast-global-color-5)","background-image":"","background-repeat":"repeat","background-position":"center center","background-size":"auto","background-attachment":"scroll","background-type":"","background-media":"","overlay-type":"","overlay-color":"","overlay-gradient":""}},"_joinchat":[],"footnotes":""},"class_list":["post-1443","page","type-page","status-publish","hentry"],"_links":{"self":[{"href":"https:\/\/immobilierami.com\/index.php\/wp-json\/wp\/v2\/pages\/1443","targetHints":{"allow":["GET"]}}],"collection":[{"href":"https:\/\/immobilierami.com\/index.php\/wp-json\/wp\/v2\/pages"}],"about":[{"href":"https:\/\/immobilierami.com\/index.php\/wp-json\/wp\/v2\/types\/page"}],"author":[{"embeddable":true,"href":"https:\/\/immobilierami.com\/index.php\/wp-json\/wp\/v2\/users\/1"}],"replies":[{"embeddable":true,"href":"https:\/\/immobilierami.com\/index.php\/wp-json\/wp\/v2\/comments?post=1443"}],"version-history":[{"count":10,"href":"https:\/\/immobilierami.com\/index.php\/wp-json\/wp\/v2\/pages\/1443\/revisions"}],"predecessor-version":[{"id":1638,"href":"https:\/\/immobilierami.com\/index.php\/wp-json\/wp\/v2\/pages\/1443\/revisions\/1638"}],"wp:attachment":[{"href":"https:\/\/immobilierami.com\/index.php\/wp-json\/wp\/v2\/media?parent=1443"}],"curies":[{"name":"wp","href":"https:\/\/api.w.org\/{rel}","templated":true}]}}