{"id":1415,"date":"2023-09-05T21:38:39","date_gmt":"2023-09-05T19:38:39","guid":{"rendered":"https:\/\/immobilierami.com\/?page_id=1415"},"modified":"2023-09-06T13:28:10","modified_gmt":"2023-09-06T11:28:10","slug":"appt-neuf-82-m","status":"publish","type":"page","link":"https:\/\/immobilierami.com\/index.php\/appt-neuf-82-m\/","title":{"rendered":"appt neuf 82 m"},"content":{"rendered":"\t\t<div data-elementor-type=\"wp-page\" data-elementor-id=\"1415\" class=\"elementor elementor-1415\">\n\t\t\t\t\t\t<section class=\"elementor-section elementor-top-section elementor-element elementor-element-60ac317 elementor-section-boxed elementor-section-height-default elementor-section-height-default\" data-id=\"60ac317\" data-element_type=\"section\">\n\t\t\t\t\t\t<div class=\"elementor-container elementor-column-gap-default\">\n\t\t\t\t\t<div class=\"elementor-column elementor-col-33 elementor-top-column elementor-element elementor-element-b4760fc\" data-id=\"b4760fc\" data-element_type=\"column\">\n\t\t\t<div class=\"elementor-widget-wrap elementor-element-populated\">\n\t\t\t\t\t\t<div class=\"elementor-element elementor-element-8f8e8c6 elementor-widget elementor-widget-image\" data-id=\"8f8e8c6\" data-element_type=\"widget\" data-widget_type=\"image.default\">\n\t\t\t\t<div class=\"elementor-widget-container\">\n\t\t\t\t\t\t\t\t\t\t\t\t\t\t\t<img fetchpriority=\"high\" decoding=\"async\" width=\"768\" height=\"1024\" src=\"https:\/\/immobilierami.com\/wp-content\/uploads\/2023\/09\/WhatsApp-Image-2023-09-05-at-20.09.03-768x1024.jpeg\" class=\"attachment-large size-large wp-image-1418\" alt=\"\" srcset=\"https:\/\/immobilierami.com\/wp-content\/uploads\/2023\/09\/WhatsApp-Image-2023-09-05-at-20.09.03-768x1024.jpeg 768w, https:\/\/immobilierami.com\/wp-content\/uploads\/2023\/09\/WhatsApp-Image-2023-09-05-at-20.09.03-225x300.jpeg 225w, https:\/\/immobilierami.com\/wp-content\/uploads\/2023\/09\/WhatsApp-Image-2023-09-05-at-20.09.03-1152x1536.jpeg 1152w, https:\/\/immobilierami.com\/wp-content\/uploads\/2023\/09\/WhatsApp-Image-2023-09-05-at-20.09.03.jpeg 1200w\" sizes=\"(max-width: 768px) 100vw, 768px\" \/>\t\t\t\t\t\t\t\t\t\t\t\t\t\t\t<\/div>\n\t\t\t\t<\/div>\n\t\t\t\t\t<\/div>\n\t\t<\/div>\n\t\t\t\t<div class=\"elementor-column elementor-col-33 elementor-top-column elementor-element elementor-element-864bc9f\" data-id=\"864bc9f\" data-element_type=\"column\">\n\t\t\t<div class=\"elementor-widget-wrap elementor-element-populated\">\n\t\t\t\t\t\t<div class=\"elementor-element elementor-element-030bf7b elementor-widget elementor-widget-image\" data-id=\"030bf7b\" data-element_type=\"widget\" data-widget_type=\"image.default\">\n\t\t\t\t<div class=\"elementor-widget-container\">\n\t\t\t\t\t\t\t\t\t\t\t\t\t\t\t<img decoding=\"async\" width=\"768\" height=\"1024\" src=\"https:\/\/immobilierami.com\/wp-content\/uploads\/2023\/09\/WhatsApp-Image-2023-09-05-at-20.09.04-768x1024.jpeg\" class=\"attachment-large size-large wp-image-1419\" alt=\"\" srcset=\"https:\/\/immobilierami.com\/wp-content\/uploads\/2023\/09\/WhatsApp-Image-2023-09-05-at-20.09.04-768x1024.jpeg 768w, https:\/\/immobilierami.com\/wp-content\/uploads\/2023\/09\/WhatsApp-Image-2023-09-05-at-20.09.04-225x300.jpeg 225w, https:\/\/immobilierami.com\/wp-content\/uploads\/2023\/09\/WhatsApp-Image-2023-09-05-at-20.09.04-1152x1536.jpeg 1152w, https:\/\/immobilierami.com\/wp-content\/uploads\/2023\/09\/WhatsApp-Image-2023-09-05-at-20.09.04.jpeg 1200w\" sizes=\"(max-width: 768px) 100vw, 768px\" \/>\t\t\t\t\t\t\t\t\t\t\t\t\t\t\t<\/div>\n\t\t\t\t<\/div>\n\t\t\t\t\t<\/div>\n\t\t<\/div>\n\t\t\t\t<div class=\"elementor-column elementor-col-33 elementor-top-column elementor-element elementor-element-38ab13d\" data-id=\"38ab13d\" data-element_type=\"column\">\n\t\t\t<div class=\"elementor-widget-wrap elementor-element-populated\">\n\t\t\t\t\t\t<div class=\"elementor-element elementor-element-d56762f elementor-widget elementor-widget-image\" data-id=\"d56762f\" data-element_type=\"widget\" data-widget_type=\"image.default\">\n\t\t\t\t<div class=\"elementor-widget-container\">\n\t\t\t\t\t\t\t\t\t\t\t\t\t\t\t<img decoding=\"async\" width=\"768\" height=\"1024\" src=\"https:\/\/immobilierami.com\/wp-content\/uploads\/2023\/09\/WhatsApp-Image-2023-09-05-at-20.09.02-768x1024.jpeg\" class=\"attachment-large size-large wp-image-1417\" alt=\"\" srcset=\"https:\/\/immobilierami.com\/wp-content\/uploads\/2023\/09\/WhatsApp-Image-2023-09-05-at-20.09.02-768x1024.jpeg 768w, https:\/\/immobilierami.com\/wp-content\/uploads\/2023\/09\/WhatsApp-Image-2023-09-05-at-20.09.02-225x300.jpeg 225w, https:\/\/immobilierami.com\/wp-content\/uploads\/2023\/09\/WhatsApp-Image-2023-09-05-at-20.09.02.jpeg 960w\" sizes=\"(max-width: 768px) 100vw, 768px\" \/>\t\t\t\t\t\t\t\t\t\t\t\t\t\t\t<\/div>\n\t\t\t\t<\/div>\n\t\t\t\t\t<\/div>\n\t\t<\/div>\n\t\t\t\t\t<\/div>\n\t\t<\/section>\n\t\t\t\t<section class=\"elementor-section elementor-top-section elementor-element elementor-element-0dde264 elementor-section-boxed elementor-section-height-default elementor-section-height-default\" data-id=\"0dde264\" data-element_type=\"section\">\n\t\t\t\t\t\t<div class=\"elementor-container elementor-column-gap-default\">\n\t\t\t\t\t<div class=\"elementor-column elementor-col-33 elementor-top-column elementor-element elementor-element-8f64e0f\" data-id=\"8f64e0f\" data-element_type=\"column\">\n\t\t\t<div class=\"elementor-widget-wrap elementor-element-populated\">\n\t\t\t\t\t\t<div class=\"elementor-element elementor-element-0996471 elementor-widget elementor-widget-image\" data-id=\"0996471\" data-element_type=\"widget\" data-widget_type=\"image.default\">\n\t\t\t\t<div class=\"elementor-widget-container\">\n\t\t\t\t\t\t\t\t\t\t\t\t\t\t\t<img loading=\"lazy\" decoding=\"async\" width=\"768\" height=\"1024\" src=\"https:\/\/immobilierami.com\/wp-content\/uploads\/2023\/09\/WhatsApp-Image-2023-09-05-at-20.09.06-1-768x1024.jpeg\" class=\"attachment-large size-large wp-image-1421\" alt=\"\" srcset=\"https:\/\/immobilierami.com\/wp-content\/uploads\/2023\/09\/WhatsApp-Image-2023-09-05-at-20.09.06-1-768x1024.jpeg 768w, https:\/\/immobilierami.com\/wp-content\/uploads\/2023\/09\/WhatsApp-Image-2023-09-05-at-20.09.06-1-225x300.jpeg 225w, https:\/\/immobilierami.com\/wp-content\/uploads\/2023\/09\/WhatsApp-Image-2023-09-05-at-20.09.06-1-1152x1536.jpeg 1152w, https:\/\/immobilierami.com\/wp-content\/uploads\/2023\/09\/WhatsApp-Image-2023-09-05-at-20.09.06-1.jpeg 1200w\" sizes=\"(max-width: 768px) 100vw, 768px\" \/>\t\t\t\t\t\t\t\t\t\t\t\t\t\t\t<\/div>\n\t\t\t\t<\/div>\n\t\t\t\t\t<\/div>\n\t\t<\/div>\n\t\t\t\t<div class=\"elementor-column elementor-col-33 elementor-top-column elementor-element elementor-element-10ca872\" data-id=\"10ca872\" data-element_type=\"column\">\n\t\t\t<div class=\"elementor-widget-wrap elementor-element-populated\">\n\t\t\t\t\t\t<div class=\"elementor-element elementor-element-985c5b0 elementor-widget elementor-widget-image\" data-id=\"985c5b0\" data-element_type=\"widget\" data-widget_type=\"image.default\">\n\t\t\t\t<div class=\"elementor-widget-container\">\n\t\t\t\t\t\t\t\t\t\t\t\t\t\t\t<img loading=\"lazy\" decoding=\"async\" width=\"768\" height=\"1024\" src=\"https:\/\/immobilierami.com\/wp-content\/uploads\/2023\/09\/WhatsApp-Image-2023-09-05-at-20.09.05-768x1024.jpeg\" class=\"attachment-large size-large wp-image-1420\" alt=\"\" srcset=\"https:\/\/immobilierami.com\/wp-content\/uploads\/2023\/09\/WhatsApp-Image-2023-09-05-at-20.09.05-768x1024.jpeg 768w, https:\/\/immobilierami.com\/wp-content\/uploads\/2023\/09\/WhatsApp-Image-2023-09-05-at-20.09.05-225x300.jpeg 225w, https:\/\/immobilierami.com\/wp-content\/uploads\/2023\/09\/WhatsApp-Image-2023-09-05-at-20.09.05-1152x1536.jpeg 1152w, https:\/\/immobilierami.com\/wp-content\/uploads\/2023\/09\/WhatsApp-Image-2023-09-05-at-20.09.05.jpeg 1200w\" sizes=\"(max-width: 768px) 100vw, 768px\" \/>\t\t\t\t\t\t\t\t\t\t\t\t\t\t\t<\/div>\n\t\t\t\t<\/div>\n\t\t\t\t\t<\/div>\n\t\t<\/div>\n\t\t\t\t<div class=\"elementor-column elementor-col-33 elementor-top-column elementor-element elementor-element-6f68b7c\" data-id=\"6f68b7c\" data-element_type=\"column\">\n\t\t\t<div class=\"elementor-widget-wrap elementor-element-populated\">\n\t\t\t\t\t\t<div class=\"elementor-element elementor-element-af376ab elementor-widget elementor-widget-image\" data-id=\"af376ab\" data-element_type=\"widget\" data-widget_type=\"image.default\">\n\t\t\t\t<div class=\"elementor-widget-container\">\n\t\t\t\t\t\t\t\t\t\t\t\t\t\t\t<img decoding=\"async\" width=\"768\" height=\"1024\" src=\"https:\/\/immobilierami.com\/wp-content\/uploads\/2023\/09\/WhatsApp-Image-2023-09-05-at-20.09.02-768x1024.jpeg\" class=\"attachment-large size-large wp-image-1417\" alt=\"\" srcset=\"https:\/\/immobilierami.com\/wp-content\/uploads\/2023\/09\/WhatsApp-Image-2023-09-05-at-20.09.02-768x1024.jpeg 768w, https:\/\/immobilierami.com\/wp-content\/uploads\/2023\/09\/WhatsApp-Image-2023-09-05-at-20.09.02-225x300.jpeg 225w, https:\/\/immobilierami.com\/wp-content\/uploads\/2023\/09\/WhatsApp-Image-2023-09-05-at-20.09.02.jpeg 960w\" sizes=\"(max-width: 768px) 100vw, 768px\" \/>\t\t\t\t\t\t\t\t\t\t\t\t\t\t\t<\/div>\n\t\t\t\t<\/div>\n\t\t\t\t\t<\/div>\n\t\t<\/div>\n\t\t\t\t\t<\/div>\n\t\t<\/section>\n\t\t\t\t<section class=\"elementor-section elementor-top-section elementor-element elementor-element-93ed1ca elementor-section-boxed elementor-section-height-default elementor-section-height-default\" data-id=\"93ed1ca\" data-element_type=\"section\">\n\t\t\t\t\t\t<div class=\"elementor-container elementor-column-gap-default\">\n\t\t\t\t\t<div class=\"elementor-column elementor-col-100 elementor-top-column elementor-element elementor-element-1c33804\" data-id=\"1c33804\" data-element_type=\"column\">\n\t\t\t<div class=\"elementor-widget-wrap elementor-element-populated\">\n\t\t\t\t\t\t<div class=\"elementor-element elementor-element-2953ec4 elementor-widget elementor-widget-spacer\" data-id=\"2953ec4\" data-element_type=\"widget\" data-widget_type=\"spacer.default\">\n\t\t\t\t<div class=\"elementor-widget-container\">\n\t\t\t\t\t\t\t<div class=\"elementor-spacer\">\n\t\t\t<div class=\"elementor-spacer-inner\"><\/div>\n\t\t<\/div>\n\t\t\t\t\t\t<\/div>\n\t\t\t\t<\/div>\n\t\t\t\t\t<\/div>\n\t\t<\/div>\n\t\t\t\t\t<\/div>\n\t\t<\/section>\n\t\t\t\t<section class=\"elementor-section elementor-top-section elementor-element elementor-element-2d388b2 elementor-section-boxed elementor-section-height-default elementor-section-height-default\" data-id=\"2d388b2\" data-element_type=\"section\">\n\t\t\t\t\t\t<div class=\"elementor-container elementor-column-gap-default\">\n\t\t\t\t\t<div class=\"elementor-column elementor-col-100 elementor-top-column elementor-element elementor-element-c506918\" data-id=\"c506918\" data-element_type=\"column\">\n\t\t\t<div class=\"elementor-widget-wrap elementor-element-populated\">\n\t\t\t\t\t\t<div class=\"elementor-element elementor-element-e5f1995 elementor-widget elementor-widget-heading\" data-id=\"e5f1995\" data-element_type=\"widget\" data-widget_type=\"heading.default\">\n\t\t\t\t<div class=\"elementor-widget-container\">\n\t\t\t\t\t<h3 class=\"elementor-heading-title elementor-size-default\">description <\/h3>\t\t\t\t<\/div>\n\t\t\t\t<\/div>\n\t\t\t\t<div class=\"elementor-element elementor-element-0df9a39 elementor-widget elementor-widget-text-editor\" data-id=\"0df9a39\" data-element_type=\"widget\" data-widget_type=\"text-editor.default\">\n\t\t\t\t<div class=\"elementor-widget-container\">\n\t\t\t\t\t\t\t\t\t<p>appartement neuf a vendre dans une r\u00e9sidence a cot\u00e9 de corniche sal\u00e9 ,pr\u00e8s de toutes commodit\u00e9s<\/p><p>5 mnt de gare- tramway-marina\u00a0<\/p><p>\u00a0<\/p>\t\t\t\t\t\t\t\t<\/div>\n\t\t\t\t<\/div>\n\t\t\t\t\t<\/div>\n\t\t<\/div>\n\t\t\t\t\t<\/div>\n\t\t<\/section>\n\t\t\t\t<\/div>\n\t\t","protected":false},"excerpt":{"rendered":"<p>description appartement neuf a vendre dans une r\u00e9sidence a cot\u00e9 de corniche sal\u00e9 ,pr\u00e8s de toutes commodit\u00e9s 5 mnt de [&hellip;]<\/p>\n","protected":false},"author":1,"featured_media":0,"parent":0,"menu_order":0,"comment_status":"closed","ping_status":"closed","template":"","meta":{"site-sidebar-layout":"no-sidebar","site-content-layout":"page-builder","ast-site-content-layout":"","site-content-style":"default","site-sidebar-style":"default","ast-global-header-display":"","ast-banner-title-visibility":"","ast-main-header-display":"","ast-hfb-above-header-display":"","ast-hfb-below-header-display":"","ast-hfb-mobile-header-display":"","site-post-title":"disabled","ast-breadcrumbs-content":"","ast-featured-img":"disabled","footer-sml-layout":"","theme-transparent-header-meta":"","adv-header-id-meta":"","stick-header-meta":"","header-above-stick-meta":"","header-main-stick-meta":"","header-below-stick-meta":"","astra-migrate-meta-layouts":"default","ast-page-background-enabled":"default","ast-page-background-meta":{"desktop":{"background-color":"","background-image":"","background-repeat":"repeat","background-position":"center center","background-size":"auto","background-attachment":"scroll","background-type":"","background-media":"","overlay-type":"","overlay-color":"","overlay-gradient":""},"tablet":{"background-color":"","background-image":"","background-repeat":"repeat","background-position":"center center","background-size":"auto","background-attachment":"scroll","background-type":"","background-media":"","overlay-type":"","overlay-color":"","overlay-gradient":""},"mobile":{"background-color":"","background-image":"","background-repeat":"repeat","background-position":"center center","background-size":"auto","background-attachment":"scroll","background-type":"","background-media":"","overlay-type":"","overlay-color":"","overlay-gradient":""}},"ast-content-background-meta":{"desktop":{"background-color":"var(--ast-global-color-5)","background-image":"","background-repeat":"repeat","background-position":"center center","background-size":"auto","background-attachment":"scroll","background-type":"","background-media":"","overlay-type":"","overlay-color":"","overlay-gradient":""},"tablet":{"background-color":"var(--ast-global-color-5)","background-image":"","background-repeat":"repeat","background-position":"center center","background-size":"auto","background-attachment":"scroll","background-type":"","background-media":"","overlay-type":"","overlay-color":"","overlay-gradient":""},"mobile":{"background-color":"var(--ast-global-color-5)","background-image":"","background-repeat":"repeat","background-position":"center center","background-size":"auto","background-attachment":"scroll","background-type":"","background-media":"","overlay-type":"","overlay-color":"","overlay-gradient":""}},"_joinchat":[],"footnotes":""},"class_list":["post-1415","page","type-page","status-publish","hentry"],"_links":{"self":[{"href":"https:\/\/immobilierami.com\/index.php\/wp-json\/wp\/v2\/pages\/1415","targetHints":{"allow":["GET"]}}],"collection":[{"href":"https:\/\/immobilierami.com\/index.php\/wp-json\/wp\/v2\/pages"}],"about":[{"href":"https:\/\/immobilierami.com\/index.php\/wp-json\/wp\/v2\/types\/page"}],"author":[{"embeddable":true,"href":"https:\/\/immobilierami.com\/index.php\/wp-json\/wp\/v2\/users\/1"}],"replies":[{"embeddable":true,"href":"https:\/\/immobilierami.com\/index.php\/wp-json\/wp\/v2\/comments?post=1415"}],"version-history":[{"count":11,"href":"https:\/\/immobilierami.com\/index.php\/wp-json\/wp\/v2\/pages\/1415\/revisions"}],"predecessor-version":[{"id":1442,"href":"https:\/\/immobilierami.com\/index.php\/wp-json\/wp\/v2\/pages\/1415\/revisions\/1442"}],"wp:attachment":[{"href":"https:\/\/immobilierami.com\/index.php\/wp-json\/wp\/v2\/media?parent=1415"}],"curies":[{"name":"wp","href":"https:\/\/api.w.org\/{rel}","templated":true}]}}